{"id":31304,"date":"2026-02-27T00:13:03","date_gmt":"2026-02-27T00:13:03","guid":{"rendered":"https:\/\/nordicmart.andreevmaster.com\/product\/songmics-pyorea-aurinkovarjoteline-15-3-m-aurinkovarjolle-musta\/"},"modified":"2026-02-27T09:35:54","modified_gmt":"2026-02-27T09:35:54","slug":"songmics-pyorea-aurinkovarjoteline-15-3-m-aurinkovarjolle-musta","status":"publish","type":"product","link":"https:\/\/nordicmart.andreevmaster.com\/fi\/tuote\/songmics-pyorea-aurinkovarjoteline-15-3-m-aurinkovarjolle-musta\/","title":{"rendered":"SONGMICS py\u00f6re\u00e4 aurinkovarjoteline 1,5\u20133 m aurinkovarjolle, musta"},"content":{"rendered":"<p>SONGMICS aurinkovarjoteline, teline, t\u00e4ytett\u00e4v\u00e4 hiekalla, aurinkovarjoteline, 1,5\u20133 m aurinkovarjolle, aurinkovarjoteline, 3 supistusrenkaalla, musta GUB0041B01<br \/>\nV\u00e4ri: musta<br \/>\nMateriaali: ter\u00e4s, 600D Oxford-kangas<br \/>\nKoko: 55 x 55 x 40 cm (P x L x K)<br \/>\nPaino: 2,3 kg<\/p>\n","protected":false},"excerpt":{"rendered":"<p>SONGMICS aurinkovarjoteline, teline, t\u00e4ytett\u00e4v\u00e4 hiekalla, aurinkovarjoteline, 1,5\u20133 m aurinkovarjolle, aurinkovarjoteline, 3 supistusrenkaalla, musta GUB0041B01<\/p>\n","protected":false},"featured_media":40473,"comment_status":"open","ping_status":"closed","template":"","meta":[],"product_brand":[],"product_cat":[32],"product_tag":[],"class_list":{"0":"post-31304","1":"product","2":"type-product","3":"status-publish","4":"has-post-thumbnail","6":"product_cat-uncategorized-fi","8":"first","9":"instock","10":"shipping-taxable","11":"purchasable","12":"product-type-simple"},"_links":{"self":[{"href":"https:\/\/nordicmart.andreevmaster.com\/fi\/wp-json\/wp\/v2\/product\/31304","targetHints":{"allow":["GET"]}}],"collection":[{"href":"https:\/\/nordicmart.andreevmaster.com\/fi\/wp-json\/wp\/v2\/product"}],"about":[{"href":"https:\/\/nordicmart.andreevmaster.com\/fi\/wp-json\/wp\/v2\/types\/product"}],"replies":[{"embeddable":true,"href":"https:\/\/nordicmart.andreevmaster.com\/fi\/wp-json\/wp\/v2\/comments?post=31304"}],"wp:featuredmedia":[{"embeddable":true,"href":"https:\/\/nordicmart.andreevmaster.com\/fi\/wp-json\/wp\/v2\/media\/40473"}],"wp:attachment":[{"href":"https:\/\/nordicmart.andreevmaster.com\/fi\/wp-json\/wp\/v2\/media?parent=31304"}],"wp:term":[{"taxonomy":"product_brand","embeddable":true,"href":"https:\/\/nordicmart.andreevmaster.com\/fi\/wp-json\/wp\/v2\/product_brand?post=31304"},{"taxonomy":"product_cat","embeddable":true,"href":"https:\/\/nordicmart.andreevmaster.com\/fi\/wp-json\/wp\/v2\/product_cat?post=31304"},{"taxonomy":"product_tag","embeddable":true,"href":"https:\/\/nordicmart.andreevmaster.com\/fi\/wp-json\/wp\/v2\/product_tag?post=31304"}],"curies":[{"name":"wp","href":"https:\/\/api.w.org\/{rel}","templated":true}]}}