{"id":31303,"date":"2026-02-27T00:13:02","date_gmt":"2026-02-27T00:13:02","guid":{"rendered":"https:\/\/nordicmart.andreevmaster.com\/product\/songmics-m8-lisavarusteet-aurinkosuojalle-puutarhaan\/"},"modified":"2026-02-27T09:35:54","modified_gmt":"2026-02-27T09:35:54","slug":"songmics-m8-lisavarusteet-aurinkosuojalle-puutarhaan","status":"publish","type":"product","link":"https:\/\/nordicmart.andreevmaster.com\/fi\/tuote\/songmics-m8-lisavarusteet-aurinkosuojalle-puutarhaan\/","title":{"rendered":"SONGMICS M8 lis\u00e4varusteet aurinkosuojalle puutarhaan"},"content":{"rendered":"<p>Tuotetiedot: &#8211; V\u00e4ri: hopea &#8211; Materiaali: 304 ruostumaton ter\u00e4s &#8211; Paino: 0,7 kg Toimitus sis\u00e4lt\u00e4\u00e4: &#8211; 2 x kiristysruuvi &#8211; 2 x karabiinikoukku &#8211; 4 x sein\u00e4kiinnike &#8211; 18 x ruuvi<\/p>\n","protected":false},"excerpt":{"rendered":"<p>SONGMICS M8 lis\u00e4varusteet aurinkoseilalle, kiinnityssarja, 304 ruostumaton ter\u00e4s, eritt\u00e4in kest\u00e4v\u00e4 asennustarvikkeet, suorakulmaisille, kolmionmuotoisille ja neli\u00f6nmuotoisille aurinkoseilaille, puutarha GSS844P*A<\/p>\n","protected":false},"featured_media":40472,"comment_status":"open","ping_status":"closed","template":"","meta":[],"product_brand":[],"product_cat":[32],"product_tag":[],"class_list":{"0":"post-31303","1":"product","2":"type-product","3":"status-publish","4":"has-post-thumbnail","6":"product_cat-uncategorized-fi","8":"first","9":"instock","10":"shipping-taxable","11":"purchasable","12":"product-type-simple"},"_links":{"self":[{"href":"https:\/\/nordicmart.andreevmaster.com\/fi\/wp-json\/wp\/v2\/product\/31303","targetHints":{"allow":["GET"]}}],"collection":[{"href":"https:\/\/nordicmart.andreevmaster.com\/fi\/wp-json\/wp\/v2\/product"}],"about":[{"href":"https:\/\/nordicmart.andreevmaster.com\/fi\/wp-json\/wp\/v2\/types\/product"}],"replies":[{"embeddable":true,"href":"https:\/\/nordicmart.andreevmaster.com\/fi\/wp-json\/wp\/v2\/comments?post=31303"}],"wp:featuredmedia":[{"embeddable":true,"href":"https:\/\/nordicmart.andreevmaster.com\/fi\/wp-json\/wp\/v2\/media\/40472"}],"wp:attachment":[{"href":"https:\/\/nordicmart.andreevmaster.com\/fi\/wp-json\/wp\/v2\/media?parent=31303"}],"wp:term":[{"taxonomy":"product_brand","embeddable":true,"href":"https:\/\/nordicmart.andreevmaster.com\/fi\/wp-json\/wp\/v2\/product_brand?post=31303"},{"taxonomy":"product_cat","embeddable":true,"href":"https:\/\/nordicmart.andreevmaster.com\/fi\/wp-json\/wp\/v2\/product_cat?post=31303"},{"taxonomy":"product_tag","embeddable":true,"href":"https:\/\/nordicmart.andreevmaster.com\/fi\/wp-json\/wp\/v2\/product_tag?post=31303"}],"curies":[{"name":"wp","href":"https:\/\/api.w.org\/{rel}","templated":true}]}}