{"id":31299,"date":"2026-02-27T00:13:02","date_gmt":"2026-02-27T00:13:02","guid":{"rendered":"https:\/\/nordicmart.andreevmaster.com\/product\/5-x-5-m-markiisi-valmistettu-hdpe-hiekka-keltaisesta-materiaalista\/"},"modified":"2026-02-27T09:35:53","modified_gmt":"2026-02-27T09:35:53","slug":"5-x-5-m-markiisi-valmistettu-hdpe-hiekka-keltaisesta-materiaalista","status":"publish","type":"product","link":"https:\/\/nordicmart.andreevmaster.com\/fi\/tuote\/5-x-5-m-markiisi-valmistettu-hdpe-hiekka-keltaisesta-materiaalista\/","title":{"rendered":"5 x 5 m markiisi, valmistettu HDPE-hiekka-keltaisesta materiaalista"},"content":{"rendered":"<p>T\u00e4ydellinen aurinkosuoja ja varjostin puutarhoihin, terasseille, parvekkeille ja verannoille K\u00e4yt\u00e4 sit\u00e4 puutarhassa h\u00e4iss\u00e4, juhlissa, grillijuhlissa tai leirint\u00e4alueella K\u00e4yt\u00e4 kankaan ominaisuuksia uima-altaallasi, nurmikollasi, puutarhassasi, terassillasi, autokatoksessa Voit k\u00e4ytt\u00e4\u00e4 aurinkosuojaamme my\u00f6s ostoskeskuksissa, p\u00e4iv\u00e4kodeissa, kokoontumistiloissa, rakennusty\u00f6mailla, vapaa-ajan puistoissa, urheilukentill\u00e4 tai leikkikentill\u00e4. Markiisin varjostusaste on 80\u201385 % ja se on kest\u00e4v\u00e4 ja vankka varjostin. Se suojaa UV-s\u00e4teilylt\u00e4 ja on ilmatiivis, joten kankaan alle ei kerry l\u00e4mp\u00f6\u00e4. L\u00e4mp\u00f6tila s\u00e4\u00e4tyy luonnollisesti ilman ja veden l\u00e4p\u00e4isev\u00e4n materiaalin ansiosta. Se est\u00e4\u00e4 vesitaskujen muodostumisen sateellakin. Markiisin kovera muoto tekee siit\u00e4 eritt\u00e4in vakaan ja rep\u00e4isylujan, koska j\u00e4nnitys jakautuu tasaisesti eik\u00e4 kangas voi roikkua. Saumat on vahvistettu erityisell\u00e4 korkealaatuisella nauhalla, joka tekee siit\u00e4 viel\u00e4 vakaamman reunoista. Tuotetiedot: Materiaali: HDPE (High Density Polyethylene) Materiaalin paino: 180 g\/m\u00b2 Mitat: 5 x 5 mBruttopaino: 4,45 kgToimitus sis\u00e4lt\u00e4\u00e4:1 x aurinkoparasiitti8 x kiinnitysnauhaJotta voit nauttia aurinkoparasiitistasi pitk\u00e4\u00e4n, ota huomioon seuraavat seikat:- Optimaalisen kiinnityksen saavuttamiseksi k\u00e4yt\u00e4 20\u00b0:n kallistusta, jotta syntyy liev\u00e4 kaltevuus. Poista aurinkovarjo voimakkaassa tuulessa, myrskyss\u00e4, ukkosmyrskyss\u00e4 ja talvella. &#8211; Puhdista kangas miedolla puhdistusaineella tai vedell\u00e4. \u00c4l\u00e4 laita kangasta pesukoneeseen \u00e4l\u00e4k\u00e4 harjaa sit\u00e4 kovalla harjalla. &#8211; Kun asetat sen paikoilleen, varmista, ett\u00e4 yl\u00e4- ja alaosat on kiinnitetty oikein.<\/p>\n","protected":false},"excerpt":{"rendered":"<p>T\u00e4ydellinen aurinkosuoja ja varjostin puutarhoihin, terasseille, parvekkeille ja verannoille K\u00e4yt\u00e4 sit\u00e4 puutarhassa h\u00e4iss\u00e4, juhlissa, grillijuhlissa tai leirint\u00e4alueella K\u00e4yt\u00e4 kankaan ominaisuuksia uima-altaallasi, nurmikollasi, puutarhassasi, terassillasi, autokatoksessa Voit k\u00e4ytt\u00e4\u00e4 aurinkosuojaamme my\u00f6s ostoskeskuksissa, p\u00e4iv\u00e4kodeissa, kokoontumistiloissa, rakennusty\u00f6mailla, vapaa-ajan puistoissa, urheilukentill\u00e4 tai leikkikentill\u00e4. Markiisin varjostusaste on 80\u201385 % ja se on kest\u00e4v\u00e4 ja vankka varjostin. Se suojaa UV-s\u00e4teilylt\u00e4 ja on [&hellip;]<\/p>\n","protected":false},"featured_media":0,"comment_status":"open","ping_status":"closed","template":"","meta":[],"product_brand":[],"product_cat":[32],"product_tag":[],"class_list":{"0":"post-31299","1":"product","2":"type-product","3":"status-publish","5":"product_cat-uncategorized-fi","7":"first","8":"instock","9":"shipping-taxable","10":"product-type-simple"},"_links":{"self":[{"href":"https:\/\/nordicmart.andreevmaster.com\/fi\/wp-json\/wp\/v2\/product\/31299","targetHints":{"allow":["GET"]}}],"collection":[{"href":"https:\/\/nordicmart.andreevmaster.com\/fi\/wp-json\/wp\/v2\/product"}],"about":[{"href":"https:\/\/nordicmart.andreevmaster.com\/fi\/wp-json\/wp\/v2\/types\/product"}],"replies":[{"embeddable":true,"href":"https:\/\/nordicmart.andreevmaster.com\/fi\/wp-json\/wp\/v2\/comments?post=31299"}],"wp:attachment":[{"href":"https:\/\/nordicmart.andreevmaster.com\/fi\/wp-json\/wp\/v2\/media?parent=31299"}],"wp:term":[{"taxonomy":"product_brand","embeddable":true,"href":"https:\/\/nordicmart.andreevmaster.com\/fi\/wp-json\/wp\/v2\/product_brand?post=31299"},{"taxonomy":"product_cat","embeddable":true,"href":"https:\/\/nordicmart.andreevmaster.com\/fi\/wp-json\/wp\/v2\/product_cat?post=31299"},{"taxonomy":"product_tag","embeddable":true,"href":"https:\/\/nordicmart.andreevmaster.com\/fi\/wp-json\/wp\/v2\/product_tag?post=31299"}],"curies":[{"name":"wp","href":"https:\/\/api.w.org\/{rel}","templated":true}]}}