{"id":31295,"date":"2026-02-27T00:13:01","date_gmt":"2026-02-27T00:13:01","guid":{"rendered":"https:\/\/nordicmart.andreevmaster.com\/product\/songmics-3-x-5-m-aurinkopurje-vaaleanharmaa\/"},"modified":"2026-02-27T09:35:53","modified_gmt":"2026-02-27T09:35:53","slug":"songmics-3-x-5-m-aurinkopurje-vaaleanharmaa","status":"publish","type":"product","link":"https:\/\/nordicmart.andreevmaster.com\/fi\/tuote\/songmics-3-x-5-m-aurinkopurje-vaaleanharmaa\/","title":{"rendered":"SONGMICS 3 x 5 m aurinkopurje vaaleanharmaa"},"content":{"rendered":"<p>Aurinkopurje asennetaan seuraavasti: Aseta aurinkopurje levitettyn\u00e4 paikkaan, jossa tarvitset aurinkosuojaa. Etsi sitten 4 kiinnityskohtaa, joihin haluat kiinnitt\u00e4\u00e4 k\u00f6ydet. K\u00f6ydet ovat 2 m pitki\u00e4, joten etsi puita, paaluja tai muita tukevia esineit\u00e4 t\u00e4ll\u00e4 s\u00e4teell\u00e4. Kiinnit\u00e4 sitten k\u00f6ydet kiinnityspisteisiin sek\u00e4 aurinkopurjeen tukeviin silmukoihin ja ruostumattomasta ter\u00e4ksest\u00e4 valmistettuihin renkaisiin, jotta purje voidaan kirist\u00e4\u00e4 tiukalle ja 25 asteen kulmaan. N\u00e4in sadevesi valuu pois t\u00e4ydellisesti. Mihin paikkoihin t\u00e4m\u00e4 aurinkosuoja sopii? Onko sinulla 4 kiinnityskohtaa ja riitt\u00e4v\u00e4sti tilaa 3 x 5 m:n kokoiselle purjeelle? Sitten t\u00e4m\u00e4 on t\u00e4ydellinen paikka uudelle aurinkosuojallesi, olipa se sitten leirint\u00e4alueella asuntovaunusi edess\u00e4, puutarhassasi tai uima-altaasi yll\u00e4. Tuotetiedot: V\u00e4ri: vaaleanharmaa Aurinkopurje: Tihe\u00e4 polyeteeni (180 g\/m\u00b2 HDPE) Laukku: PVC Koko: 3 x 5 m (P x L) Paino: 3,2 kg Toimitus sis\u00e4lt\u00e4\u00e4: 1 x aurinkopurje 4 x kiinnitysk\u00f6ysi SONGICSin ohjeet: Kallista kangasta 25 astetta, jotta sadevesi valuu pois sujuvasti.S\u00e4ilyt\u00e4 aurinkopurje suojaisessa paikassa myrskyn aikana tai talvella. Puhdista purje miedolla puhdistusaineella tai vedell\u00e4. \u00c4l\u00e4 miss\u00e4\u00e4n tapauksessa k\u00e4yt\u00e4 kovaa harjaa tai kemiallisia nesteit\u00e4. Varo ripustamasta purjetta v\u00e4\u00e4rin p\u00e4in.<\/p>\n","protected":false},"excerpt":{"rendered":"<p>SONGMICS 3 x 4 m aurinkopurje HDPE:st\u00e4, aurinkosuoja, UV-suoja, ilmava, puutarhaan, parvekkeelle, terassille, hengitt\u00e4v\u00e4, vett\u00e4 l\u00e4p\u00e4isev\u00e4, beige-valkoinen GSS34IVV1<\/p>\n","protected":false},"featured_media":40466,"comment_status":"open","ping_status":"closed","template":"","meta":[],"product_brand":[],"product_cat":[32],"product_tag":[],"class_list":{"0":"post-31295","1":"product","2":"type-product","3":"status-publish","4":"has-post-thumbnail","6":"product_cat-uncategorized-fi","8":"first","9":"instock","10":"shipping-taxable","11":"purchasable","12":"product-type-simple"},"_links":{"self":[{"href":"https:\/\/nordicmart.andreevmaster.com\/fi\/wp-json\/wp\/v2\/product\/31295","targetHints":{"allow":["GET"]}}],"collection":[{"href":"https:\/\/nordicmart.andreevmaster.com\/fi\/wp-json\/wp\/v2\/product"}],"about":[{"href":"https:\/\/nordicmart.andreevmaster.com\/fi\/wp-json\/wp\/v2\/types\/product"}],"replies":[{"embeddable":true,"href":"https:\/\/nordicmart.andreevmaster.com\/fi\/wp-json\/wp\/v2\/comments?post=31295"}],"wp:featuredmedia":[{"embeddable":true,"href":"https:\/\/nordicmart.andreevmaster.com\/fi\/wp-json\/wp\/v2\/media\/40466"}],"wp:attachment":[{"href":"https:\/\/nordicmart.andreevmaster.com\/fi\/wp-json\/wp\/v2\/media?parent=31295"}],"wp:term":[{"taxonomy":"product_brand","embeddable":true,"href":"https:\/\/nordicmart.andreevmaster.com\/fi\/wp-json\/wp\/v2\/product_brand?post=31295"},{"taxonomy":"product_cat","embeddable":true,"href":"https:\/\/nordicmart.andreevmaster.com\/fi\/wp-json\/wp\/v2\/product_cat?post=31295"},{"taxonomy":"product_tag","embeddable":true,"href":"https:\/\/nordicmart.andreevmaster.com\/fi\/wp-json\/wp\/v2\/product_tag?post=31295"}],"curies":[{"name":"wp","href":"https:\/\/api.w.org\/{rel}","templated":true}]}}