{"id":31291,"date":"2026-02-27T00:13:00","date_gmt":"2026-02-27T00:13:00","guid":{"rendered":"https:\/\/nordicmart.andreevmaster.com\/product\/3-x-5-m-hdpe-aurinkosuoja-markiisi-aurinkosuoja-uv-suoja-hengittava-puutarha-parveke-terassi-hengittava-vetta-lapaiseva-hiekka-keltainen\/"},"modified":"2026-02-27T09:35:52","modified_gmt":"2026-02-27T09:35:52","slug":"3-x-5-m-hdpe-aurinkosuoja-markiisi-aurinkosuoja-uv-suoja-hengittava-puutarha-parveke-terassi-hengittava-vetta-lapaiseva-hiekka-keltainen","status":"publish","type":"product","link":"https:\/\/nordicmart.andreevmaster.com\/fi\/tuote\/3-x-5-m-hdpe-aurinkosuoja-markiisi-aurinkosuoja-uv-suoja-hengittava-puutarha-parveke-terassi-hengittava-vetta-lapaiseva-hiekka-keltainen\/","title":{"rendered":"3 x 5 m HDPE-aurinkosuoja Markiisi Aurinkosuoja UV-suoja Hengitt\u00e4v\u00e4 Puutarha Parveke Terassi Hengitt\u00e4v\u00e4 Vett\u00e4 l\u00e4p\u00e4isev\u00e4 Hiekka Keltainen"},"content":{"rendered":"<p>Auringonsuojaus purjeella: Markiisimme suojaa 85 % auringolta ja antaa varjoa. UV-suojaa parvekkeella, terassilla ja puutarhassa, autokatoksessa, uima-altaalla ja auringonsuojana leikkiville lapsille.<\/p>\n<p>Ilmanl\u00e4p\u00e4isev\u00e4, vedenl\u00e4p\u00e4isev\u00e4: Materiaalin ansiosta vesi ja ilma p\u00e4\u00e4sev\u00e4t l\u00e4p\u00e4isem\u00e4\u00e4n kankaan. T\u00e4m\u00e4 tarkoittaa, ett\u00e4 kankaan alle ei kerry l\u00e4mp\u00f6\u00e4 eik\u00e4 sateella muodostu vesitaskuja. <\/p>\n<p>Enemm\u00e4n turvallisuutta korkealaatuisen valmistuksen ansiosta: Kaikissa saumoissa on ommeltu korkealaatuinen nauha, joka tekee aurinkopeitteest\u00e4 entist\u00e4 vakaamman. Kulmat on vahvistettu ja ommeltu useita kertoja ja varustettu 304 ruostumattomasta ter\u00e4ksest\u00e4 valmistetuilla D-renkailla. <\/p>\n<p>Rep\u00e4isyluja ja nopeasti kuivuva: HDPE-kangas (high density polyethylene) paino 180 g\/m\u00b2 on rep\u00e4isyluja ja s\u00e4\u00e4nkest\u00e4v\u00e4. Se kuivuu my\u00f6s nopeasti ja on homeen ja lahoamisen kest\u00e4v\u00e4. <\/p>\n<p>Vakaa, ei kangaspuita: Kovera (kaareva) leikkaus antaa aurinkopellille lis\u00e4\u00e4 vakautta ja pit\u00e4\u00e4 sen pysyv\u00e4sti j\u00e4nnittyneen\u00e4, jotta se ei roiku sis\u00e4\u00e4np\u00e4in.Auringonsuojan kiinnitt\u00e4minen: Levit\u00e4 auringonsuoja paikkaan, jossa tarvitset aurinkosuojaa. Etsi sitten 4 kiinte\u00e4\u00e4 pistett\u00e4, joihin kiinnit\u00e4t k\u00f6ydet. Ne ovat 2 metri\u00e4 pitki\u00e4, joten etsi puita, pylv\u00e4it\u00e4 tai muita vakaita esineit\u00e4 t\u00e4m\u00e4n s\u00e4teen sis\u00e4ll\u00e4 ja kiinnit\u00e4 sitten k\u00f6ydet kiinnityspisteisiin ja aurinkosuojan tukeviin silmukoihin ja renkaisiin ruostumattomasta ter\u00e4ksest\u00e4, jotta pressu voidaan kirist\u00e4\u00e4 tiukasti ja 25 asteen kulmaan. T\u00e4m\u00e4 tarkoittaa, ett\u00e4 sadevesi valuu pois t\u00e4ydellisesti. Mihin paikkoihin t\u00e4m\u00e4 aurinkosuoja sopii? Siin\u00e4 on 4 kiinnityspistett\u00e4 ja tilaa 3 x 5 m:n kokoiselle purjeelle. Sitten t\u00e4m\u00e4 on t\u00e4ydellinen paikka uudelle aurinkosuojallesi, olipa se sitten leirint\u00e4alueella asuntovaunusi edess\u00e4, puutarhassasi tai uima-altaasi yll\u00e4. Tuotetiedot: V\u00e4ri: Hiekankeltainen Materiaali: Aurinkosuoja: Tihe\u00e4 polyeteeni (180 g\/m\u00b2 HDPE)Laukku: PVC Koko: 3 x 5 m (P x L) Paino: 3,2 kg Toimitus sis\u00e4lt\u00e4\u00e4: 1 x aurinkopurje 4 x kiinnitysk\u00f6ysi SONGMICSin ohjeet: K\u00e4\u00e4nn\u00e4 kangasta 25 astetta, jotta sadevesi valuu tasaisesti pois.S\u00e4ilyt\u00e4 markiisi suojatussa paikassa myrskyn tai talven aikana ja puhdista markiisi miedolla puhdistusaineella tai vedell\u00e4. \u00c4l\u00e4 koskaan k\u00e4yt\u00e4 kovaa harjaa tai kemiallisia nesteit\u00e4 ja varmista, ett\u00e4 markiisi ei roiku yl\u00f6salaisin.<\/p>\n","protected":false},"excerpt":{"rendered":"<p>Auringonsuojaus purjeella: Markiisimme suojaa 85 % auringolta ja antaa varjoa. UV-suojaa parvekkeella, terassilla ja puutarhassa, autokatoksessa, uima-altaalla ja auringonsuojana leikkiville lapsille. Ilmanl\u00e4p\u00e4isev\u00e4, vedenl\u00e4p\u00e4isev\u00e4: Materiaalin ansiosta vesi ja ilma p\u00e4\u00e4sev\u00e4t l\u00e4p\u00e4isem\u00e4\u00e4n kankaan. T\u00e4m\u00e4 tarkoittaa, ett\u00e4 kankaan alle ei kerry l\u00e4mp\u00f6\u00e4 eik\u00e4 sateella muodostu vesitaskuja. Enemm\u00e4n turvallisuutta korkealaatuisen valmistuksen ansiosta: Kaikissa saumoissa on ommeltu korkealaatuinen nauha, joka [&hellip;]<\/p>\n","protected":false},"featured_media":0,"comment_status":"open","ping_status":"closed","template":"","meta":[],"product_brand":[],"product_cat":[32],"product_tag":[],"class_list":{"0":"post-31291","1":"product","2":"type-product","3":"status-publish","5":"product_cat-uncategorized-fi","7":"first","8":"instock","9":"shipping-taxable","10":"product-type-simple"},"_links":{"self":[{"href":"https:\/\/nordicmart.andreevmaster.com\/fi\/wp-json\/wp\/v2\/product\/31291","targetHints":{"allow":["GET"]}}],"collection":[{"href":"https:\/\/nordicmart.andreevmaster.com\/fi\/wp-json\/wp\/v2\/product"}],"about":[{"href":"https:\/\/nordicmart.andreevmaster.com\/fi\/wp-json\/wp\/v2\/types\/product"}],"replies":[{"embeddable":true,"href":"https:\/\/nordicmart.andreevmaster.com\/fi\/wp-json\/wp\/v2\/comments?post=31291"}],"wp:attachment":[{"href":"https:\/\/nordicmart.andreevmaster.com\/fi\/wp-json\/wp\/v2\/media?parent=31291"}],"wp:term":[{"taxonomy":"product_brand","embeddable":true,"href":"https:\/\/nordicmart.andreevmaster.com\/fi\/wp-json\/wp\/v2\/product_brand?post=31291"},{"taxonomy":"product_cat","embeddable":true,"href":"https:\/\/nordicmart.andreevmaster.com\/fi\/wp-json\/wp\/v2\/product_cat?post=31291"},{"taxonomy":"product_tag","embeddable":true,"href":"https:\/\/nordicmart.andreevmaster.com\/fi\/wp-json\/wp\/v2\/product_tag?post=31291"}],"curies":[{"name":"wp","href":"https:\/\/api.w.org\/{rel}","templated":true}]}}