{"id":31290,"date":"2026-02-27T00:13:00","date_gmt":"2026-02-27T00:13:00","guid":{"rendered":"https:\/\/nordicmart.andreevmaster.com\/product\/songmics-3-x-4-m-aurinkopurje-vaaleanharmaa\/"},"modified":"2026-02-27T09:35:52","modified_gmt":"2026-02-27T09:35:52","slug":"songmics-3-x-4-m-aurinkopurje-vaaleanharmaa","status":"publish","type":"product","link":"https:\/\/nordicmart.andreevmaster.com\/fi\/tuote\/songmics-3-x-4-m-aurinkopurje-vaaleanharmaa\/","title":{"rendered":"SONGMICS 3 x 4 m aurinkopurje vaaleanharmaa"},"content":{"rendered":"<p>SONGMICS aurinkopurje \u2013 aika harkitulle aurinkosuojalle. Kaikkialla. Kun rentoudut kauniina kes\u00e4p\u00e4iv\u00e4n\u00e4 puutarhatuolissasi ja katsot uutta aurinkopurjetta juuri ennen kuin suljet silm\u00e4si, unelmoit varmasti j\u00e4nnitt\u00e4v\u00e4st\u00e4 purjehduksesta eksoottisiin maihin. \u00c4l\u00e4 huoli, jos pieni p\u00e4iv\u00e4unesi ulkona kest\u00e4\u00e4 hieman kauemmin. Suuri aurinkosuoja p\u00e4\u00e4ll\u00e4si suojaa erinomaisesti UV-s\u00e4teilylt\u00e4. On selv\u00e4\u00e4, ett\u00e4 t\u00e4m\u00e4 purje sopii t\u00e4ydellisesti puutarhaan, terassille tai parvekkeelle. K\u00e4yt\u00e4 sit\u00e4 esimerkiksi my\u00f6s suojaamaan lastesi yksityist\u00e4 leikkikentt\u00e4\u00e4 tai uima-allasta auringolta, sill\u00e4 lasten iho on erityisen herkk\u00e4 UV-s\u00e4teille. Aurinkopurje on my\u00f6s uskollinen kumppani leirint\u00e4alueella. Kiinnit\u00e4 se esimerkiksi asuntovaunun oviaukon eteen ja muuta se er\u00e4\u00e4nlaiseksi eteisteltaksi. Mutta aurinkopurje sopii t\u00e4ydellisesti my\u00f6s suojaamaan perhett\u00e4si ja yst\u00e4vi\u00e4si, jotka istuvat n\u00e4lk\u00e4isin\u00e4 grillin \u00e4\u00e4ress\u00e4, liialta auringonvalolta. Harkitse aurinkopurjetta my\u00f6s, jos haluat varustaa liiketilasi, kuten kahvilan tai ravintolan ulkotilan, riitt\u00e4v\u00e4ll\u00e4 aurinkosuojalla. N\u00e4in asiakkaasi voivat nauttia erikoisuuksistasi varjossa. Aurinkopurje on siis joustavasti k\u00e4ytett\u00e4viss\u00e4 monissa eri paikoissa. Mihin aiot ripustaa sen? Aurinkopurje asennetaan seuraavasti: Aseta aurinkopurje levitettyn\u00e4 paikkaan, jossa tarvitset aurinkosuojaa. Etsi sitten 4 kiinnityskohtaa, joihin haluat kiinnitt\u00e4\u00e4 k\u00f6ydet. K\u00f6ydet ovat 2 m pitki\u00e4, joten etsi puita, pylv\u00e4it\u00e4 tai muita tukevia esineit\u00e4 t\u00e4ll\u00e4 s\u00e4teell\u00e4. Kiinnit\u00e4 sitten k\u00f6ydet kiinnityskohtiin sek\u00e4 aurinkopurjeen tukeviin silmukoihin ja ruostumattomasta ter\u00e4ksest\u00e4 valmistettuihin renkaisiin, jotta purje voidaan kirist\u00e4\u00e4 tiukalle ja 20 asteen kulmaan. N\u00e4in sadevesi valuu pois t\u00e4ydellisesti. Mihin paikkoihin t\u00e4m\u00e4 aurinkosuoja sopii? Onko sinulla 4 kiinnityspistett\u00e4 ja riitt\u00e4v\u00e4sti tilaa 3 x 4 m:n kokoiselle purjeelle? Sitten t\u00e4m\u00e4 on t\u00e4ydellinen paikka uudelle aurinkosuojallesi, olipa se sitten leirint\u00e4alueella asuntovaunusi edess\u00e4, puutarhassasi tai uima-altaasi yll\u00e4. Tuotetiedot:V\u00e4ri: vaaleanharmaa Materiaali: tihe\u00e4 polyeteeni (HDPE\/180 g) Koko: 3 x 4 m Nettopaino: 2,3 kg Toimitus sis\u00e4lt\u00e4\u00e4: 1 x aurinkosuoja PVC-laukulla 4 x kiinnitysk\u00f6ysi SONGMICS-ohjeet: Kallista kangasta 20 astetta, jotta sadevesi valuu pois sujuvasti.S\u00e4ilyt\u00e4 aurinkopurje suojaisessa paikassa myrskyn aikana tai talvella. Puhdista purje miedolla puhdistusaineella tai vedell\u00e4. \u00c4l\u00e4 miss\u00e4\u00e4n tapauksessa k\u00e4yt\u00e4 kovaa harjaa tai kemiallisia nesteit\u00e4. Varo ripustamasta purjetta v\u00e4\u00e4rin p\u00e4in.<\/p>\n","protected":false},"excerpt":{"rendered":"<p>SONGMICS 3 x 4 m aurinkopurje HDPE:st\u00e4, aurinkosuoja, UV-suoja, ilmava, puutarhaan, parvekkeelle, terassille, hengitt\u00e4v\u00e4, vett\u00e4 l\u00e4p\u00e4isev\u00e4, beige-valkoinen GSS34IVV1<\/p>\n","protected":false},"featured_media":40462,"comment_status":"open","ping_status":"closed","template":"","meta":[],"product_brand":[],"product_cat":[32],"product_tag":[],"class_list":{"0":"post-31290","1":"product","2":"type-product","3":"status-publish","4":"has-post-thumbnail","6":"product_cat-uncategorized-fi","8":"first","9":"instock","10":"shipping-taxable","11":"purchasable","12":"product-type-simple"},"_links":{"self":[{"href":"https:\/\/nordicmart.andreevmaster.com\/fi\/wp-json\/wp\/v2\/product\/31290","targetHints":{"allow":["GET"]}}],"collection":[{"href":"https:\/\/nordicmart.andreevmaster.com\/fi\/wp-json\/wp\/v2\/product"}],"about":[{"href":"https:\/\/nordicmart.andreevmaster.com\/fi\/wp-json\/wp\/v2\/types\/product"}],"replies":[{"embeddable":true,"href":"https:\/\/nordicmart.andreevmaster.com\/fi\/wp-json\/wp\/v2\/comments?post=31290"}],"wp:featuredmedia":[{"embeddable":true,"href":"https:\/\/nordicmart.andreevmaster.com\/fi\/wp-json\/wp\/v2\/media\/40462"}],"wp:attachment":[{"href":"https:\/\/nordicmart.andreevmaster.com\/fi\/wp-json\/wp\/v2\/media?parent=31290"}],"wp:term":[{"taxonomy":"product_brand","embeddable":true,"href":"https:\/\/nordicmart.andreevmaster.com\/fi\/wp-json\/wp\/v2\/product_brand?post=31290"},{"taxonomy":"product_cat","embeddable":true,"href":"https:\/\/nordicmart.andreevmaster.com\/fi\/wp-json\/wp\/v2\/product_cat?post=31290"},{"taxonomy":"product_tag","embeddable":true,"href":"https:\/\/nordicmart.andreevmaster.com\/fi\/wp-json\/wp\/v2\/product_tag?post=31290"}],"curies":[{"name":"wp","href":"https:\/\/api.w.org\/{rel}","templated":true}]}}