{"id":31286,"date":"2026-02-27T00:12:59","date_gmt":"2026-02-27T00:12:59","guid":{"rendered":"https:\/\/nordicmart.andreevmaster.com\/product\/songmics-3-x-4-m-aurinkopurje-hdpe-muovista-hiekankeltainen\/"},"modified":"2026-02-27T09:35:51","modified_gmt":"2026-02-27T09:35:51","slug":"songmics-3-x-4-m-aurinkopurje-hdpe-muovista-hiekankeltainen","status":"publish","type":"product","link":"https:\/\/nordicmart.andreevmaster.com\/fi\/tuote\/songmics-3-x-4-m-aurinkopurje-hdpe-muovista-hiekankeltainen\/","title":{"rendered":"SONGMICS 3 x 4 m aurinkopurje HDPE-muovista, hiekankeltainen"},"content":{"rendered":"<p>Ihanteellinen auringonsuojaksi ja varjoksi puutarhaan, terassille ja parvekkeelle. K\u00e4yt\u00e4 puutarhassa h\u00e4iss\u00e4, juhlissa, grillijuhlissa tai maaseudulla. K\u00e4yt\u00e4 purjetta uima-altaallasi, nurmikollasi, puutarhassasi, terassillasi, patiollasi ja autotallissasi. Voit k\u00e4ytt\u00e4\u00e4 aurinkosuojaamme my\u00f6s kauppakeskuksessa, p\u00e4iv\u00e4kodissa, yhteis\u00f6keskuksessa, rakennusty\u00f6maalla, virkistyspuistossa, urheilukent\u00e4ll\u00e4 tai leikkikent\u00e4ll\u00e4. Varjostuskerroin on 80\u201385 %, ja se tarjoaa kest\u00e4v\u00e4n ja vankan varjostuksen. Se on UV-s\u00e4teilyn kest\u00e4v\u00e4 ja l\u00e4p\u00e4isev\u00e4, joten l\u00e4mm\u00f6n kertyminen kankaan alle ei ole mahdollista. Hengitt\u00e4v\u00e4 ja l\u00e4p\u00e4isev\u00e4 materiaali s\u00e4\u00e4telee l\u00e4mp\u00f6tilaa luonnollisesti. N\u00e4in ollen vesis\u00e4kkej\u00e4 ei voi muodostua edes sateella.  Varjopurjeemme kovera muoto tekee siit\u00e4 eritt\u00e4in vakaan ja rep\u00e4isylujan, koska j\u00e4nnitys jakautuu tasaisesti eik\u00e4 kangas voi repeyty\u00e4. Saumat on vahvistettu erityisell\u00e4 korkealaatuisella nauhalla, mik\u00e4 tekee niist\u00e4 vakaampia reunoilta.Tekniset tiedot: &#8211; Materiaali: HDPE &#8211; Materiaalin paino: 180 g\/m\u00b2 &#8211; Tuotteen mitat: 3 x 4 m &#8211; Paino pakkauksineen: 2,425 kg Pakkauksen sis\u00e4lt\u00f6: &#8211; 1 x varjopurje &#8211; 4 x kiinnitysk\u00f6ysi Jotta voit nauttia varjopurjeestasi pitk\u00e4\u00e4n, ota huomioon seuraavat seikat:- Optimaalinen kiinnitys saavutetaan 20\u00b0:n kallistuksella, jotta se on hieman kalteva.- Poista varjopurje voimakkaassa tuulessa, myrskyss\u00e4 ja talvella.- Puhdista purje miedolla pesuaineella tai vedell\u00e4. \u00c4l\u00e4 harjaa sit\u00e4 kovalla harjalla.- Asennuksen yhteydess\u00e4 varmista, ett\u00e4 etu- ja takapuoli on oikein p\u00e4in.<\/p>\n","protected":false},"excerpt":{"rendered":"<p>SONGMICS 3 x 4 m aurinkopurje HDPE:st\u00e4, aurinkosuoja, UV-suoja, ilmava, puutarhaan, parvekkeelle, terassille, hengitt\u00e4v\u00e4, vett\u00e4 l\u00e4p\u00e4isev\u00e4, beige-valkoinen GSS34IVV1<\/p>\n","protected":false},"featured_media":40459,"comment_status":"open","ping_status":"closed","template":"","meta":[],"product_brand":[],"product_cat":[32],"product_tag":[],"class_list":{"0":"post-31286","1":"product","2":"type-product","3":"status-publish","4":"has-post-thumbnail","6":"product_cat-uncategorized-fi","8":"first","9":"instock","10":"shipping-taxable","11":"purchasable","12":"product-type-simple"},"_links":{"self":[{"href":"https:\/\/nordicmart.andreevmaster.com\/fi\/wp-json\/wp\/v2\/product\/31286","targetHints":{"allow":["GET"]}}],"collection":[{"href":"https:\/\/nordicmart.andreevmaster.com\/fi\/wp-json\/wp\/v2\/product"}],"about":[{"href":"https:\/\/nordicmart.andreevmaster.com\/fi\/wp-json\/wp\/v2\/types\/product"}],"replies":[{"embeddable":true,"href":"https:\/\/nordicmart.andreevmaster.com\/fi\/wp-json\/wp\/v2\/comments?post=31286"}],"wp:featuredmedia":[{"embeddable":true,"href":"https:\/\/nordicmart.andreevmaster.com\/fi\/wp-json\/wp\/v2\/media\/40459"}],"wp:attachment":[{"href":"https:\/\/nordicmart.andreevmaster.com\/fi\/wp-json\/wp\/v2\/media?parent=31286"}],"wp:term":[{"taxonomy":"product_brand","embeddable":true,"href":"https:\/\/nordicmart.andreevmaster.com\/fi\/wp-json\/wp\/v2\/product_brand?post=31286"},{"taxonomy":"product_cat","embeddable":true,"href":"https:\/\/nordicmart.andreevmaster.com\/fi\/wp-json\/wp\/v2\/product_cat?post=31286"},{"taxonomy":"product_tag","embeddable":true,"href":"https:\/\/nordicmart.andreevmaster.com\/fi\/wp-json\/wp\/v2\/product_tag?post=31286"}],"curies":[{"name":"wp","href":"https:\/\/api.w.org\/{rel}","templated":true}]}}