{"id":31285,"date":"2026-02-27T00:12:58","date_gmt":"2026-02-27T00:12:58","guid":{"rendered":"https:\/\/nordicmart.andreevmaster.com\/product\/3-x-4-m-hdpe-aurinkopurje-markiisi-aurinkosuoja-uv-hengittava-puutarha-parveke-terassi-hengittava-vetta-lapaiseva-hiekka-keltainen\/"},"modified":"2026-02-27T09:35:51","modified_gmt":"2026-02-27T09:35:51","slug":"3-x-4-m-hdpe-aurinkopurje-markiisi-aurinkosuoja-uv-hengittava-puutarha-parveke-terassi-hengittava-vetta-lapaiseva-hiekka-keltainen","status":"publish","type":"product","link":"https:\/\/nordicmart.andreevmaster.com\/fi\/tuote\/3-x-4-m-hdpe-aurinkopurje-markiisi-aurinkosuoja-uv-hengittava-puutarha-parveke-terassi-hengittava-vetta-lapaiseva-hiekka-keltainen\/","title":{"rendered":"3 x 4 m HDPE-aurinkopurje Markiisi Aurinkosuoja UV Hengitt\u00e4v\u00e4 Puutarha Parveke Terassi Hengitt\u00e4v\u00e4 Vett\u00e4 l\u00e4p\u00e4isev\u00e4 Hiekka Keltainen"},"content":{"rendered":"<p>Auringonsuojaus purjeella: Markiisimme suojaa 85 % auringolta ja antaa varjoa. UV-suojaa parvekkeella, terassilla ja puutarhassa, autokatoksessa, uima-altaalla ja auringonsuojana leikkiville lapsille.<\/p>\n<p>Ilmanl\u00e4p\u00e4isev\u00e4, vedenl\u00e4p\u00e4isev\u00e4: Materiaalin ansiosta vesi ja ilma p\u00e4\u00e4sev\u00e4t l\u00e4p\u00e4isem\u00e4\u00e4n kankaan. T\u00e4m\u00e4 tarkoittaa, ett\u00e4 kankaan alle ei kerry l\u00e4mp\u00f6\u00e4 eik\u00e4 sateella muodostu vesitaskuja. <\/p>\n<p>Enemm\u00e4n turvallisuutta korkealaatuisen valmistuksen ansiosta: Kaikissa saumoissa on ommeltu korkealaatuinen nauha, joka tekee aurinkopeitteest\u00e4 entist\u00e4 vakaamman. Kulmat on vahvistettu ja ommeltu useita kertoja ja niiss\u00e4 on 304 ruostumattomasta ter\u00e4ksest\u00e4 valmistetut D-renkaat. <\/p>\n<p>Rep\u00e4isyluja ja nopeasti kuivuva: HDPE-kangas (high density polyethylene) paino 180 g\/m\u00b2 on rep\u00e4isyluja ja s\u00e4\u00e4nkest\u00e4v\u00e4. Se kuivuu my\u00f6s nopeasti ja on home- ja lahoamiskest\u00e4v\u00e4. <\/p>\n<p>Vakaa, ei kangaspuita: Kovera (kaareva) leikkaus antaa aurinkopellille lis\u00e4\u00e4 vakautta ja pit\u00e4\u00e4 sen pysyv\u00e4sti j\u00e4nnittyneen\u00e4, jotta se ei roiku sis\u00e4\u00e4np\u00e4in. <\/p>\n<p>Ihanteellinen aurinkosuoja ja varjo puutarhaan, terassille ja parvekkeelle. K\u00e4yt\u00e4 sit\u00e4 puutarhassa h\u00e4iss\u00e4, juhlissa, grillijuhlissa tai maaseudulla. K\u00e4yt\u00e4 purjeen ominaisuuksia uima-altaallasi, nurmikollasi, puutarhassasi, terassillasi, patiollasi ja autotallissasi. Voit k\u00e4ytt\u00e4\u00e4 varjopurjetta my\u00f6s kauppakeskuksissa, p\u00e4iv\u00e4kodeissa, yhteis\u00f6tiloissa, rakennusty\u00f6mailla, vapaa-ajan puistoissa, urheilukeskuksissa tai piha-alueilla. Valo on 80\u201385 % ja antaa kest\u00e4v\u00e4n ja vankan valon. Se kest\u00e4\u00e4 UV-s\u00e4teily\u00e4 ja on l\u00e4p\u00e4isev\u00e4, joten sen alle ei kerry l\u00e4mp\u00f6\u00e4. Materiaali on l\u00e4p\u00e4isev\u00e4\u00e4 ja hengitt\u00e4v\u00e4\u00e4, joten l\u00e4mp\u00f6tila s\u00e4\u00e4tyy luonnollisesti. T\u00e4ll\u00e4 tavoin vesipallot eiv\u00e4t voi tulla liian suuriksi, kun ne tyhjennet\u00e4\u00e4n.  Koveran varjopurjeen muoto varmistaa, ett\u00e4 se on eritt\u00e4in vakaa ja kulutusta kest\u00e4v\u00e4, joten j\u00e4nnitys jakautuu tasaisesti eik\u00e4 vesivuotoja voi synty\u00e4. Saumat on vahvistettu erityisell\u00e4 korkealaatuisella nauhalla, mik\u00e4 tekee niist\u00e4 vakaampia reunoilta.Tekniset tiedot: &#8211; Materiaali: HDPE &#8211; Materiaalin paino: 180 g\/m\u00b2 &#8211; Tuotteen mitat: 3 x 4 m &#8211; Paino pakkauksineen: 2,425 kg Pakkauksen sis\u00e4lt\u00f6: &#8211; 1 x varjopurje &#8211; 4 x kiinnitysk\u00f6ysi Jotta voit nauttia varjopurjeestasi pitk\u00e4\u00e4n, ota huomioon seuraavat seikat:- Optimaalinen kiinnitys saavutetaan 20\u00b0:n kallistuksella, jotta se on hieman kalteva.- Poista varjopurje voimakkaassa tuulessa, myrskyss\u00e4 ja talvella.- Puhdista purje miedolla pesuaineella tai vedell\u00e4. \u00c4l\u00e4 harjaa sit\u00e4 kovalla harjalla.- Asennuksen yhteydess\u00e4 varmista, ett\u00e4 etu- ja takapuoli on oikein p\u00e4in.<\/p>\n","protected":false},"excerpt":{"rendered":"<p>Auringonsuojaus purjeella: Markiisimme suojaa 85 % auringolta ja antaa varjoa. UV-suojaa parvekkeella, terassilla ja puutarhassa, autokatoksessa, uima-altaalla ja auringonsuojana leikkiville lapsille. Ilmanl\u00e4p\u00e4isev\u00e4, vedenl\u00e4p\u00e4isev\u00e4: Materiaalin ansiosta vesi ja ilma p\u00e4\u00e4sev\u00e4t l\u00e4p\u00e4isem\u00e4\u00e4n kankaan. T\u00e4m\u00e4 tarkoittaa, ett\u00e4 kankaan alle ei kerry l\u00e4mp\u00f6\u00e4 eik\u00e4 sateella muodostu vesitaskuja. Enemm\u00e4n turvallisuutta korkealaatuisen valmistuksen ansiosta: Kaikissa saumoissa on ommeltu korkealaatuinen nauha, joka [&hellip;]<\/p>\n","protected":false},"featured_media":0,"comment_status":"open","ping_status":"closed","template":"","meta":[],"product_brand":[],"product_cat":[32],"product_tag":[],"class_list":{"0":"post-31285","1":"product","2":"type-product","3":"status-publish","5":"product_cat-uncategorized-fi","7":"first","8":"instock","9":"shipping-taxable","10":"product-type-simple"},"_links":{"self":[{"href":"https:\/\/nordicmart.andreevmaster.com\/fi\/wp-json\/wp\/v2\/product\/31285","targetHints":{"allow":["GET"]}}],"collection":[{"href":"https:\/\/nordicmart.andreevmaster.com\/fi\/wp-json\/wp\/v2\/product"}],"about":[{"href":"https:\/\/nordicmart.andreevmaster.com\/fi\/wp-json\/wp\/v2\/types\/product"}],"replies":[{"embeddable":true,"href":"https:\/\/nordicmart.andreevmaster.com\/fi\/wp-json\/wp\/v2\/comments?post=31285"}],"wp:attachment":[{"href":"https:\/\/nordicmart.andreevmaster.com\/fi\/wp-json\/wp\/v2\/media?parent=31285"}],"wp:term":[{"taxonomy":"product_brand","embeddable":true,"href":"https:\/\/nordicmart.andreevmaster.com\/fi\/wp-json\/wp\/v2\/product_brand?post=31285"},{"taxonomy":"product_cat","embeddable":true,"href":"https:\/\/nordicmart.andreevmaster.com\/fi\/wp-json\/wp\/v2\/product_cat?post=31285"},{"taxonomy":"product_tag","embeddable":true,"href":"https:\/\/nordicmart.andreevmaster.com\/fi\/wp-json\/wp\/v2\/product_tag?post=31285"}],"curies":[{"name":"wp","href":"https:\/\/api.w.org\/{rel}","templated":true}]}}