{"id":31283,"date":"2026-02-27T00:12:58","date_gmt":"2026-02-27T00:12:58","guid":{"rendered":"https:\/\/nordicmart.andreevmaster.com\/product\/songmics-aurinkopurje-3-x-3-m\/"},"modified":"2026-02-27T09:35:51","modified_gmt":"2026-02-27T09:35:51","slug":"songmics-aurinkopurje-3-x-3-m","status":"publish","type":"product","link":"https:\/\/nordicmart.andreevmaster.com\/fi\/tuote\/songmics-aurinkopurje-3-x-3-m\/","title":{"rendered":"SONGMICS aurinkopurje 3 x 3 m"},"content":{"rendered":"<p>T\u00e4ydellinen aurinkosuoja ja varjostin puutarhaan, terassille, parvekkeelle ja verannalle Aurinkopurjeemme on kevyt, vett\u00e4 l\u00e4p\u00e4isev\u00e4 ja ilmatiivis. Se on kuitenkin eritt\u00e4in vakaa, rep\u00e4isyluja ja kest\u00e4v\u00e4. Saat joustavan n\u00e4k\u00f6suojan ja varjostimen aurinkoseilallamme. K\u00e4yt\u00e4 sit\u00e4 puutarhassa h\u00e4iss\u00e4, juhlissa, grillijuhlissa tai retkeilless\u00e4. Hy\u00f6dynn\u00e4 kankaan ominaisuuksia uima-altaallasi, nurmikollasi, puutarhassasi, terassillasi tai autokatoksellasi. Voit k\u00e4ytt\u00e4\u00e4 aurinkosuojaamme my\u00f6s ostoskeskuksissa, p\u00e4iv\u00e4kodeissa, yhteis\u00f6keskuksissa, rakennusty\u00f6mailla, huvipuistoissa, urheilukentill\u00e4 tai leikkikentill\u00e4. Aurinkopurjeen varjostuskerroin on 80\u201385 %, ja se on kest\u00e4v\u00e4 ja vankka varjostin. Se tarjoaa UV-suojan ja on ilmatiivis, joten kankaan alle ei kerry l\u00e4mp\u00f6\u00e4. Ilmatiivis ja vett\u00e4 l\u00e4p\u00e4isev\u00e4 materiaali s\u00e4\u00e4telee l\u00e4mp\u00f6tilaa luonnollisesti. Sateellakin kankaaseen ei muodostu vesitaskuja. Tuotetiedot: Materiaali: HDPE (tihe\u00e4 polyeteeni) Materiaalin paino: 180 g\/m\u00b2 Toimitus sis\u00e4lt\u00e4\u00e4: 1 x aurinkopurje 4 x kiinnitysk\u00f6ysi SONGICS&nbsp;Huomautukset: &#8211; Optimaalinen kiinnitys tapahtuu 20\u00b0:n kallistuksella, jotta saadaan aikaan liev\u00e4 kaltevuus.- Poista aurinkosuoja voimakkaassa tuulessa, myrskyss\u00e4, ukkosmyrskyss\u00e4 sek\u00e4 talvella. &#8211; Puhdista kangas miedolla pesuaineella tai vedell\u00e4. \u00c4l\u00e4 laita kangasta pesukoneeseen \u00e4l\u00e4k\u00e4 harjaa sit\u00e4 kovalla harjalla. &#8211; Asennuksen yhteydess\u00e4 varmista, ett\u00e4 yl\u00e4- ja alaosa on kiinnitetty oikein.<\/p>\n","protected":false},"excerpt":{"rendered":"<p>SONGMICS 3 x 3 m aurinkopurje HDPE:st\u00e4, aurinkosuoja, UV-suoja, ilmava, puutarhaan, parvekkeelle, terassille, hengitt\u00e4v\u00e4, vett\u00e4 l\u00e4p\u00e4isev\u00e4, hiekankeltainen GSS33EYV1<\/p>\n","protected":false},"featured_media":40457,"comment_status":"open","ping_status":"closed","template":"","meta":[],"product_brand":[],"product_cat":[32],"product_tag":[],"class_list":{"0":"post-31283","1":"product","2":"type-product","3":"status-publish","4":"has-post-thumbnail","6":"product_cat-uncategorized-fi","8":"first","9":"instock","10":"shipping-taxable","11":"purchasable","12":"product-type-simple"},"_links":{"self":[{"href":"https:\/\/nordicmart.andreevmaster.com\/fi\/wp-json\/wp\/v2\/product\/31283","targetHints":{"allow":["GET"]}}],"collection":[{"href":"https:\/\/nordicmart.andreevmaster.com\/fi\/wp-json\/wp\/v2\/product"}],"about":[{"href":"https:\/\/nordicmart.andreevmaster.com\/fi\/wp-json\/wp\/v2\/types\/product"}],"replies":[{"embeddable":true,"href":"https:\/\/nordicmart.andreevmaster.com\/fi\/wp-json\/wp\/v2\/comments?post=31283"}],"wp:featuredmedia":[{"embeddable":true,"href":"https:\/\/nordicmart.andreevmaster.com\/fi\/wp-json\/wp\/v2\/media\/40457"}],"wp:attachment":[{"href":"https:\/\/nordicmart.andreevmaster.com\/fi\/wp-json\/wp\/v2\/media?parent=31283"}],"wp:term":[{"taxonomy":"product_brand","embeddable":true,"href":"https:\/\/nordicmart.andreevmaster.com\/fi\/wp-json\/wp\/v2\/product_brand?post=31283"},{"taxonomy":"product_cat","embeddable":true,"href":"https:\/\/nordicmart.andreevmaster.com\/fi\/wp-json\/wp\/v2\/product_cat?post=31283"},{"taxonomy":"product_tag","embeddable":true,"href":"https:\/\/nordicmart.andreevmaster.com\/fi\/wp-json\/wp\/v2\/product_tag?post=31283"}],"curies":[{"name":"wp","href":"https:\/\/api.w.org\/{rel}","templated":true}]}}