{"id":31282,"date":"2026-02-27T00:12:58","date_gmt":"2026-02-27T00:12:58","guid":{"rendered":"https:\/\/nordicmart.andreevmaster.com\/product\/songmics-aurinkosuoja-3-x-3-m-hdpe-kankaasta-vetta-lapaiseva\/"},"modified":"2026-02-27T09:35:51","modified_gmt":"2026-02-27T09:35:51","slug":"songmics-aurinkosuoja-3-x-3-m-hdpe-kankaasta-vetta-lapaiseva","status":"publish","type":"product","link":"https:\/\/nordicmart.andreevmaster.com\/fi\/tuote\/songmics-aurinkosuoja-3-x-3-m-hdpe-kankaasta-vetta-lapaiseva\/","title":{"rendered":"SONGMICS aurinkosuoja 3 x 3 m HDPE-kankaasta, vett\u00e4 l\u00e4p\u00e4isev\u00e4"},"content":{"rendered":"<p>SONGMICS 3 x 3 m aurinkopurje HDPE:st\u00e4, aurinkosuoja, UV-suoja, ilmava, puutarhaan, parvekkeelle, terassille, hengitt\u00e4v\u00e4, vett\u00e4 l\u00e4p\u00e4isev\u00e4, hiekankeltainen GSS33EYV1<br \/>\nV\u00e4ri: savuharmaa<br \/>\nMateriaali: 180 g\/m\u00b2 HDPE-kangas (tihe\u00e4 polyeteeni), ruostumaton ter\u00e4srengas<br \/>\nKoko: 3 x 3 m (P x L)<br \/>\nPaino: 1,6 kg<\/p>\n","protected":false},"excerpt":{"rendered":"<p>SONGMICS 3 x 3 m aurinkopurje HDPE:st\u00e4, aurinkosuoja, UV-suoja, ilmava, puutarhaan, parvekkeelle, terassille, hengitt\u00e4v\u00e4, vett\u00e4 l\u00e4p\u00e4isev\u00e4, hiekankeltainen GSS33EYV1<\/p>\n","protected":false},"featured_media":40456,"comment_status":"open","ping_status":"closed","template":"","meta":[],"product_brand":[],"product_cat":[32],"product_tag":[],"class_list":{"0":"post-31282","1":"product","2":"type-product","3":"status-publish","4":"has-post-thumbnail","6":"product_cat-uncategorized-fi","8":"first","9":"instock","10":"shipping-taxable","11":"purchasable","12":"product-type-simple"},"_links":{"self":[{"href":"https:\/\/nordicmart.andreevmaster.com\/fi\/wp-json\/wp\/v2\/product\/31282","targetHints":{"allow":["GET"]}}],"collection":[{"href":"https:\/\/nordicmart.andreevmaster.com\/fi\/wp-json\/wp\/v2\/product"}],"about":[{"href":"https:\/\/nordicmart.andreevmaster.com\/fi\/wp-json\/wp\/v2\/types\/product"}],"replies":[{"embeddable":true,"href":"https:\/\/nordicmart.andreevmaster.com\/fi\/wp-json\/wp\/v2\/comments?post=31282"}],"wp:featuredmedia":[{"embeddable":true,"href":"https:\/\/nordicmart.andreevmaster.com\/fi\/wp-json\/wp\/v2\/media\/40456"}],"wp:attachment":[{"href":"https:\/\/nordicmart.andreevmaster.com\/fi\/wp-json\/wp\/v2\/media?parent=31282"}],"wp:term":[{"taxonomy":"product_brand","embeddable":true,"href":"https:\/\/nordicmart.andreevmaster.com\/fi\/wp-json\/wp\/v2\/product_brand?post=31282"},{"taxonomy":"product_cat","embeddable":true,"href":"https:\/\/nordicmart.andreevmaster.com\/fi\/wp-json\/wp\/v2\/product_cat?post=31282"},{"taxonomy":"product_tag","embeddable":true,"href":"https:\/\/nordicmart.andreevmaster.com\/fi\/wp-json\/wp\/v2\/product_tag?post=31282"}],"curies":[{"name":"wp","href":"https:\/\/api.w.org\/{rel}","templated":true}]}}