{"id":31280,"date":"2026-02-27T00:12:57","date_gmt":"2026-02-27T00:12:57","guid":{"rendered":"https:\/\/nordicmart.andreevmaster.com\/product\/3-x-3-m-markiisi-valmistettu-hdpesta\/"},"modified":"2026-02-27T09:35:50","modified_gmt":"2026-02-27T09:35:50","slug":"3-x-3-m-markiisi-valmistettu-hdpesta","status":"publish","type":"product","link":"https:\/\/nordicmart.andreevmaster.com\/fi\/tuote\/3-x-3-m-markiisi-valmistettu-hdpesta\/","title":{"rendered":"3 x 3 m markiisi, valmistettu HDPE:st\u00e4"},"content":{"rendered":"<p>T\u00e4ydellinen aurinkosuoja ja varjostin puutarhoihin, terasseille, parvekkeille ja verannoille. K\u00e4yt\u00e4 sit\u00e4 puutarhassa h\u00e4iss\u00e4, juhlissa, grillijuhlissa tai retkeilless\u00e4. Hy\u00f6dynn\u00e4 kankaan ominaisuuksia uima-altaallasi, nurmikollasi, puutarhassasi, terassillasi, autokatoksessa. Voit k\u00e4ytt\u00e4\u00e4 aurinkosuojaamme my\u00f6s ostoskeskuksissa, p\u00e4iv\u00e4kodeissa, kokoontumistiloissa, rakennusty\u00f6mailla, vapaa-ajan puistoissa, urheilukentill\u00e4 tai leikkikentill\u00e4. Aurinkosuojan varjostuskerroin on 80\u201385 % ja se on kest\u00e4v\u00e4 ja vankka varjostin. Se tarjoaa UV-suojan ja on ilmatiivis, joten kankaan alle ei kerry l\u00e4mp\u00f6\u00e4. L\u00e4mp\u00f6tila s\u00e4\u00e4tyy luonnollisesti ilman ja veden l\u00e4p\u00e4isev\u00e4n materiaalin ansiosta. Markiisin kovera muoto tekee siit\u00e4 eritt\u00e4in vakaan ja rep\u00e4isylujan, koska j\u00e4nnitys jakautuu tasaisesti eik\u00e4 kangas voi roikkua. Saumat on vahvistettu erityisell\u00e4 korkealaatuisella nauhalla, joka tekee siit\u00e4 viel\u00e4 vakaamman reunoista. Tuotetiedot: Materiaali: HDPE (High Density Polyethylene) Materiaalin paino: 180 g\/m\u00b2 Mitat: 3 x 3 m Bruttopaino: 1,91 kgToimitus sis\u00e4lt\u00e4\u00e4:1 x aurinkoparveke4 x kiinnitysnauhaJotta voit nauttia aurinkosuojasta pitk\u00e4\u00e4n, ota huomioon seuraavat seikat:Optimaalisen kiinnityksen saavuttamiseksi k\u00e4yt\u00e4 20\u00b0:n kaltevuutta, jotta muodostuu liev\u00e4 kaltevuus. Poista aurinkovarjo voimakkaassa tuulessa, myrskyss\u00e4, ukkosmyrskyss\u00e4 ja talvella. Puhdista kangas miedolla puhdistusaineella tai vedell\u00e4. \u00c4l\u00e4 laita kangasta pesukoneeseen, \u00e4l\u00e4 harjaa sit\u00e4 kovalla harjalla ja varmista, ett\u00e4 kiinnit\u00e4t yl\u00e4- ja alaosan oikein, kun asetat sen paikoilleen.<\/p>\n","protected":false},"excerpt":{"rendered":"<p>T\u00e4ydellinen aurinkosuoja ja varjostin puutarhoihin, terasseille, parvekkeille ja verannoille. K\u00e4yt\u00e4 sit\u00e4 puutarhassa h\u00e4iss\u00e4, juhlissa, grillijuhlissa tai retkeilless\u00e4. Hy\u00f6dynn\u00e4 kankaan ominaisuuksia uima-altaallasi, nurmikollasi, puutarhassasi, terassillasi, autokatoksessa. Voit k\u00e4ytt\u00e4\u00e4 aurinkosuojaamme my\u00f6s ostoskeskuksissa, p\u00e4iv\u00e4kodeissa, kokoontumistiloissa, rakennusty\u00f6mailla, vapaa-ajan puistoissa, urheilukentill\u00e4 tai leikkikentill\u00e4. Aurinkosuojan varjostuskerroin on 80\u201385 % ja se on kest\u00e4v\u00e4 ja vankka varjostin. Se tarjoaa UV-suojan ja on [&hellip;]<\/p>\n","protected":false},"featured_media":0,"comment_status":"open","ping_status":"closed","template":"","meta":[],"product_brand":[],"product_cat":[32],"product_tag":[],"class_list":{"0":"post-31280","1":"product","2":"type-product","3":"status-publish","5":"product_cat-uncategorized-fi","7":"first","8":"instock","9":"shipping-taxable","10":"product-type-simple"},"_links":{"self":[{"href":"https:\/\/nordicmart.andreevmaster.com\/fi\/wp-json\/wp\/v2\/product\/31280","targetHints":{"allow":["GET"]}}],"collection":[{"href":"https:\/\/nordicmart.andreevmaster.com\/fi\/wp-json\/wp\/v2\/product"}],"about":[{"href":"https:\/\/nordicmart.andreevmaster.com\/fi\/wp-json\/wp\/v2\/types\/product"}],"replies":[{"embeddable":true,"href":"https:\/\/nordicmart.andreevmaster.com\/fi\/wp-json\/wp\/v2\/comments?post=31280"}],"wp:attachment":[{"href":"https:\/\/nordicmart.andreevmaster.com\/fi\/wp-json\/wp\/v2\/media?parent=31280"}],"wp:term":[{"taxonomy":"product_brand","embeddable":true,"href":"https:\/\/nordicmart.andreevmaster.com\/fi\/wp-json\/wp\/v2\/product_brand?post=31280"},{"taxonomy":"product_cat","embeddable":true,"href":"https:\/\/nordicmart.andreevmaster.com\/fi\/wp-json\/wp\/v2\/product_cat?post=31280"},{"taxonomy":"product_tag","embeddable":true,"href":"https:\/\/nordicmart.andreevmaster.com\/fi\/wp-json\/wp\/v2\/product_tag?post=31280"}],"curies":[{"name":"wp","href":"https:\/\/api.w.org\/{rel}","templated":true}]}}