{"id":31279,"date":"2026-02-27T00:12:57","date_gmt":"2026-02-27T00:12:57","guid":{"rendered":"https:\/\/nordicmart.andreevmaster.com\/product\/songmics-2-x-3-m-aurinkopurje-hdpe-kankaasta\/"},"modified":"2026-02-27T09:35:50","modified_gmt":"2026-02-27T09:35:50","slug":"songmics-2-x-3-m-aurinkopurje-hdpe-kankaasta","status":"publish","type":"product","link":"https:\/\/nordicmart.andreevmaster.com\/fi\/tuote\/songmics-2-x-3-m-aurinkopurje-hdpe-kankaasta\/","title":{"rendered":"SONGMICS 2 x 3 m aurinkopurje HDPE-kankaasta"},"content":{"rendered":"<p>T\u00e4ydellinen aurinkosuoja ja varjostin puutarhaan, terassille, parvekkeelle ja verannalle. Aurinkopurjeen varjostuskerroin on 80\u201385 %, ja se on kest\u00e4v\u00e4 ja vankka varjostin. Se tarjoaa UV-suojan ja on ilmatiivis, joten l\u00e4mm\u00f6n kertyminen kankaan alle ei ole mahdollista. Ilmanl\u00e4p\u00e4isev\u00e4n ja vett\u00e4 l\u00e4p\u00e4isev\u00e4n materiaalin ansiosta l\u00e4mp\u00f6tila s\u00e4\u00e4tyy luonnollisesti. N\u00e4in ollen sateellakaan ei muodostu vesitaskuja. Tuotetiedot: Materiaali: HDPE (tihe\u00e4 polyeteeni) Materiaalin paino: 180 g\/m\u00b2 Mitat: 2 x 3 mBruttopaino: 1,425 kgToimitus sis\u00e4lt\u00e4\u00e4:1 x aurinkopurje4 x kiinnitysk\u00f6ysiJotta voit nauttia aurinkosuojasta pitk\u00e4\u00e4n, ota huomioon seuraavat seikat:Optimaalinen kiinnitys tapahtuu 20\u00b0:n kallistuksella, jotta saadaan aikaan liev\u00e4 kaltevuus.Poista aurinkosuoja voimakkaassa tuulessa, myrskyss\u00e4, ukkosmyrskyss\u00e4 sek\u00e4 talvella.Puhdista kangas miedolla pesuaineella tai vedell\u00e4. \u00c4l\u00e4 laita kangasta pesukoneeseen \u00e4l\u00e4k\u00e4 harjaa sit\u00e4 kovalla harjalla. Asennuksen yhteydess\u00e4 varmista, ett\u00e4 yl\u00e4- ja alaosa on kiinnitetty oikein.<\/p>\n","protected":false},"excerpt":{"rendered":"<p>SONGMICS 3 x 4 m aurinkopurje HDPE:st\u00e4, aurinkosuoja, UV-suoja, ilmava, puutarhaan, parvekkeelle, terassille, hengitt\u00e4v\u00e4, vett\u00e4 l\u00e4p\u00e4isev\u00e4, beige-valkoinen GSS34IVV1<\/p>\n","protected":false},"featured_media":40454,"comment_status":"open","ping_status":"closed","template":"","meta":[],"product_brand":[],"product_cat":[32],"product_tag":[],"class_list":{"0":"post-31279","1":"product","2":"type-product","3":"status-publish","4":"has-post-thumbnail","6":"product_cat-uncategorized-fi","8":"first","9":"instock","10":"shipping-taxable","11":"purchasable","12":"product-type-simple"},"_links":{"self":[{"href":"https:\/\/nordicmart.andreevmaster.com\/fi\/wp-json\/wp\/v2\/product\/31279","targetHints":{"allow":["GET"]}}],"collection":[{"href":"https:\/\/nordicmart.andreevmaster.com\/fi\/wp-json\/wp\/v2\/product"}],"about":[{"href":"https:\/\/nordicmart.andreevmaster.com\/fi\/wp-json\/wp\/v2\/types\/product"}],"replies":[{"embeddable":true,"href":"https:\/\/nordicmart.andreevmaster.com\/fi\/wp-json\/wp\/v2\/comments?post=31279"}],"wp:featuredmedia":[{"embeddable":true,"href":"https:\/\/nordicmart.andreevmaster.com\/fi\/wp-json\/wp\/v2\/media\/40454"}],"wp:attachment":[{"href":"https:\/\/nordicmart.andreevmaster.com\/fi\/wp-json\/wp\/v2\/media?parent=31279"}],"wp:term":[{"taxonomy":"product_brand","embeddable":true,"href":"https:\/\/nordicmart.andreevmaster.com\/fi\/wp-json\/wp\/v2\/product_brand?post=31279"},{"taxonomy":"product_cat","embeddable":true,"href":"https:\/\/nordicmart.andreevmaster.com\/fi\/wp-json\/wp\/v2\/product_cat?post=31279"},{"taxonomy":"product_tag","embeddable":true,"href":"https:\/\/nordicmart.andreevmaster.com\/fi\/wp-json\/wp\/v2\/product_tag?post=31279"}],"curies":[{"name":"wp","href":"https:\/\/api.w.org\/{rel}","templated":true}]}}