{"id":31278,"date":"2026-02-27T00:12:57","date_gmt":"2026-02-27T00:12:57","guid":{"rendered":"https:\/\/nordicmart.andreevmaster.com\/product\/2-x-3-m-hdpe-aurinkosuoja-purjeverho-aurinkosuoja-uv-suoja-hengittava-puutarha-parveke-terassi-hengittava-vetta-lapaiseva-beige-valkoinen\/"},"modified":"2026-02-27T09:35:50","modified_gmt":"2026-02-27T09:35:50","slug":"2-x-3-m-hdpe-aurinkosuoja-purjeverho-aurinkosuoja-uv-suoja-hengittava-puutarha-parveke-terassi-hengittava-vetta-lapaiseva-beige-valkoinen","status":"publish","type":"product","link":"https:\/\/nordicmart.andreevmaster.com\/fi\/tuote\/2-x-3-m-hdpe-aurinkosuoja-purjeverho-aurinkosuoja-uv-suoja-hengittava-puutarha-parveke-terassi-hengittava-vetta-lapaiseva-beige-valkoinen\/","title":{"rendered":"2 x 3 m HDPE-aurinkosuoja Purjeverho Aurinkosuoja UV-suoja Hengitt\u00e4v\u00e4 Puutarha Parveke Terassi Hengitt\u00e4v\u00e4 Vett\u00e4 l\u00e4p\u00e4isev\u00e4 Beige Valkoinen"},"content":{"rendered":"<p>Aurinkosuoja purjeella: Markiisimme suojaa 85 % auringolta ja antaa varjoa. UV-suojaa parvekkeella, terassilla ja puutarhassa, kuten autokatoksessa, uima-altaalla ja aurinkosuojana leikkiville lapsille.Ilmanl\u00e4p\u00e4isev\u00e4, vedenl\u00e4p\u00e4isev\u00e4: Materiaalin ansiosta vesi ja ilma p\u00e4\u00e4sev\u00e4t l\u00e4p\u00e4isem\u00e4\u00e4n kankaan. T\u00e4m\u00e4 tarkoittaa, ett\u00e4 kankaan alle ei kerry l\u00e4mp\u00f6\u00e4 eik\u00e4 sateella muodostu vesitaskuja. <\/p>\n<p>Enemm\u00e4n turvallisuutta korkealaatuisen valmistuksen ansiosta: Kaikissa saumoissa on ommeltu korkealaatuinen nauha, joka tekee aurinkopeitteest\u00e4 entist\u00e4 vakaamman. Kulmat on vahvistettu ja ommeltu useita kertoja ja niiss\u00e4 on 304 ruostumattomasta ter\u00e4ksest\u00e4 valmistetut D-renkaat. <\/p>\n<p>Rep\u00e4isyluja ja nopeasti kuivuva: HDPE-kangas (high density polyethylene) paino 180 g\/m\u00b2 on rep\u00e4isyluja ja s\u00e4\u00e4nkest\u00e4v\u00e4. Se kuivuu my\u00f6s nopeasti ja on homeen ja lahoamisen kest\u00e4v\u00e4. <\/p>\n<p>Vakaa, ei kangaspuita: Kovera (kaareva) leikkaus antaa aurinkopellille lis\u00e4\u00e4 vakautta ja pit\u00e4\u00e4 sen pysyv\u00e4sti j\u00e4nnittyneen\u00e4, jotta se ei roiku sis\u00e4\u00e4np\u00e4in.T\u00e4ydellinen aurinkosuoja ja varjostin puutarhoihin, terasseille, parvekkeille ja verannoille Aurinkopurjeen varjostusaste on 80\u201385 % ja se on kest\u00e4v\u00e4 ja vankka varjostin. Se suojaa UV-s\u00e4teilylt\u00e4 ja on ilmatiivis, joten kankaan alle ei kerry l\u00e4mp\u00f6\u00e4. L\u00e4mp\u00f6tila s\u00e4\u00e4tyy luonnollisesti ilman ja veden l\u00e4p\u00e4isev\u00e4n materiaalin ansiosta. T\u00e4m\u00e4 tarkoittaa, ett\u00e4 vesi ei kerry, vaikka sataisi. Tuotetiedot: Materiaali: HDPE (High Density Polyethylene) Materiaalin paino: 180 g\/m\u00b2 Mitat: 2 x 3 mBruttopaino: 1,425 kgToimitus sis\u00e4lt\u00e4\u00e4:1 x aurinkoparasiitti4 x kiinnitysnauhaJotta voit nauttia aurinkoparasiitistasi pitk\u00e4\u00e4n, ota huomioon seuraavat seikat:Optimaalisen kiinnityksen saavuttamiseksi k\u00e4yt\u00e4 20\u00b0:n kallistusta, jotta muodostuu liev\u00e4 kaltevuus.Poista aurinkovarjo voimakkaassa tuulessa, myrskyss\u00e4, ukkosmyrskyss\u00e4 ja talvella. Puhdista kangas miedolla puhdistusaineella tai vedell\u00e4. \u00c4l\u00e4 laita kangasta pesukoneeseen, \u00e4l\u00e4 harjaa sit\u00e4 kovalla harjalla ja varmista, ett\u00e4 kiinnit\u00e4t yl\u00e4- ja alaosan oikein, kun asetat sen paikoilleen.<\/p>\n","protected":false},"excerpt":{"rendered":"<p>Aurinkosuoja purjeella: Markiisimme suojaa 85 % auringolta ja antaa varjoa. UV-suojaa parvekkeella, terassilla ja puutarhassa, kuten autokatoksessa, uima-altaalla ja aurinkosuojana leikkiville lapsille.Ilmanl\u00e4p\u00e4isev\u00e4, vedenl\u00e4p\u00e4isev\u00e4: Materiaalin ansiosta vesi ja ilma p\u00e4\u00e4sev\u00e4t l\u00e4p\u00e4isem\u00e4\u00e4n kankaan. T\u00e4m\u00e4 tarkoittaa, ett\u00e4 kankaan alle ei kerry l\u00e4mp\u00f6\u00e4 eik\u00e4 sateella muodostu vesitaskuja. Enemm\u00e4n turvallisuutta korkealaatuisen valmistuksen ansiosta: Kaikissa saumoissa on ommeltu korkealaatuinen nauha, joka [&hellip;]<\/p>\n","protected":false},"featured_media":0,"comment_status":"open","ping_status":"closed","template":"","meta":[],"product_brand":[],"product_cat":[32],"product_tag":[],"class_list":{"0":"post-31278","1":"product","2":"type-product","3":"status-publish","5":"product_cat-uncategorized-fi","7":"first","8":"instock","9":"shipping-taxable","10":"product-type-simple"},"_links":{"self":[{"href":"https:\/\/nordicmart.andreevmaster.com\/fi\/wp-json\/wp\/v2\/product\/31278","targetHints":{"allow":["GET"]}}],"collection":[{"href":"https:\/\/nordicmart.andreevmaster.com\/fi\/wp-json\/wp\/v2\/product"}],"about":[{"href":"https:\/\/nordicmart.andreevmaster.com\/fi\/wp-json\/wp\/v2\/types\/product"}],"replies":[{"embeddable":true,"href":"https:\/\/nordicmart.andreevmaster.com\/fi\/wp-json\/wp\/v2\/comments?post=31278"}],"wp:attachment":[{"href":"https:\/\/nordicmart.andreevmaster.com\/fi\/wp-json\/wp\/v2\/media?parent=31278"}],"wp:term":[{"taxonomy":"product_brand","embeddable":true,"href":"https:\/\/nordicmart.andreevmaster.com\/fi\/wp-json\/wp\/v2\/product_brand?post=31278"},{"taxonomy":"product_cat","embeddable":true,"href":"https:\/\/nordicmart.andreevmaster.com\/fi\/wp-json\/wp\/v2\/product_cat?post=31278"},{"taxonomy":"product_tag","embeddable":true,"href":"https:\/\/nordicmart.andreevmaster.com\/fi\/wp-json\/wp\/v2\/product_tag?post=31278"}],"curies":[{"name":"wp","href":"https:\/\/api.w.org\/{rel}","templated":true}]}}