{"id":31276,"date":"2026-02-27T00:12:57","date_gmt":"2026-02-27T00:12:57","guid":{"rendered":"https:\/\/nordicmart.andreevmaster.com\/product\/songmics-aurinkopurje-2-x-2-m-hdpe-kankaasta-ilmatiivis\/"},"modified":"2026-02-27T09:35:50","modified_gmt":"2026-02-27T09:35:50","slug":"songmics-aurinkopurje-2-x-2-m-hdpe-kankaasta-ilmatiivis","status":"publish","type":"product","link":"https:\/\/nordicmart.andreevmaster.com\/fi\/tuote\/songmics-aurinkopurje-2-x-2-m-hdpe-kankaasta-ilmatiivis\/","title":{"rendered":"SONGMICS aurinkopurje 2 x 2 m HDPE-kankaasta, ilmatiivis"},"content":{"rendered":"<p>SONGMICS aurinkopurje 2 x 2 m, aurinkosuoja rep\u00e4isylujaa HDPE-muovia, s\u00e4\u00e4nkest\u00e4v\u00e4 UV-suoja, ilmava, puutarha, parveke, terassi, retkeily, suorakulmainen, 2 m k\u00f6ydet, beige-valkoinen GSS22IV<br \/>\nV\u00e4ri: vaaleanharmaa<br \/>\nMateriaali: korkeatihe\u00e4 polyeteeni (HDPE\/180 g\/m\u00b2)<br \/>\nKoko: 2 x 2 m<br \/>\nPaino: 1 kg<\/p>\n","protected":false},"excerpt":{"rendered":"<p>SONGMICS aurinkopurje 2 x 2 m, aurinkosuoja rep\u00e4isylujaa HDPE-muovia, s\u00e4\u00e4nkest\u00e4v\u00e4 UV-suoja, ilmava, puutarha, parveke, terassi, retkeily, suorakulmainen, 2 m k\u00f6ydet, beige-valkoinen GSS22IV<\/p>\n","protected":false},"featured_media":40452,"comment_status":"open","ping_status":"closed","template":"","meta":[],"product_brand":[],"product_cat":[32],"product_tag":[],"class_list":{"0":"post-31276","1":"product","2":"type-product","3":"status-publish","4":"has-post-thumbnail","6":"product_cat-uncategorized-fi","8":"first","9":"instock","10":"shipping-taxable","11":"purchasable","12":"product-type-simple"},"_links":{"self":[{"href":"https:\/\/nordicmart.andreevmaster.com\/fi\/wp-json\/wp\/v2\/product\/31276","targetHints":{"allow":["GET"]}}],"collection":[{"href":"https:\/\/nordicmart.andreevmaster.com\/fi\/wp-json\/wp\/v2\/product"}],"about":[{"href":"https:\/\/nordicmart.andreevmaster.com\/fi\/wp-json\/wp\/v2\/types\/product"}],"replies":[{"embeddable":true,"href":"https:\/\/nordicmart.andreevmaster.com\/fi\/wp-json\/wp\/v2\/comments?post=31276"}],"wp:featuredmedia":[{"embeddable":true,"href":"https:\/\/nordicmart.andreevmaster.com\/fi\/wp-json\/wp\/v2\/media\/40452"}],"wp:attachment":[{"href":"https:\/\/nordicmart.andreevmaster.com\/fi\/wp-json\/wp\/v2\/media?parent=31276"}],"wp:term":[{"taxonomy":"product_brand","embeddable":true,"href":"https:\/\/nordicmart.andreevmaster.com\/fi\/wp-json\/wp\/v2\/product_brand?post=31276"},{"taxonomy":"product_cat","embeddable":true,"href":"https:\/\/nordicmart.andreevmaster.com\/fi\/wp-json\/wp\/v2\/product_cat?post=31276"},{"taxonomy":"product_tag","embeddable":true,"href":"https:\/\/nordicmart.andreevmaster.com\/fi\/wp-json\/wp\/v2\/product_tag?post=31276"}],"curies":[{"name":"wp","href":"https:\/\/api.w.org\/{rel}","templated":true}]}}