{"id":31273,"date":"2026-02-27T00:12:56","date_gmt":"2026-02-27T00:12:56","guid":{"rendered":"https:\/\/nordicmart.andreevmaster.com\/product\/kolmiomainen-markiisi-61-x-61-x-61-m\/"},"modified":"2026-02-27T09:35:49","modified_gmt":"2026-02-27T09:35:49","slug":"kolmiomainen-markiisi-61-x-61-x-61-m","status":"publish","type":"product","link":"https:\/\/nordicmart.andreevmaster.com\/fi\/tuote\/kolmiomainen-markiisi-61-x-61-x-61-m\/","title":{"rendered":"Kolmiomainen markiisi 6,1 x 6,1 x 6,1 m"},"content":{"rendered":"<p>\u00c4l\u00e4 pelk\u00e4\u00e4 voimakasta auringonvaloa: Haluatko varjoisan paikan, jossa on miellytt\u00e4v\u00e4 viile\u00e4 tuuli kes\u00e4ll\u00e4? Sitten t\u00e4m\u00e4 markiisi on juuri sit\u00e4, mit\u00e4 tarvitset! Se tarjoaa erinomaisen UV-suojan ja est\u00e4\u00e4 95 % UV-s\u00e4teist\u00e4. Lounas puutarhassa? Kahvitauko terassilla? Huolellisesti suunniteltu pienimpi\u00e4 yksityiskohtia my\u00f6ten: hengitt\u00e4v\u00e4 HDPE-kangas, huolellisesti tehdyt saumat, kovera siluetti, kaksikerroksiset vahvistusnauhat, kulmissa kest\u00e4v\u00e4t ruostumattomasta ter\u00e4ksest\u00e4 valmistetut renkaat \u2013 t\u00e4m\u00e4 aurinkopurje on t\u00e4ydellinen kes\u00e4kumppani. Se ei my\u00f6sk\u00e4\u00e4n ole vedenpit\u00e4v\u00e4, joten sinun ei tarvitse huolehtia siit\u00e4, ett\u00e4 pressu romahtaa kasautuneen sadeveden vuoksi, ja aurinkovarjon ripustaminen on helppoa! Ruostumattomasta ter\u00e4ksest\u00e4 valmistetut renkaat kulmissa helpottavat markiisin ripustamista ja irrottamista. Varmista my\u00f6s, ett\u00e4 kiinnityskohdan ja ruostumattomasta ter\u00e4ksest\u00e4 valmistetun renkaan v\u00e4lill\u00e4 on sopiva et\u00e4isyys (suositeltu et\u00e4isyys: 46\u201361 cm). Et\u00e4isyys mitataan renkaan reunasta kiinnityskohtaan. Tuotetiedot: &#8211; V\u00e4ri: Harmaa &#8211; Materiaali: 190 g\/m\u00b2 HDPE-kangas (korkeatiheyksinen polyeteeni), ruostumaton ter\u00e4srengas &#8211; Koko: 6,1 x 6,1 x 6,1 m &#8211; Paino: 3,1 kg Toimitus sis\u00e4lt\u00e4\u00e4: &#8211; 1 x aurinkoparveke &#8211; 3 x PE-k\u00f6ysi SONGMICSin ohjeet:- Toimitamme PE-k\u00f6ydet aurinkosuojan ripustamista varten. \u00c4l\u00e4 k\u00e4yt\u00e4 nailonk\u00f6ysi\u00e4, koska ne repe\u00e4v\u00e4t helposti.- \u00c4l\u00e4 kirist\u00e4 aurinkosuojaa liikaa asennuksen yhteydess\u00e4, jotta se kest\u00e4\u00e4 pitk\u00e4\u00e4n.- Poista tuote huonolla s\u00e4\u00e4ll\u00e4 vahingoittumisen v\u00e4ltt\u00e4miseksi.- Aurinkosuojan etu- ja takapuoli ovat erilaiset. Huomioi t\u00e4m\u00e4 asennuksen aikana, jotta v\u00e4lt\u00e4t virheellisen asennuksen.<\/p>\n","protected":false},"excerpt":{"rendered":"<p>\u00c4l\u00e4 pelk\u00e4\u00e4 voimakasta auringonvaloa: Haluatko varjoisan paikan, jossa on miellytt\u00e4v\u00e4 viile\u00e4 tuuli kes\u00e4ll\u00e4? Sitten t\u00e4m\u00e4 markiisi on juuri sit\u00e4, mit\u00e4 tarvitset! Se tarjoaa erinomaisen UV-suojan ja est\u00e4\u00e4 95 % UV-s\u00e4teist\u00e4. Lounas puutarhassa? Kahvitauko terassilla? Huolellisesti suunniteltu pienimpi\u00e4 yksityiskohtia my\u00f6ten: hengitt\u00e4v\u00e4 HDPE-kangas, huolellisesti tehdyt saumat, kovera siluetti, kaksikerroksiset vahvistusnauhat, kulmissa kest\u00e4v\u00e4t ruostumattomasta ter\u00e4ksest\u00e4 valmistetut renkaat \u2013 [&hellip;]<\/p>\n","protected":false},"featured_media":0,"comment_status":"open","ping_status":"closed","template":"","meta":[],"product_brand":[],"product_cat":[32],"product_tag":[],"class_list":{"0":"post-31273","1":"product","2":"type-product","3":"status-publish","5":"product_cat-uncategorized-fi","7":"first","8":"instock","9":"shipping-taxable","10":"purchasable","11":"product-type-simple"},"_links":{"self":[{"href":"https:\/\/nordicmart.andreevmaster.com\/fi\/wp-json\/wp\/v2\/product\/31273","targetHints":{"allow":["GET"]}}],"collection":[{"href":"https:\/\/nordicmart.andreevmaster.com\/fi\/wp-json\/wp\/v2\/product"}],"about":[{"href":"https:\/\/nordicmart.andreevmaster.com\/fi\/wp-json\/wp\/v2\/types\/product"}],"replies":[{"embeddable":true,"href":"https:\/\/nordicmart.andreevmaster.com\/fi\/wp-json\/wp\/v2\/comments?post=31273"}],"wp:attachment":[{"href":"https:\/\/nordicmart.andreevmaster.com\/fi\/wp-json\/wp\/v2\/media?parent=31273"}],"wp:term":[{"taxonomy":"product_brand","embeddable":true,"href":"https:\/\/nordicmart.andreevmaster.com\/fi\/wp-json\/wp\/v2\/product_brand?post=31273"},{"taxonomy":"product_cat","embeddable":true,"href":"https:\/\/nordicmart.andreevmaster.com\/fi\/wp-json\/wp\/v2\/product_cat?post=31273"},{"taxonomy":"product_tag","embeddable":true,"href":"https:\/\/nordicmart.andreevmaster.com\/fi\/wp-json\/wp\/v2\/product_tag?post=31273"}],"curies":[{"name":"wp","href":"https:\/\/api.w.org\/{rel}","templated":true}]}}