{"id":31268,"date":"2026-02-27T00:12:55","date_gmt":"2026-02-27T00:12:55","guid":{"rendered":"https:\/\/nordicmart.andreevmaster.com\/product\/songmics-tikkaat-4-askelmainen-tikkaat-taitettava-tikkaat\/"},"modified":"2026-02-27T09:35:49","modified_gmt":"2026-02-27T09:35:49","slug":"songmics-tikkaat-4-askelmainen-tikkaat-taitettava-tikkaat","status":"publish","type":"product","link":"https:\/\/nordicmart.andreevmaster.com\/fi\/tuote\/songmics-tikkaat-4-askelmainen-tikkaat-taitettava-tikkaat\/","title":{"rendered":"SONGMICS tikkaat, 4-askelmainen tikkaat, taitettava tikkaat"},"content":{"rendered":"<p>Tikkaat, 2-askelmainen tikkaat, taitettava tikkaat, taitettava turvalukko, kantavuus 150 kg, perusvalkoinen<br \/>\nTuotetiedot:<br \/>\n&#8211; V\u00e4ri: kyyhkynharmaa<br \/>\n&#8211; Materiaali: ter\u00e4s<br \/>\n&#8211; Koko avattuna: 89 x 45 x 127 cm (S x L x K)<br \/>\n&#8211; Koko taitettuna: 4 x 45 x 139 cm (S x L x K)<br \/>\n&#8211; Koko per porras: 30 x 20 cm<br \/>\n&#8211; Paino: 7,6 kg<br \/>\n&#8211; Maks. staattinen kantavuus: 150 kg<\/p>\n<p>Toimitus sis\u00e4lt\u00e4\u00e4<br \/>\n&#8211; 1 x tikkaat<br \/>\n&#8211; 1 x k\u00e4ytt\u00f6ohje<\/p>\n<p>SONGMICS-ohjeet:<br \/>\n&#8211; K\u00e4yt\u00e4 tikkaita tasaisella alustalla.<br \/>\n&#8211; \u00c4l\u00e4 k\u00e4yt\u00e4 tikkaita, jos lattialla on \u00f6ljy\u00e4 tai vett\u00e4.<br \/>\n&#8211; Varmista ennen tikkaiden k\u00e4ytt\u00f6\u00e4, ett\u00e4 turvalukot ovat kunnolla ja tiukasti kiinni, muuten tikkaat eiv\u00e4t ole vakaita.<br \/>\n&#8211; Tikkaita ei saa k\u00e4ytt\u00e4\u00e4 kaupallisiin tarkoituksiin.<\/p>\n","protected":false},"excerpt":{"rendered":"<p>Tikkaat, 2-askelmainen tikkaat, taitettava tikkaat, taitettava turvalukko, kantavuus 150 kg, perusvalkoinen<\/p>\n","protected":false},"featured_media":40445,"comment_status":"open","ping_status":"closed","template":"","meta":[],"product_brand":[],"product_cat":[32],"product_tag":[],"class_list":{"0":"post-31268","1":"product","2":"type-product","3":"status-publish","4":"has-post-thumbnail","6":"product_cat-uncategorized-fi","8":"first","9":"instock","10":"shipping-taxable","11":"purchasable","12":"product-type-simple"},"_links":{"self":[{"href":"https:\/\/nordicmart.andreevmaster.com\/fi\/wp-json\/wp\/v2\/product\/31268","targetHints":{"allow":["GET"]}}],"collection":[{"href":"https:\/\/nordicmart.andreevmaster.com\/fi\/wp-json\/wp\/v2\/product"}],"about":[{"href":"https:\/\/nordicmart.andreevmaster.com\/fi\/wp-json\/wp\/v2\/types\/product"}],"replies":[{"embeddable":true,"href":"https:\/\/nordicmart.andreevmaster.com\/fi\/wp-json\/wp\/v2\/comments?post=31268"}],"wp:featuredmedia":[{"embeddable":true,"href":"https:\/\/nordicmart.andreevmaster.com\/fi\/wp-json\/wp\/v2\/media\/40445"}],"wp:attachment":[{"href":"https:\/\/nordicmart.andreevmaster.com\/fi\/wp-json\/wp\/v2\/media?parent=31268"}],"wp:term":[{"taxonomy":"product_brand","embeddable":true,"href":"https:\/\/nordicmart.andreevmaster.com\/fi\/wp-json\/wp\/v2\/product_brand?post=31268"},{"taxonomy":"product_cat","embeddable":true,"href":"https:\/\/nordicmart.andreevmaster.com\/fi\/wp-json\/wp\/v2\/product_cat?post=31268"},{"taxonomy":"product_tag","embeddable":true,"href":"https:\/\/nordicmart.andreevmaster.com\/fi\/wp-json\/wp\/v2\/product_tag?post=31268"}],"curies":[{"name":"wp","href":"https:\/\/api.w.org\/{rel}","templated":true}]}}