{"id":31266,"date":"2026-02-27T00:12:55","date_gmt":"2026-02-27T00:12:55","guid":{"rendered":"https:\/\/nordicmart.andreevmaster.com\/product\/songmics-tikkaat-2-askelmainen-tikkaat-taitettava-tikkaat\/"},"modified":"2026-02-27T09:35:48","modified_gmt":"2026-02-27T09:35:48","slug":"songmics-tikkaat-2-askelmainen-tikkaat-taitettava-tikkaat","status":"publish","type":"product","link":"https:\/\/nordicmart.andreevmaster.com\/fi\/tuote\/songmics-tikkaat-2-askelmainen-tikkaat-taitettava-tikkaat\/","title":{"rendered":"SONGMICS tikkaat, 2-askelmainen tikkaat, taitettava tikkaat"},"content":{"rendered":"<p>Korkea vakaus ja turvallisuus Tikkaiden tulisi antaa sinulle turvallisuuden tunne. Siksi tarjoamme sinulle n\u00e4m\u00e4 tukevat tikkaat. Ne on valmistettu korkealaatuisesta ter\u00e4ksest\u00e4 ja niiden kantavuus on jopa 150 kg. Lis\u00e4ksi 20 cm leve\u00e4t askelmat, joissa on liukumattomat kumimatot, ja liukumattomat, kumip\u00e4\u00e4llysteiset jalat takaavat paremman vakauden. Turvallinen ty\u00f6ymp\u00e4rist\u00f6 varmistaa, ett\u00e4 voit aina keskitty\u00e4 ty\u00f6h\u00f6n.   Huolellisesti suunniteltu pienimpi\u00e4 yksityiskohtia my\u00f6ten Taitettava tikkaat ovat taitettuna vain 50 x 3,5 x 55,5 cm kokoiset, joten ne mahtuvat t\u00e4ydellisesti autotallin nurkkaan tai auton tavaratilaan. Lis\u00e4ksi se painaa vain 3,5 kg ja on varustettu kantokahvalla, joten voit helposti kuljettaa tikkaat kellarista puutarhaan oksia karsimaan. Tikkaissa ei ole ter\u00e4vi\u00e4 reunoja, ja niiden kulmat ovat py\u00f6ristetyt ja varustettu kumisuojuksilla, mik\u00e4 takaa turvallisen k\u00e4yt\u00f6n.   Tuotetiedot: &#8211; V\u00e4ri: harmaa-musta &#8211; Materiaali: ter\u00e4s &#8211; Koko taitettuna: 50 x 3,5 x 55,5 cm (P x L x K) &#8211; Koko taitettuna: 50 x 59,5 x 44 cm (P x L x K) &#8211; Askelmien koko: 30 x 20 cm &#8211; Paino: 3,5 kg &#8211; Maks. staattinen kantavuus: 150 kg Toimitus sis\u00e4lt\u00e4\u00e4:- 1 x 2-askelmainen tikkaat &#8211; 1 x k\u00e4ytt\u00f6ohje (DE, EN, FR, ES, IT) SONGMICS Huomautukset: &#8211; Ole varovainen tikkaita kokoontaittaessa, jotta v\u00e4lt\u00e4t<\/p>\n","protected":false},"excerpt":{"rendered":"<p>SONGMICS 2-askelmainen taitettava tikkaat, tikkaat, 20 cm leve\u00e4t askelmat liukumattomilla kumimattoilla, liukumattomat jalat, kantokahva, kantavuus 150 kg, ter\u00e4st\u00e4, harmaa-musta GSL002GY01<\/p>\n","protected":false},"featured_media":40443,"comment_status":"open","ping_status":"closed","template":"","meta":[],"product_brand":[],"product_cat":[32],"product_tag":[],"class_list":{"0":"post-31266","1":"product","2":"type-product","3":"status-publish","4":"has-post-thumbnail","6":"product_cat-uncategorized-fi","8":"first","9":"instock","10":"shipping-taxable","11":"purchasable","12":"product-type-simple"},"_links":{"self":[{"href":"https:\/\/nordicmart.andreevmaster.com\/fi\/wp-json\/wp\/v2\/product\/31266","targetHints":{"allow":["GET"]}}],"collection":[{"href":"https:\/\/nordicmart.andreevmaster.com\/fi\/wp-json\/wp\/v2\/product"}],"about":[{"href":"https:\/\/nordicmart.andreevmaster.com\/fi\/wp-json\/wp\/v2\/types\/product"}],"replies":[{"embeddable":true,"href":"https:\/\/nordicmart.andreevmaster.com\/fi\/wp-json\/wp\/v2\/comments?post=31266"}],"wp:featuredmedia":[{"embeddable":true,"href":"https:\/\/nordicmart.andreevmaster.com\/fi\/wp-json\/wp\/v2\/media\/40443"}],"wp:attachment":[{"href":"https:\/\/nordicmart.andreevmaster.com\/fi\/wp-json\/wp\/v2\/media?parent=31266"}],"wp:term":[{"taxonomy":"product_brand","embeddable":true,"href":"https:\/\/nordicmart.andreevmaster.com\/fi\/wp-json\/wp\/v2\/product_brand?post=31266"},{"taxonomy":"product_cat","embeddable":true,"href":"https:\/\/nordicmart.andreevmaster.com\/fi\/wp-json\/wp\/v2\/product_cat?post=31266"},{"taxonomy":"product_tag","embeddable":true,"href":"https:\/\/nordicmart.andreevmaster.com\/fi\/wp-json\/wp\/v2\/product_tag?post=31266"}],"curies":[{"name":"wp","href":"https:\/\/api.w.org\/{rel}","templated":true}]}}