{"id":31264,"date":"2026-02-27T00:12:54","date_gmt":"2026-02-27T00:12:54","guid":{"rendered":"https:\/\/nordicmart.andreevmaster.com\/product\/songmics-kotitalous-tikkaat-3-porrasta-valkoinen\/"},"modified":"2026-02-27T09:35:48","modified_gmt":"2026-02-27T09:35:48","slug":"songmics-kotitalous-tikkaat-3-porrasta-valkoinen","status":"publish","type":"product","link":"https:\/\/nordicmart.andreevmaster.com\/fi\/tuote\/songmics-kotitalous-tikkaat-3-porrasta-valkoinen\/","title":{"rendered":"SONGMICS kotitalous tikkaat 3 porrasta valkoinen"},"content":{"rendered":"<p>T\u00e4m\u00e4 k\u00e4yt\u00e4nn\u00f6llinen, tukevasta metallista valmistettu taitettava tikkaat Songmicsilt\u00e4 on hy\u00f6dyllinen apulainen kotitaloudessasi, kun sinun on p\u00e4\u00e4st\u00e4v\u00e4 kotona hieman korkeammalle tai kaapin ovien taakse. Taitettavan rakenteensa ansiosta tikkaat on helppo ja tilaa s\u00e4\u00e4st\u00e4v\u00e4 sijoittaa mihin tahansa ja ottaa nopeasti esiin tarvittaessa. Tuotetiedot:- V\u00e4ri: valkoinen &#8211; Materiaali: ter\u00e4s &#8211; Kantavuus: 150 kg &#8211; Tuotteen mitat taitettuna: 46,5 x 117 x 4,5 cm (L x K x S) &#8211; Paino: 5,5 kg Toimitus sis\u00e4lt\u00e4\u00e4: &#8211; 1 x tikkaat &#8211; 1 x ohjeet<\/p>\n","protected":false},"excerpt":{"rendered":"<p>SONGMICS tikkaat, 3-askelmainen tikkaat, taitettava, taitto-turva, helppo s\u00e4ilytt\u00e4\u00e4, kantavuus 150 kg, T\u00dcV Rheinlandin testaama EN14183-standardin mukaisesti GSL03WT<\/p>\n","protected":false},"featured_media":40441,"comment_status":"open","ping_status":"closed","template":"","meta":[],"product_brand":[],"product_cat":[32],"product_tag":[],"class_list":{"0":"post-31264","1":"product","2":"type-product","3":"status-publish","4":"has-post-thumbnail","6":"product_cat-uncategorized-fi","8":"first","9":"instock","10":"shipping-taxable","11":"purchasable","12":"product-type-simple"},"_links":{"self":[{"href":"https:\/\/nordicmart.andreevmaster.com\/fi\/wp-json\/wp\/v2\/product\/31264","targetHints":{"allow":["GET"]}}],"collection":[{"href":"https:\/\/nordicmart.andreevmaster.com\/fi\/wp-json\/wp\/v2\/product"}],"about":[{"href":"https:\/\/nordicmart.andreevmaster.com\/fi\/wp-json\/wp\/v2\/types\/product"}],"replies":[{"embeddable":true,"href":"https:\/\/nordicmart.andreevmaster.com\/fi\/wp-json\/wp\/v2\/comments?post=31264"}],"wp:featuredmedia":[{"embeddable":true,"href":"https:\/\/nordicmart.andreevmaster.com\/fi\/wp-json\/wp\/v2\/media\/40441"}],"wp:attachment":[{"href":"https:\/\/nordicmart.andreevmaster.com\/fi\/wp-json\/wp\/v2\/media?parent=31264"}],"wp:term":[{"taxonomy":"product_brand","embeddable":true,"href":"https:\/\/nordicmart.andreevmaster.com\/fi\/wp-json\/wp\/v2\/product_brand?post=31264"},{"taxonomy":"product_cat","embeddable":true,"href":"https:\/\/nordicmart.andreevmaster.com\/fi\/wp-json\/wp\/v2\/product_cat?post=31264"},{"taxonomy":"product_tag","embeddable":true,"href":"https:\/\/nordicmart.andreevmaster.com\/fi\/wp-json\/wp\/v2\/product_tag?post=31264"}],"curies":[{"name":"wp","href":"https:\/\/api.w.org\/{rel}","templated":true}]}}