{"id":31262,"date":"2026-02-27T00:12:54","date_gmt":"2026-02-27T00:12:54","guid":{"rendered":"https:\/\/nordicmart.andreevmaster.com\/product\/songmics-taitettava-tikkaat-liukumattomalla-matolla\/"},"modified":"2026-02-27T09:35:48","modified_gmt":"2026-02-27T09:35:48","slug":"songmics-taitettava-tikkaat-liukumattomalla-matolla","status":"publish","type":"product","link":"https:\/\/nordicmart.andreevmaster.com\/fi\/tuote\/songmics-taitettava-tikkaat-liukumattomalla-matolla\/","title":{"rendered":"SONGMICS taitettava tikkaat liukumattomalla matolla"},"content":{"rendered":"<p>Songmics 1-askelmainen taitettava tikkaat N\u00e4m\u00e4 Songmics-tikkaat ovat ihanteelliset p\u00e4ivitt\u00e4isiin tarpeisiin. Kun k\u00e4sivarret eiv\u00e4t riit\u00e4, n\u00e4ill\u00e4 tikkailla p\u00e4\u00e4set helposti ja turvallisesti korkealle. Taitettava rakenne mahdollistaa nopean ja tilaa s\u00e4\u00e4st\u00e4v\u00e4n s\u00e4ilytyksen k\u00e4yt\u00f6n j\u00e4lkeen. Selke\u00e4n ja yksinkertaisen ulkon\u00e4k\u00f6ns\u00e4 ansiosta tikkaat sopivat ongelmitta moniin sisustustyyleihin. Nelj\u00e4 ulosp\u00e4in suuntautuvaa jalkaa, joissa on liukumattomat kumikorkit, takaavat tikkaiden erinomaisen vakauden ja est\u00e4v\u00e4t kaatumisen; tikkaiden taittumisen est\u00e4\u00e4 turvakytkin.Kompakti ja k\u00e4tev\u00e4 kahva tekee tikkaista eritt\u00e4in helpon s\u00e4ilytt\u00e4\u00e4 ja kuljettaa paikasta toiseen. Erityisen suuri ja luistamaton askelma (38 x 26 cm) ja uritetut luistamattomat matot takaavat mukavan ja turvallisen nousun.T\u00e4m\u00e4 k\u00e4yt\u00e4nn\u00f6llinen, tukevasta metallista valmistettu taitettava tikkaat Songmicsilt\u00e4 on hy\u00f6dyllinen apulainen kotitaloudessasi, kun sinun on p\u00e4\u00e4st\u00e4v\u00e4 k\u00e4siksi korkeammalla oleviin paikkoihin tai kaapinoviin. Taitettavan rakenteensa ansiosta tikkaat on helppo ja tilaa s\u00e4\u00e4st\u00e4v\u00e4 sijoittaa mihin tahansa ja ottaa nopeasti esiin tarvittaessa.Tuotetiedot: V\u00e4ri: valkoinen Materiaali: ter\u00e4s Kantavuus: 150 kg Tuotteen mitat taitettuna: 37,5 x 4 x 26,5 cm (L x K x S) Korkeus taitettuna: 17 cm Paino: 1,5 kg Toimitus sis\u00e4lt\u00e4\u00e4: 1 x tikkaat 1 x ohjeet<\/p>\n","protected":false},"excerpt":{"rendered":"<p>SONGMICS tikkaat, taitettava tikkaat, yksiportainen tikkaat, ter\u00e4ksinen jakkara, SGS-testattu, luistamaton kumimatto, kylpyhuoneeseen, keitti\u00f6\u00f6n, kantavuus enint\u00e4\u00e4n 150 kg, 37,5 x 26,5 x 17,5 cm, valkoinen GSL01WT<\/p>\n","protected":false},"featured_media":40439,"comment_status":"open","ping_status":"closed","template":"","meta":[],"product_brand":[],"product_cat":[32],"product_tag":[],"class_list":{"0":"post-31262","1":"product","2":"type-product","3":"status-publish","4":"has-post-thumbnail","6":"product_cat-uncategorized-fi","8":"first","9":"instock","10":"shipping-taxable","11":"purchasable","12":"product-type-simple"},"_links":{"self":[{"href":"https:\/\/nordicmart.andreevmaster.com\/fi\/wp-json\/wp\/v2\/product\/31262","targetHints":{"allow":["GET"]}}],"collection":[{"href":"https:\/\/nordicmart.andreevmaster.com\/fi\/wp-json\/wp\/v2\/product"}],"about":[{"href":"https:\/\/nordicmart.andreevmaster.com\/fi\/wp-json\/wp\/v2\/types\/product"}],"replies":[{"embeddable":true,"href":"https:\/\/nordicmart.andreevmaster.com\/fi\/wp-json\/wp\/v2\/comments?post=31262"}],"wp:featuredmedia":[{"embeddable":true,"href":"https:\/\/nordicmart.andreevmaster.com\/fi\/wp-json\/wp\/v2\/media\/40439"}],"wp:attachment":[{"href":"https:\/\/nordicmart.andreevmaster.com\/fi\/wp-json\/wp\/v2\/media?parent=31262"}],"wp:term":[{"taxonomy":"product_brand","embeddable":true,"href":"https:\/\/nordicmart.andreevmaster.com\/fi\/wp-json\/wp\/v2\/product_brand?post=31262"},{"taxonomy":"product_cat","embeddable":true,"href":"https:\/\/nordicmart.andreevmaster.com\/fi\/wp-json\/wp\/v2\/product_cat?post=31262"},{"taxonomy":"product_tag","embeddable":true,"href":"https:\/\/nordicmart.andreevmaster.com\/fi\/wp-json\/wp\/v2\/product_tag?post=31262"}],"curies":[{"name":"wp","href":"https:\/\/api.w.org\/{rel}","templated":true}]}}