{"id":31259,"date":"2026-02-27T00:12:53","date_gmt":"2026-02-27T00:12:53","guid":{"rendered":"https:\/\/nordicmart.andreevmaster.com\/product\/songmics-3-askelmainen-tikkaat-harmaa-musta\/"},"modified":"2026-02-27T09:35:47","modified_gmt":"2026-02-27T09:35:47","slug":"songmics-3-askelmainen-tikkaat-harmaa-musta","status":"publish","type":"product","link":"https:\/\/nordicmart.andreevmaster.com\/fi\/tuote\/songmics-3-askelmainen-tikkaat-harmaa-musta\/","title":{"rendered":"SONGMICS 3-askelmainen tikkaat, harmaa-musta"},"content":{"rendered":"<p>Korkea vakaus ja turvallisuus Tikkaiden tulisi antaa sinulle turvallisuuden tunne. Siksi tarjoamme sinulle n\u00e4m\u00e4 tukevat tikkaat. Ne on valmistettu korkealaatuisesta ter\u00e4ksest\u00e4 ja kest\u00e4v\u00e4t jopa 150 kg:n kuormituksen. Lis\u00e4ksi 20 cm leve\u00e4t askelmat, joissa on liukumattomat kumimatot, ja liukumattomat, kumip\u00e4\u00e4llysteiset jalat takaavat paremman vakauden. Haluatko viel\u00e4 enemm\u00e4n turvallisuutta? Pid\u00e4 kiinni k\u00e4tev\u00e4st\u00e4 kaiteesta! Turvallinen ty\u00f6ymp\u00e4rist\u00f6 varmistaa, ett\u00e4 voit aina keskitty\u00e4 ty\u00f6h\u00f6n. Harkittu pienint\u00e4 yksityiskohtaa my\u00f6ten Taitettava tikkaat ovat taitettuna vain 46,5 x 4,5 x 117 cm kokoiset, joten ne mahtuvat t\u00e4ydellisesti autotallin nurkkaan tai auton tavaratilaan. Se painaa vain 5,5 kg ja siin\u00e4 on kantokahva, joten voit helposti kuljettaa tikkaat kellarista puutarhaan oksia karsimaan. Tikkaissa ei ole ter\u00e4vi\u00e4 reunoja, vaan py\u00f6ristetyt kulmat ja kumisuojukset, mik\u00e4 takaa turvallisen k\u00e4yt\u00f6n. Tuotetiedot: &#8211; V\u00e4ri: harmaa-musta &#8211; Materiaali: ter\u00e4s &#8211; Koko taitettuna: 46,5 x 4,5 x 117 cm (P x L x K) &#8211; Koko taitettuna: 46,5 x 74,5 x 105 cm (P x L x K) &#8211; Askelmien koko: 30 x 20 cm &#8211; Paino: 5,5 kg &#8211; Maks. staattinen kantavuus: 150 kg Toimitus sis\u00e4lt\u00e4\u00e4:- 1 x 3-askelmainen tikkaat &#8211; 1 x k\u00e4ytt\u00f6ohje SONGMICS-ohjeet: &#8211; Ole varovainen tikkaita kokoontaittaessa, jotta sormesi eiv\u00e4t j\u00e4\u00e4 puristuksiin. &#8211; K\u00e4yt\u00e4 tuotetta tasaisella alustalla. &#8211; \u00c4l\u00e4 k\u00e4yt\u00e4 tikkaita, jos lattialla on \u00f6ljy\u00e4 tai vett\u00e4. &#8211; Varmista ennen tikkaiden k\u00e4ytt\u00f6\u00e4, ett\u00e4 turvalukitus on lukittunut automaattisesti.<\/p>\n","protected":false},"excerpt":{"rendered":"<p>SONGMICS 3-askelmainen tikkaat, tikkaat, 20 cm leve\u00e4t askelmat, liukumattomat kumimatot, k\u00e4sijohde, kantavuus 150 kg, ter\u00e4st\u00e4, vastaa standardia EN 14183, harmaa-musta GSL003GY01<\/p>\n","protected":false},"featured_media":40436,"comment_status":"open","ping_status":"closed","template":"","meta":[],"product_brand":[],"product_cat":[32],"product_tag":[],"class_list":{"0":"post-31259","1":"product","2":"type-product","3":"status-publish","4":"has-post-thumbnail","6":"product_cat-uncategorized-fi","8":"first","9":"instock","10":"shipping-taxable","11":"purchasable","12":"product-type-simple"},"_links":{"self":[{"href":"https:\/\/nordicmart.andreevmaster.com\/fi\/wp-json\/wp\/v2\/product\/31259","targetHints":{"allow":["GET"]}}],"collection":[{"href":"https:\/\/nordicmart.andreevmaster.com\/fi\/wp-json\/wp\/v2\/product"}],"about":[{"href":"https:\/\/nordicmart.andreevmaster.com\/fi\/wp-json\/wp\/v2\/types\/product"}],"replies":[{"embeddable":true,"href":"https:\/\/nordicmart.andreevmaster.com\/fi\/wp-json\/wp\/v2\/comments?post=31259"}],"wp:featuredmedia":[{"embeddable":true,"href":"https:\/\/nordicmart.andreevmaster.com\/fi\/wp-json\/wp\/v2\/media\/40436"}],"wp:attachment":[{"href":"https:\/\/nordicmart.andreevmaster.com\/fi\/wp-json\/wp\/v2\/media?parent=31259"}],"wp:term":[{"taxonomy":"product_brand","embeddable":true,"href":"https:\/\/nordicmart.andreevmaster.com\/fi\/wp-json\/wp\/v2\/product_brand?post=31259"},{"taxonomy":"product_cat","embeddable":true,"href":"https:\/\/nordicmart.andreevmaster.com\/fi\/wp-json\/wp\/v2\/product_cat?post=31259"},{"taxonomy":"product_tag","embeddable":true,"href":"https:\/\/nordicmart.andreevmaster.com\/fi\/wp-json\/wp\/v2\/product_tag?post=31259"}],"curies":[{"name":"wp","href":"https:\/\/api.w.org\/{rel}","templated":true}]}}