{"id":31257,"date":"2026-02-27T00:12:53","date_gmt":"2026-02-27T00:12:53","guid":{"rendered":"https:\/\/nordicmart.andreevmaster.com\/product\/songmics-yksiportainen-teras-tikkaat\/"},"modified":"2026-02-27T09:35:47","modified_gmt":"2026-02-27T09:35:47","slug":"songmics-yksiportainen-teras-tikkaat","status":"publish","type":"product","link":"https:\/\/nordicmart.andreevmaster.com\/fi\/tuote\/songmics-yksiportainen-teras-tikkaat\/","title":{"rendered":"SONGMICS yksiportainen ter\u00e4s tikkaat"},"content":{"rendered":"<p>SONGMICS tikkaat, taitettava tikkaat, yksiportainen tikkaat, ter\u00e4ksinen jakkara, SGS-testattu, luistamaton kumimatto, kylpyhuoneeseen, keitti\u00f6\u00f6n, kantavuus enint\u00e4\u00e4n 150 kg, 37,5 x 26,5 x 17,5 cm, valkoinen GSL01WT<br \/>\nV\u00e4ri: harmaa<br \/>\nMateriaali: ter\u00e4s<br \/>\nKoko avattuna: 32 x 44 x 17,5 cm (S x L x K)<br \/>\nKokoontaitettuna: 4 x 26 x 38 cm (S x L x K)<br \/>\nPaino: 1,9 kg<br \/>\nMaks. staattinen kantavuus: 150 kg<\/p>\n","protected":false},"excerpt":{"rendered":"<p>SONGMICS tikkaat, taitettava tikkaat, yksiportainen tikkaat, ter\u00e4ksinen jakkara, SGS-testattu, luistamaton kumimatto, kylpyhuoneeseen, keitti\u00f6\u00f6n, kantavuus enint\u00e4\u00e4n 150 kg, 37,5 x 26,5 x 17,5 cm, valkoinen GSL01WT<\/p>\n","protected":false},"featured_media":40434,"comment_status":"open","ping_status":"closed","template":"","meta":[],"product_brand":[],"product_cat":[32],"product_tag":[],"class_list":{"0":"post-31257","1":"product","2":"type-product","3":"status-publish","4":"has-post-thumbnail","6":"product_cat-uncategorized-fi","8":"first","9":"instock","10":"shipping-taxable","11":"purchasable","12":"product-type-simple"},"_links":{"self":[{"href":"https:\/\/nordicmart.andreevmaster.com\/fi\/wp-json\/wp\/v2\/product\/31257","targetHints":{"allow":["GET"]}}],"collection":[{"href":"https:\/\/nordicmart.andreevmaster.com\/fi\/wp-json\/wp\/v2\/product"}],"about":[{"href":"https:\/\/nordicmart.andreevmaster.com\/fi\/wp-json\/wp\/v2\/types\/product"}],"replies":[{"embeddable":true,"href":"https:\/\/nordicmart.andreevmaster.com\/fi\/wp-json\/wp\/v2\/comments?post=31257"}],"wp:featuredmedia":[{"embeddable":true,"href":"https:\/\/nordicmart.andreevmaster.com\/fi\/wp-json\/wp\/v2\/media\/40434"}],"wp:attachment":[{"href":"https:\/\/nordicmart.andreevmaster.com\/fi\/wp-json\/wp\/v2\/media?parent=31257"}],"wp:term":[{"taxonomy":"product_brand","embeddable":true,"href":"https:\/\/nordicmart.andreevmaster.com\/fi\/wp-json\/wp\/v2\/product_brand?post=31257"},{"taxonomy":"product_cat","embeddable":true,"href":"https:\/\/nordicmart.andreevmaster.com\/fi\/wp-json\/wp\/v2\/product_cat?post=31257"},{"taxonomy":"product_tag","embeddable":true,"href":"https:\/\/nordicmart.andreevmaster.com\/fi\/wp-json\/wp\/v2\/product_tag?post=31257"}],"curies":[{"name":"wp","href":"https:\/\/api.w.org\/{rel}","templated":true}]}}