{"id":31254,"date":"2026-02-27T00:12:52","date_gmt":"2026-02-27T00:12:52","guid":{"rendered":"https:\/\/nordicmart.andreevmaster.com\/product\/songmics-aurinkopurje-camping-hiekankeltainen\/"},"modified":"2026-02-27T09:35:46","modified_gmt":"2026-02-27T09:35:46","slug":"songmics-aurinkopurje-camping-hiekankeltainen","status":"publish","type":"product","link":"https:\/\/nordicmart.andreevmaster.com\/fi\/tuote\/songmics-aurinkopurje-camping-hiekankeltainen\/","title":{"rendered":"SONGMICS aurinkopurje  Camping hiekankeltainen"},"content":{"rendered":"<p>SONGMICS aurinkopurje \u2013 aika harkitulle aurinkosuojalle. Kaikkialla. Kun rentoudut kauniina kes\u00e4p\u00e4iv\u00e4n\u00e4 puutarhatuolissasi ja katsot uutta aurinkopurjetta juuri ennen kuin suljet silm\u00e4si, unelmoit varmasti j\u00e4nnitt\u00e4v\u00e4st\u00e4 purjehduksesta eksoottisiin maihin. \u00c4l\u00e4 huoli, jos pieni p\u00e4iv\u00e4unesi ulkona kest\u00e4\u00e4 hieman kauemmin. Suuri aurinkosuoja p\u00e4\u00e4ll\u00e4si suojaa erinomaisesti UV-s\u00e4teilylt\u00e4. On selv\u00e4\u00e4, ett\u00e4 t\u00e4m\u00e4 purje sopii t\u00e4ydellisesti puutarhaan, terassille tai parvekkeelle. K\u00e4yt\u00e4 sit\u00e4 esimerkiksi my\u00f6s suojaamaan lastesi yksityist\u00e4 leikkikentt\u00e4\u00e4 tai uima-allasta auringolta, sill\u00e4 lasten iho on erityisen herkk\u00e4 UV-s\u00e4teilylle.Aurinkopurje on my\u00f6s uskollinen kumppani leirint\u00e4alueella. Kiinnit\u00e4 se esimerkiksi asuntovaunun oviaukon eteen ja muokkaa siit\u00e4 er\u00e4\u00e4nlainen eteisteltta. Aurinkopurje sopii t\u00e4ydellisesti my\u00f6s suojaamaan perhett\u00e4si ja yst\u00e4vi\u00e4si, jotka istuvat n\u00e4lk\u00e4isin\u00e4 grillin \u00e4\u00e4ress\u00e4, liialta auringonvalolta.Harkitse aurinkoseilaa my\u00f6s, jos haluat varustaa liiketilasi, kuten kahvilan tai ravintolan ulkotilan, riitt\u00e4v\u00e4ll\u00e4 aurinkosuojalla. N\u00e4in asiakkaasi voivat nauttia erikoisuuksistasi varjossa. T\u00e4t\u00e4 aurinkoseilaa voidaan siis k\u00e4ytt\u00e4\u00e4 joustavasti monissa eri paikoissa. Mihin aiot ripustaa sen? Tuotetiedot:V\u00e4ri: hiekka Materiaali: polyesteri (160 g\/m\u00b2) Koko: 3,6 x 3,6 m Paino: 2,5 kg Toimitus sis\u00e4lt\u00e4\u00e4: 1 x aurinkopurje ja laukku 4 x kiinnitysk\u00f6ysi SONGICSin ohjeet: Kallista kangasta 25 astetta, jotta sadevesi valuu pois sujuvasti.S\u00e4ilyt\u00e4 aurinkopurje suojaisessa paikassa myrskyn aikana tai talvella. Puhdista purje miedolla puhdistusaineella tai vedell\u00e4. \u00c4l\u00e4 miss\u00e4\u00e4n tapauksessa k\u00e4yt\u00e4 kovaa harjaa tai kemiallisia nesteit\u00e4. Varo ripustamasta purjetta v\u00e4\u00e4rin p\u00e4in.<\/p>\n","protected":false},"excerpt":{"rendered":"<p>SONGMICS aurinkopurje 3,6 x 3,6 m, vedenpit\u00e4v\u00e4 v\u00e4hint\u00e4\u00e4n 1000 mm vesipatsaalla, 93 % UV-suoja, aurinkosuoja rep\u00e4isylujaa polyesteri\u00e4, s\u00e4\u00e4nkest\u00e4v\u00e4, puutarha, parveke, terassi, retkeily, hiekankeltainen GSH36EY<\/p>\n","protected":false},"featured_media":40432,"comment_status":"open","ping_status":"closed","template":"","meta":[],"product_brand":[],"product_cat":[32],"product_tag":[],"class_list":{"0":"post-31254","1":"product","2":"type-product","3":"status-publish","4":"has-post-thumbnail","6":"product_cat-uncategorized-fi","8":"first","9":"instock","10":"shipping-taxable","11":"purchasable","12":"product-type-simple"},"_links":{"self":[{"href":"https:\/\/nordicmart.andreevmaster.com\/fi\/wp-json\/wp\/v2\/product\/31254","targetHints":{"allow":["GET"]}}],"collection":[{"href":"https:\/\/nordicmart.andreevmaster.com\/fi\/wp-json\/wp\/v2\/product"}],"about":[{"href":"https:\/\/nordicmart.andreevmaster.com\/fi\/wp-json\/wp\/v2\/types\/product"}],"replies":[{"embeddable":true,"href":"https:\/\/nordicmart.andreevmaster.com\/fi\/wp-json\/wp\/v2\/comments?post=31254"}],"wp:featuredmedia":[{"embeddable":true,"href":"https:\/\/nordicmart.andreevmaster.com\/fi\/wp-json\/wp\/v2\/media\/40432"}],"wp:attachment":[{"href":"https:\/\/nordicmart.andreevmaster.com\/fi\/wp-json\/wp\/v2\/media?parent=31254"}],"wp:term":[{"taxonomy":"product_brand","embeddable":true,"href":"https:\/\/nordicmart.andreevmaster.com\/fi\/wp-json\/wp\/v2\/product_brand?post=31254"},{"taxonomy":"product_cat","embeddable":true,"href":"https:\/\/nordicmart.andreevmaster.com\/fi\/wp-json\/wp\/v2\/product_cat?post=31254"},{"taxonomy":"product_tag","embeddable":true,"href":"https:\/\/nordicmart.andreevmaster.com\/fi\/wp-json\/wp\/v2\/product_tag?post=31254"}],"curies":[{"name":"wp","href":"https:\/\/api.w.org\/{rel}","templated":true}]}}