{"id":31252,"date":"2026-02-27T00:12:52","date_gmt":"2026-02-27T00:12:52","guid":{"rendered":"https:\/\/nordicmart.andreevmaster.com\/product\/songmics-aurinkopurje-camping-vaaleanharmaa\/"},"modified":"2026-02-27T09:35:46","modified_gmt":"2026-02-27T09:35:46","slug":"songmics-aurinkopurje-camping-vaaleanharmaa","status":"publish","type":"product","link":"https:\/\/nordicmart.andreevmaster.com\/fi\/tuote\/songmics-aurinkopurje-camping-vaaleanharmaa\/","title":{"rendered":"SONGMICS aurinkopurje Camping vaaleanharmaa"},"content":{"rendered":"<p>Asennukseen ei tarvita ty\u00f6kaluja! Aseta aurinkopurje levitettyn\u00e4 paikkaan, jossa tarvitset aurinkosuojaa. Etsi sitten 6 kiinnityskohtaa, joihin haluat kiinnitt\u00e4\u00e4 k\u00f6ydet. Ne ovat 2 m pitki\u00e4, joten etsi puita, paaluja tai muita vakaita esineit\u00e4 t\u00e4ll\u00e4 s\u00e4teell\u00e4.Muuten, toisin kuin muut t\u00e4m\u00e4n kokoiset purjeet, t\u00e4m\u00e4 malli on varustettu 6 ruostumattomasta ter\u00e4ksest\u00e4 valmistetulla renkaalla, jotta voit kiinnitt\u00e4\u00e4 purjeen viel\u00e4 tasaisemmin. Mihin paikkoihin t\u00e4m\u00e4 aurinkosuoja sopii? Onko sinulla 4 kiinnityspistett\u00e4 ja riitt\u00e4v\u00e4sti tilaa 3 x 5 m:n kokoiselle purjeelle? Sitten t\u00e4m\u00e4 on t\u00e4ydellinen paikka uudelle aurinkosuojallesi, olipa se leirint\u00e4alueella, puutarhassasi tai uima-altaasi yll\u00e4.Tuotetiedot: Materiaali: polyesteri (160 g) Koko: 3 x 5 m Nettopaino: 3 kg Toimitus sis\u00e4lt\u00e4\u00e4: 1 x aurinkopurje PE-pussilla 4 x kiinnitysk\u00f6ysi SONGMICS-ohjeet: Kallista kangasta 25 astetta, jotta sadevesi valuu pois sujuvasti.S\u00e4ilyt\u00e4 aurinkopurje myrskyn aikana tai talvella suojatussa paikassa. Puhdista purje miedolla puhdistusaineella tai vedell\u00e4. \u00c4l\u00e4 miss\u00e4\u00e4n tapauksessa k\u00e4yt\u00e4 kovaa harjaa tai kemiallisia nesteit\u00e4. Varo ripustamasta purjetta v\u00e4\u00e4rin p\u00e4in.<\/p>\n","protected":false},"excerpt":{"rendered":"<p>SONGMICS aurinkopurje 3 x 5 m, vedenpit\u00e4v\u00e4 (v\u00e4hint\u00e4\u00e4n 1000 mm), UV-suoja, aurinkosuoja, valmistettu kest\u00e4v\u00e4st\u00e4 polyesterist\u00e4, 93 % auringon s\u00e4teily\u00e4, s\u00e4\u00e4nkest\u00e4v\u00e4, puutarha, parveke, terassi, retkeily, vaaleanharmaa GSH35QY<\/p>\n","protected":false},"featured_media":40430,"comment_status":"open","ping_status":"closed","template":"","meta":[],"product_brand":[],"product_cat":[32],"product_tag":[],"class_list":{"0":"post-31252","1":"product","2":"type-product","3":"status-publish","4":"has-post-thumbnail","6":"product_cat-uncategorized-fi","8":"first","9":"instock","10":"shipping-taxable","11":"purchasable","12":"product-type-simple"},"_links":{"self":[{"href":"https:\/\/nordicmart.andreevmaster.com\/fi\/wp-json\/wp\/v2\/product\/31252","targetHints":{"allow":["GET"]}}],"collection":[{"href":"https:\/\/nordicmart.andreevmaster.com\/fi\/wp-json\/wp\/v2\/product"}],"about":[{"href":"https:\/\/nordicmart.andreevmaster.com\/fi\/wp-json\/wp\/v2\/types\/product"}],"replies":[{"embeddable":true,"href":"https:\/\/nordicmart.andreevmaster.com\/fi\/wp-json\/wp\/v2\/comments?post=31252"}],"wp:featuredmedia":[{"embeddable":true,"href":"https:\/\/nordicmart.andreevmaster.com\/fi\/wp-json\/wp\/v2\/media\/40430"}],"wp:attachment":[{"href":"https:\/\/nordicmart.andreevmaster.com\/fi\/wp-json\/wp\/v2\/media?parent=31252"}],"wp:term":[{"taxonomy":"product_brand","embeddable":true,"href":"https:\/\/nordicmart.andreevmaster.com\/fi\/wp-json\/wp\/v2\/product_brand?post=31252"},{"taxonomy":"product_cat","embeddable":true,"href":"https:\/\/nordicmart.andreevmaster.com\/fi\/wp-json\/wp\/v2\/product_cat?post=31252"},{"taxonomy":"product_tag","embeddable":true,"href":"https:\/\/nordicmart.andreevmaster.com\/fi\/wp-json\/wp\/v2\/product_tag?post=31252"}],"curies":[{"name":"wp","href":"https:\/\/api.w.org\/{rel}","templated":true}]}}