{"id":31249,"date":"2026-02-27T00:12:51","date_gmt":"2026-02-27T00:12:51","guid":{"rendered":"https:\/\/nordicmart.andreevmaster.com\/product\/songmics-aurinkopurje-3-x-5-m\/"},"modified":"2026-02-27T09:35:46","modified_gmt":"2026-02-27T09:35:46","slug":"songmics-aurinkopurje-3-x-5-m","status":"publish","type":"product","link":"https:\/\/nordicmart.andreevmaster.com\/fi\/tuote\/songmics-aurinkopurje-3-x-5-m\/","title":{"rendered":"SONGMICS aurinkopurje 3 x 5 m"},"content":{"rendered":"<p>Heti kun kev\u00e4\u00e4n ensimm\u00e4iset auringons\u00e4teet n\u00e4kyv\u00e4t, on pakko menn\u00e4 ulos nauttimaan auringosta. Kun l\u00e4mp\u00f6tilat nousevat, voit nauttia rauhasta ja rentoutumisesta elinvoimaa her\u00e4tt\u00e4vien auringons\u00e4teiden alla aurinkosuojan alla. Ihanteellinen suoja puutarhassa auringolta: Aurinkopurjeiden etuna on, ett\u00e4 ne ovat markiiseja joustavammin asennettavia ja nopeasti purettavia ja koottavia. Verrattuna aurinkovarjoon aurinkoseilin peitt\u00e4m\u00e4 pinta-ala on moninkertainen, eik\u00e4 siin\u00e4 ole h\u00e4iritsev\u00e4\u00e4 jalustaa. Aurinkoseilill\u00e4mme saat puutarhaan t\u00e4ydellisen suojan auringon s\u00e4teilylt\u00e4. Olipa kyseess\u00e4 terassi, parveke, uima-allas, autokatos tai leikkivien lasten suojaaminen \u2013 aurinkopurjeemme voidaan kiinnitt\u00e4\u00e4 joustavasti. V\u00e4rinkest\u00e4v\u00e4: T\u00dcV Rheinlandin standardin ISO 105-B02 mukainen v\u00e4rinkest\u00e4v\u00e4, pysyv\u00e4sti v\u00e4rivakaa ja haalistumaton. Lis\u00e4\u00e4 turvallisuutta korkealaatuisella valmistuksella: Valitsemamme materiaali on korkealaatuista, rep\u00e4isylujuista polyesteri\u00e4. Purje on vahvistettu reunojen saumoissa erityisell\u00e4 korkealaatuisella nauhalla, joka on ommeltu kiinni lis\u00e4\u00e4m\u00e4\u00e4n vakautta. Kulmat on my\u00f6s vahvistettu useita kertoja. Tuotetiedot: &#8211; Materiaali: PES (polyesterikangas) &#8211; Materiaalin paino: 160 g\/m\u00b2 &#8211; Mitat: 3 x 5 m. Toimitus sis\u00e4lt\u00e4\u00e4: &#8211; 1 x aurinkopurje &#8211; 4 x kiinnitysk\u00f6ysi. Huomioi pitk\u00e4ik\u00e4isyyden takaamiseksi: &#8211; Poista purje huonolla s\u00e4\u00e4ll\u00e4 ja myrskyn, ukkosen, raekuurojen, voimakkaan tuulen ja talvikuukausien aikana. &#8211; Varmista asennuksen aikana, ett\u00e4 yl\u00e4- ja alaosa on kiinnitetty oikein.<\/p>\n","protected":false},"excerpt":{"rendered":"<p>SONGMICS aurinkopurje 3 x 5 m, vedenpit\u00e4v\u00e4 (v\u00e4hint\u00e4\u00e4n 1000 mm), UV-suoja, aurinkosuoja, valmistettu kest\u00e4v\u00e4st\u00e4 polyesterist\u00e4, 93 % auringon s\u00e4teily\u00e4, s\u00e4\u00e4nkest\u00e4v\u00e4, puutarha, parveke, terassi, retkeily, vaaleanharmaa GSH35QY<\/p>\n","protected":false},"featured_media":40428,"comment_status":"open","ping_status":"closed","template":"","meta":[],"product_brand":[],"product_cat":[32],"product_tag":[],"class_list":{"0":"post-31249","1":"product","2":"type-product","3":"status-publish","4":"has-post-thumbnail","6":"product_cat-uncategorized-fi","8":"first","9":"instock","10":"shipping-taxable","11":"purchasable","12":"product-type-simple"},"_links":{"self":[{"href":"https:\/\/nordicmart.andreevmaster.com\/fi\/wp-json\/wp\/v2\/product\/31249","targetHints":{"allow":["GET"]}}],"collection":[{"href":"https:\/\/nordicmart.andreevmaster.com\/fi\/wp-json\/wp\/v2\/product"}],"about":[{"href":"https:\/\/nordicmart.andreevmaster.com\/fi\/wp-json\/wp\/v2\/types\/product"}],"replies":[{"embeddable":true,"href":"https:\/\/nordicmart.andreevmaster.com\/fi\/wp-json\/wp\/v2\/comments?post=31249"}],"wp:featuredmedia":[{"embeddable":true,"href":"https:\/\/nordicmart.andreevmaster.com\/fi\/wp-json\/wp\/v2\/media\/40428"}],"wp:attachment":[{"href":"https:\/\/nordicmart.andreevmaster.com\/fi\/wp-json\/wp\/v2\/media?parent=31249"}],"wp:term":[{"taxonomy":"product_brand","embeddable":true,"href":"https:\/\/nordicmart.andreevmaster.com\/fi\/wp-json\/wp\/v2\/product_brand?post=31249"},{"taxonomy":"product_cat","embeddable":true,"href":"https:\/\/nordicmart.andreevmaster.com\/fi\/wp-json\/wp\/v2\/product_cat?post=31249"},{"taxonomy":"product_tag","embeddable":true,"href":"https:\/\/nordicmart.andreevmaster.com\/fi\/wp-json\/wp\/v2\/product_tag?post=31249"}],"curies":[{"name":"wp","href":"https:\/\/api.w.org\/{rel}","templated":true}]}}