{"id":31248,"date":"2026-02-27T00:12:51","date_gmt":"2026-02-27T00:12:51","guid":{"rendered":"https:\/\/nordicmart.andreevmaster.com\/product\/songmics-aurinkopurje-3-x-4-m-vesipatsas-suorakulmainen\/"},"modified":"2026-02-27T09:35:46","modified_gmt":"2026-02-27T09:35:46","slug":"songmics-aurinkopurje-3-x-4-m-vesipatsas-suorakulmainen","status":"publish","type":"product","link":"https:\/\/nordicmart.andreevmaster.com\/fi\/tuote\/songmics-aurinkopurje-3-x-4-m-vesipatsas-suorakulmainen\/","title":{"rendered":"SONGMICS aurinkopurje 3 x 4 m, vesipatsas, suorakulmainen"},"content":{"rendered":"<p>SONGMICS aurinkopurje 3 x 5 m, vedenpit\u00e4v\u00e4 (v\u00e4hint\u00e4\u00e4n 1000 mm), UV-suoja, aurinkosuoja, valmistettu kest\u00e4v\u00e4st\u00e4 polyesterist\u00e4, 93 % auringon s\u00e4teily\u00e4, s\u00e4\u00e4nkest\u00e4v\u00e4, puutarha, parveke, terassi, retkeily, vaaleanharmaa GSH35QY<br \/>\nV\u00e4ri: hiekankeltainen<br \/>\nMateriaali: 160 g\/m\u00b2 polyesterikangas PU-pinnoitteella, ruostumaton ter\u00e4srengas<br \/>\nKoko: 3 x 5 m (P x L)<br \/>\nPaino: 2,4 kg<\/p>\n","protected":false},"excerpt":{"rendered":"<p>SONGMICS aurinkopurje 3 x 5 m, vedenpit\u00e4v\u00e4 (v\u00e4hint\u00e4\u00e4n 1000 mm), UV-suoja, aurinkosuoja, valmistettu kest\u00e4v\u00e4st\u00e4 polyesterist\u00e4, 93 % auringon s\u00e4teily\u00e4, s\u00e4\u00e4nkest\u00e4v\u00e4, puutarha, parveke, terassi, retkeily, vaaleanharmaa GSH35QY<\/p>\n","protected":false},"featured_media":40427,"comment_status":"open","ping_status":"closed","template":"","meta":[],"product_brand":[],"product_cat":[32],"product_tag":[],"class_list":{"0":"post-31248","1":"product","2":"type-product","3":"status-publish","4":"has-post-thumbnail","6":"product_cat-uncategorized-fi","8":"first","9":"instock","10":"shipping-taxable","11":"purchasable","12":"product-type-simple"},"_links":{"self":[{"href":"https:\/\/nordicmart.andreevmaster.com\/fi\/wp-json\/wp\/v2\/product\/31248","targetHints":{"allow":["GET"]}}],"collection":[{"href":"https:\/\/nordicmart.andreevmaster.com\/fi\/wp-json\/wp\/v2\/product"}],"about":[{"href":"https:\/\/nordicmart.andreevmaster.com\/fi\/wp-json\/wp\/v2\/types\/product"}],"replies":[{"embeddable":true,"href":"https:\/\/nordicmart.andreevmaster.com\/fi\/wp-json\/wp\/v2\/comments?post=31248"}],"wp:featuredmedia":[{"embeddable":true,"href":"https:\/\/nordicmart.andreevmaster.com\/fi\/wp-json\/wp\/v2\/media\/40427"}],"wp:attachment":[{"href":"https:\/\/nordicmart.andreevmaster.com\/fi\/wp-json\/wp\/v2\/media?parent=31248"}],"wp:term":[{"taxonomy":"product_brand","embeddable":true,"href":"https:\/\/nordicmart.andreevmaster.com\/fi\/wp-json\/wp\/v2\/product_brand?post=31248"},{"taxonomy":"product_cat","embeddable":true,"href":"https:\/\/nordicmart.andreevmaster.com\/fi\/wp-json\/wp\/v2\/product_cat?post=31248"},{"taxonomy":"product_tag","embeddable":true,"href":"https:\/\/nordicmart.andreevmaster.com\/fi\/wp-json\/wp\/v2\/product_tag?post=31248"}],"curies":[{"name":"wp","href":"https:\/\/api.w.org\/{rel}","templated":true}]}}