{"id":31247,"date":"2026-02-27T00:12:50","date_gmt":"2026-02-27T00:12:50","guid":{"rendered":"https:\/\/nordicmart.andreevmaster.com\/product\/songmics-aurinkopurje-3-x-4-m-suorakulmainen-taupe\/"},"modified":"2026-02-27T09:35:45","modified_gmt":"2026-02-27T09:35:45","slug":"songmics-aurinkopurje-3-x-4-m-suorakulmainen-taupe","status":"publish","type":"product","link":"https:\/\/nordicmart.andreevmaster.com\/fi\/tuote\/songmics-aurinkopurje-3-x-4-m-suorakulmainen-taupe\/","title":{"rendered":"SONGMICS aurinkopurje 3 x 4 m, suorakulmainen, taupe"},"content":{"rendered":"<p>SONGMICS 3 x 4 m PES-aurinkopurje puutarhaan, s\u00e4\u00e4nkest\u00e4v\u00e4, aurinkosuoja, polyesteri, antrasiitti GSH34GYV1<br \/>\nV\u00e4ri: taupe<br \/>\nMateriaali: 160 g\/m\u00b2 polyesterikangas PU-pinnoitteella, ruostumaton ter\u00e4srengas<br \/>\nKoko: 3 x 4 m (P x L)<br \/>\nPaino: 1,9 kg<\/p>\n","protected":false},"excerpt":{"rendered":"<p>SONGMICS 3 x 4 m PES-aurinkopurje puutarhaan, s\u00e4\u00e4nkest\u00e4v\u00e4, aurinkosuoja, polyesteri, antrasiitti GSH34GYV1<\/p>\n","protected":false},"featured_media":40426,"comment_status":"open","ping_status":"closed","template":"","meta":[],"product_brand":[],"product_cat":[32],"product_tag":[],"class_list":{"0":"post-31247","1":"product","2":"type-product","3":"status-publish","4":"has-post-thumbnail","6":"product_cat-uncategorized-fi","8":"first","9":"instock","10":"shipping-taxable","11":"purchasable","12":"product-type-simple"},"_links":{"self":[{"href":"https:\/\/nordicmart.andreevmaster.com\/fi\/wp-json\/wp\/v2\/product\/31247","targetHints":{"allow":["GET"]}}],"collection":[{"href":"https:\/\/nordicmart.andreevmaster.com\/fi\/wp-json\/wp\/v2\/product"}],"about":[{"href":"https:\/\/nordicmart.andreevmaster.com\/fi\/wp-json\/wp\/v2\/types\/product"}],"replies":[{"embeddable":true,"href":"https:\/\/nordicmart.andreevmaster.com\/fi\/wp-json\/wp\/v2\/comments?post=31247"}],"wp:featuredmedia":[{"embeddable":true,"href":"https:\/\/nordicmart.andreevmaster.com\/fi\/wp-json\/wp\/v2\/media\/40426"}],"wp:attachment":[{"href":"https:\/\/nordicmart.andreevmaster.com\/fi\/wp-json\/wp\/v2\/media?parent=31247"}],"wp:term":[{"taxonomy":"product_brand","embeddable":true,"href":"https:\/\/nordicmart.andreevmaster.com\/fi\/wp-json\/wp\/v2\/product_brand?post=31247"},{"taxonomy":"product_cat","embeddable":true,"href":"https:\/\/nordicmart.andreevmaster.com\/fi\/wp-json\/wp\/v2\/product_cat?post=31247"},{"taxonomy":"product_tag","embeddable":true,"href":"https:\/\/nordicmart.andreevmaster.com\/fi\/wp-json\/wp\/v2\/product_tag?post=31247"}],"curies":[{"name":"wp","href":"https:\/\/api.w.org\/{rel}","templated":true}]}}