{"id":31245,"date":"2026-02-27T00:12:50","date_gmt":"2026-02-27T00:12:50","guid":{"rendered":"https:\/\/nordicmart.andreevmaster.com\/product\/songmics-3-x-4-m-pes-aurinkopurje-puutarhaan-gsh34ivv1\/"},"modified":"2026-02-27T09:35:45","modified_gmt":"2026-02-27T09:35:45","slug":"songmics-3-x-4-m-pes-aurinkopurje-puutarhaan-gsh34ivv1","status":"publish","type":"product","link":"https:\/\/nordicmart.andreevmaster.com\/fi\/tuote\/songmics-3-x-4-m-pes-aurinkopurje-puutarhaan-gsh34ivv1\/","title":{"rendered":"SONGMICS 3 x 4 m PES-aurinkopurje puutarhaan GSH34IVV1"},"content":{"rendered":"<p>Ihanteellinen suoja puutarhassa auringolta Aurinkopurjeiden etuna on, ett\u00e4 ne ovat markiiseja joustavammin asennettavia ja nopeasti purettavia ja asennettavia. Verrattuna aurinkovarjoon aurinkopurjeen peitt\u00e4m\u00e4 pinta-ala on moninkertainen, eik\u00e4 siin\u00e4 ole h\u00e4iritsev\u00e4\u00e4 jalustaa. Aurinkopurjeellamme saat puutarhaan t\u00e4ydellisen suojan auringonvalolta. Olipa kyseess\u00e4 terassi, parveke, uima-allas, autokatos tai leikkivien lasten suojaaminen \u2013 aurinkopurjeemme voidaan kiinnitt\u00e4\u00e4 joustavasti. V\u00e4ri on v\u00e4rinkest\u00e4v\u00e4 T\u00dcV Rheinlandin standardin ISO 105-B02 mukaisesti, ja se on pysyv\u00e4sti v\u00e4rivakaa eik\u00e4 haalistu.Helppo kiinnitt\u00e4\u00e4 Aurinkopurjeemme kiinnitet\u00e4\u00e4n mukana toimitetuilla kiinnitysk\u00f6ysill\u00e4 pylv\u00e4isiin, tankoihin tai puihin. K\u00f6ydet ovat valmistettu PE-muovista. Varmista, ett\u00e4 k\u00f6ydet ovat kunnolla kiinni. Toimitus sis\u00e4lt\u00e4\u00e4 4 k\u00f6ytt\u00e4 per purje ja 3 k\u00f6ytt\u00e4 per kolmionmuotoinen kangas. Lis\u00e4\u00e4 turvallisuutta korkealaatuisella valmistuksella Valitsemamme materiaali on korkealaatuista, rep\u00e4isylujuista polyesteri\u00e4. Purje on vahvistettu reunojen saumoissa erityisell\u00e4 korkealaatuisella nauhalla, joka on ommeltu kiinni lis\u00e4\u00e4m\u00e4\u00e4n vakautta. Kulmat on my\u00f6s vahvistettu useita kertoja. Tuotetiedot: Materiaali: PES (polyesterikangas) Materiaalin paino: 160 g\/m\u00b2 Mitat: 3 x 4 m Toimitus sis\u00e4lt\u00e4\u00e4: 1 x aurinkopurje 4 x kiinnitysk\u00f6ysi Huomioitavaa pitk\u00e4n k\u00e4ytt\u00f6i\u00e4n varmistamiseksi Asenna aurinkopurje 20 asteen kulmaan, jotta sade ei aiheuta vesitaskuja.Irrota aurinkopurje huonolla s\u00e4\u00e4ll\u00e4 ja myrskyn, ukkosen, raekuurojen, voimakkaan tuulen aikana sek\u00e4 talvikuukausina. \u00c4l\u00e4 pese aurinkosuojaa vedell\u00e4. Varmista asennuksen aikana, ett\u00e4 yl\u00e4- ja alaosa on kiinnitetty oikein.<\/p>\n","protected":false},"excerpt":{"rendered":"<p>SONGMICS 3 x 4 m PES-aurinkopurje puutarhaan, s\u00e4\u00e4nkest\u00e4v\u00e4, aurinkosuoja, polyesteri, antrasiitti GSH34GYV1<\/p>\n","protected":false},"featured_media":40424,"comment_status":"open","ping_status":"closed","template":"","meta":[],"product_brand":[],"product_cat":[32],"product_tag":[],"class_list":{"0":"post-31245","1":"product","2":"type-product","3":"status-publish","4":"has-post-thumbnail","6":"product_cat-uncategorized-fi","8":"first","9":"instock","10":"shipping-taxable","11":"purchasable","12":"product-type-simple"},"_links":{"self":[{"href":"https:\/\/nordicmart.andreevmaster.com\/fi\/wp-json\/wp\/v2\/product\/31245","targetHints":{"allow":["GET"]}}],"collection":[{"href":"https:\/\/nordicmart.andreevmaster.com\/fi\/wp-json\/wp\/v2\/product"}],"about":[{"href":"https:\/\/nordicmart.andreevmaster.com\/fi\/wp-json\/wp\/v2\/types\/product"}],"replies":[{"embeddable":true,"href":"https:\/\/nordicmart.andreevmaster.com\/fi\/wp-json\/wp\/v2\/comments?post=31245"}],"wp:featuredmedia":[{"embeddable":true,"href":"https:\/\/nordicmart.andreevmaster.com\/fi\/wp-json\/wp\/v2\/media\/40424"}],"wp:attachment":[{"href":"https:\/\/nordicmart.andreevmaster.com\/fi\/wp-json\/wp\/v2\/media?parent=31245"}],"wp:term":[{"taxonomy":"product_brand","embeddable":true,"href":"https:\/\/nordicmart.andreevmaster.com\/fi\/wp-json\/wp\/v2\/product_brand?post=31245"},{"taxonomy":"product_cat","embeddable":true,"href":"https:\/\/nordicmart.andreevmaster.com\/fi\/wp-json\/wp\/v2\/product_cat?post=31245"},{"taxonomy":"product_tag","embeddable":true,"href":"https:\/\/nordicmart.andreevmaster.com\/fi\/wp-json\/wp\/v2\/product_tag?post=31245"}],"curies":[{"name":"wp","href":"https:\/\/api.w.org\/{rel}","templated":true}]}}