{"id":31244,"date":"2026-02-27T00:12:50","date_gmt":"2026-02-27T00:12:50","guid":{"rendered":"https:\/\/nordicmart.andreevmaster.com\/product\/3-x-4-m-pes-markiisi-puutarhaan-gsh34ivv1\/"},"modified":"2026-02-27T09:35:45","modified_gmt":"2026-02-27T09:35:45","slug":"3-x-4-m-pes-markiisi-puutarhaan-gsh34ivv1","status":"publish","type":"product","link":"https:\/\/nordicmart.andreevmaster.com\/fi\/tuote\/3-x-4-m-pes-markiisi-puutarhaan-gsh34ivv1\/","title":{"rendered":"3 x 4 m PES-markiisi puutarhaan GSH34IVV1"},"content":{"rendered":"<p>Ideel beskyttelse mod solen i haven Solsejl har den fordel, at de i mods\u00e6tning til markiser kan s\u00e6ttes op p\u00e5 en mere fleksibel m\u00e5de og hurtigt kan tages ned og s\u00e6ttes op igen. Verrattuna aurinkovarjoon markiisin peitt\u00e4m\u00e4 alue on moninkertainen ilman \u00e4rsytt\u00e4v\u00e4\u00e4 jalustaa, ja markiisillamme saat t\u00e4ydellisen suojan auringon s\u00e4teilt\u00e4 puutarhassasi. Olipa kyseess\u00e4 terassi, parveke, uima-allas, autokatos tai leikkivien lasten suojaaminen \u2013 aurinkopurjeemme voidaan kiinnitt\u00e4\u00e4 joustavasti. V\u00e4ri- ja kest\u00e4vyys T\u00dcV Rheinlandin ISO 105-B02-standardin mukainen, v\u00e4ri- ja kest\u00e4vyys, ei haalistu.Helppo kiinnitt\u00e4\u00e4 Aurinkopurjeemme kiinnitet\u00e4\u00e4n pylv\u00e4isiin, tolppiin tai puihin mukana toimitettujen kiinnitysk\u00f6ysien avulla. K\u00f6ydet on valmistettu PE-muovista. Varmista, ett\u00e4 k\u00f6ydet ovat turvalliset ja tiukasti kiinni. Jokaisen purjeen mukana toimitetaan 4 nauhaa, kolmion muotoisen purjeen mukana 3 nauhaa. Lis\u00e4\u00e4 turvallisuutta korkean laadun ansiosta Valitsemamme materiaali on korkealaatuista, rep\u00e4isylujuista polyesteri\u00e4. Purje on vahvistettu reunojen ymp\u00e4ri saumoissa erityisell\u00e4 korkealaatuisella nauhalla, joka on my\u00f6s ommeltu sis\u00e4\u00e4n lis\u00e4\u00e4m\u00e4\u00e4n vakautta. Kulmat on my\u00f6s vahvistettu useita kertoja. Tuotetiedot: Materiaali: PES (polyesterikangas) Materiaalin paino: 160 g\/m\u00b2 Mitat: 3 x 4 m Toimitus sis\u00e4lt\u00e4\u00e4: 1 x aurinkopurje 4 x kiinnitysnauha Pitk\u00e4n k\u00e4ytt\u00f6i\u00e4n takaamiseksi aurinkopurje on kiinnitett\u00e4v\u00e4 20 asteen kulmaan, jotta siihen ei muodostu vesitaskuja sateella.Irrota huonoissa s\u00e4\u00e4olosuhteissa ja kovassa s\u00e4\u00e4ss\u00e4, kuten myrskyss\u00e4, ukkosessa, raekuurossa, kovassa tuulessa ja talvikuukausina. \u00c4l\u00e4 pese aurinkovarjoa vedell\u00e4. Varmista, ett\u00e4 kiinnit\u00e4t yl\u00e4- ja alaosan oikein asennuksen aikana.<\/p>\n","protected":false},"excerpt":{"rendered":"<p>Ideel beskyttelse mod solen i haven Solsejl har den fordel, at de i mods\u00e6tning til markiser kan s\u00e6ttes op p\u00e5 en mere fleksibel m\u00e5de og hurtigt kan tages ned og s\u00e6ttes op igen. Verrattuna aurinkovarjoon markiisin peitt\u00e4m\u00e4 alue on moninkertainen ilman \u00e4rsytt\u00e4v\u00e4\u00e4 jalustaa, ja markiisillamme saat t\u00e4ydellisen suojan auringon s\u00e4teilt\u00e4 puutarhassasi. Olipa kyseess\u00e4 terassi, parveke, [&hellip;]<\/p>\n","protected":false},"featured_media":0,"comment_status":"open","ping_status":"closed","template":"","meta":[],"product_brand":[],"product_cat":[32],"product_tag":[],"class_list":{"0":"post-31244","1":"product","2":"type-product","3":"status-publish","5":"product_cat-uncategorized-fi","7":"first","8":"instock","9":"shipping-taxable","10":"product-type-simple"},"_links":{"self":[{"href":"https:\/\/nordicmart.andreevmaster.com\/fi\/wp-json\/wp\/v2\/product\/31244","targetHints":{"allow":["GET"]}}],"collection":[{"href":"https:\/\/nordicmart.andreevmaster.com\/fi\/wp-json\/wp\/v2\/product"}],"about":[{"href":"https:\/\/nordicmart.andreevmaster.com\/fi\/wp-json\/wp\/v2\/types\/product"}],"replies":[{"embeddable":true,"href":"https:\/\/nordicmart.andreevmaster.com\/fi\/wp-json\/wp\/v2\/comments?post=31244"}],"wp:attachment":[{"href":"https:\/\/nordicmart.andreevmaster.com\/fi\/wp-json\/wp\/v2\/media?parent=31244"}],"wp:term":[{"taxonomy":"product_brand","embeddable":true,"href":"https:\/\/nordicmart.andreevmaster.com\/fi\/wp-json\/wp\/v2\/product_brand?post=31244"},{"taxonomy":"product_cat","embeddable":true,"href":"https:\/\/nordicmart.andreevmaster.com\/fi\/wp-json\/wp\/v2\/product_cat?post=31244"},{"taxonomy":"product_tag","embeddable":true,"href":"https:\/\/nordicmart.andreevmaster.com\/fi\/wp-json\/wp\/v2\/product_tag?post=31244"}],"curies":[{"name":"wp","href":"https:\/\/api.w.org\/{rel}","templated":true}]}}