{"id":31243,"date":"2026-02-27T00:12:50","date_gmt":"2026-02-27T00:12:50","guid":{"rendered":"https:\/\/nordicmart.andreevmaster.com\/product\/songmics-3-x-4-m-pes-aurinkopurje-puutarhaan\/"},"modified":"2026-02-27T09:35:45","modified_gmt":"2026-02-27T09:35:45","slug":"songmics-3-x-4-m-pes-aurinkopurje-puutarhaan","status":"publish","type":"product","link":"https:\/\/nordicmart.andreevmaster.com\/fi\/tuote\/songmics-3-x-4-m-pes-aurinkopurje-puutarhaan\/","title":{"rendered":"SONGMICS 3 x 4 m PES-aurinkopurje puutarhaan"},"content":{"rendered":"<p>Ihanteellinen suoja puutarhassa auringolta Aurinkoseilojen etuna on, ett\u00e4 ne ovat markiiseja joustavammin asennettavia ja nopeasti purettavia ja koottavia. Verrattuna aurinkovarjoon aurinkoseilan peitt\u00e4m\u00e4 pinta-ala on moninkertainen, eik\u00e4 siin\u00e4 ole h\u00e4iritsev\u00e4\u00e4 jalustaa. Aurinkoseilamme tarjoaa puutarhaan t\u00e4ydellisen suojan auringonvalolta. Terassilla, parvekkeella, uima-altaan yll\u00e4, autokatoksena tai leikkivien lasten suojana \u2013 aurinkoseilamme voidaan kiinnitt\u00e4\u00e4 joustavasti. V\u00e4rienkest\u00e4v\u00e4  T\u00dcV Rheinlandin standardin ISO 105-B02 mukainen v\u00e4rienkest\u00e4v\u00e4, v\u00e4rinpit\u00e4v\u00e4 ja haalistumaton. Helppo kiinnitt\u00e4\u00e4 Aurinkopurjeemme kiinnitet\u00e4\u00e4n mukana toimitetuilla kiinnitysk\u00f6ysill\u00e4 pylv\u00e4isiin, tankoihin tai puihin. K\u00f6ydet ovat PE-muovia. Varmista, ett\u00e4 k\u00f6ydet ovat tukevasti ja lujasti kiinni. Mukana toimitetaan 4 k\u00f6ytt\u00e4 purjetta kohti, kolmionmuotoisen kankaan kohdalla 3 k\u00f6ytt\u00e4. Enemm\u00e4n turvallisuutta korkealaatuisen valmistuksen ansiosta Valitsemamme materiaali on korkealaatuista, rep\u00e4isylujuista polyesteri\u00e4. Purje on vahvistettu reunojen saumoissa erityisell\u00e4 korkealaatuisella nauhalla, joka on ommeltu kiinni lis\u00e4\u00e4m\u00e4\u00e4n vakautta. Kulmat on my\u00f6s vahvistettu useita kertoja. Tuotetiedot: Materiaali: PES (polyesterikangas) Materiaalin paino: 160 g\/m\u00b2 Mitat: 3 x 4 m Toimitus sis\u00e4lt\u00e4\u00e4: 1 x aurinkopurje 4 x kiinnitysk\u00f6ysi Huomioi seuraavat seikat pitk\u00e4n k\u00e4ytt\u00f6i\u00e4n varmistamiseksi: Asenna aurinkopurje 20 asteen kulmaan, jotta sadevesi ei kerry purjeeseen.- Poista aurinkopurje huonolla s\u00e4\u00e4ll\u00e4 ja myrskyn, ukkosen, raekuurojen, voimakkaan tuulen aikana sek\u00e4 talvikuukausina. &#8211; \u00c4l\u00e4 pese aurinkosuojaa vedell\u00e4. &#8211; Varmista asennuksen aikana, ett\u00e4 yl\u00e4- ja alaosa on kiinnitetty oikein.<\/p>\n","protected":false},"excerpt":{"rendered":"<p>SONGMICS 3 x 4 m PES-aurinkopurje puutarhaan, s\u00e4\u00e4nkest\u00e4v\u00e4, aurinkosuoja, polyesteri, antrasiitti GSH34GYV1<\/p>\n","protected":false},"featured_media":40423,"comment_status":"open","ping_status":"closed","template":"","meta":[],"product_brand":[],"product_cat":[32],"product_tag":[],"class_list":{"0":"post-31243","1":"product","2":"type-product","3":"status-publish","4":"has-post-thumbnail","6":"product_cat-uncategorized-fi","8":"first","9":"instock","10":"shipping-taxable","11":"purchasable","12":"product-type-simple"},"_links":{"self":[{"href":"https:\/\/nordicmart.andreevmaster.com\/fi\/wp-json\/wp\/v2\/product\/31243","targetHints":{"allow":["GET"]}}],"collection":[{"href":"https:\/\/nordicmart.andreevmaster.com\/fi\/wp-json\/wp\/v2\/product"}],"about":[{"href":"https:\/\/nordicmart.andreevmaster.com\/fi\/wp-json\/wp\/v2\/types\/product"}],"replies":[{"embeddable":true,"href":"https:\/\/nordicmart.andreevmaster.com\/fi\/wp-json\/wp\/v2\/comments?post=31243"}],"wp:featuredmedia":[{"embeddable":true,"href":"https:\/\/nordicmart.andreevmaster.com\/fi\/wp-json\/wp\/v2\/media\/40423"}],"wp:attachment":[{"href":"https:\/\/nordicmart.andreevmaster.com\/fi\/wp-json\/wp\/v2\/media?parent=31243"}],"wp:term":[{"taxonomy":"product_brand","embeddable":true,"href":"https:\/\/nordicmart.andreevmaster.com\/fi\/wp-json\/wp\/v2\/product_brand?post=31243"},{"taxonomy":"product_cat","embeddable":true,"href":"https:\/\/nordicmart.andreevmaster.com\/fi\/wp-json\/wp\/v2\/product_cat?post=31243"},{"taxonomy":"product_tag","embeddable":true,"href":"https:\/\/nordicmart.andreevmaster.com\/fi\/wp-json\/wp\/v2\/product_tag?post=31243"}],"curies":[{"name":"wp","href":"https:\/\/api.w.org\/{rel}","templated":true}]}}