{"id":31242,"date":"2026-02-27T00:12:49","date_gmt":"2026-02-27T00:12:49","guid":{"rendered":"https:\/\/nordicmart.andreevmaster.com\/product\/3-x-4-m-solsejl-solbeskyttelse-til-havens-balkon-og-terrasse-pes-polyester-93-uv-blokering-vandafvisende-rogfarvet-gra-2\/"},"modified":"2026-02-27T09:35:45","modified_gmt":"2026-02-27T09:35:45","slug":"3-x-4-m-solsejl-solbeskyttelse-til-havens-balkon-og-terrasse-pes-polyester-93-uv-blokering-vandafvisende-rogfarvet-gra-2","status":"publish","type":"product","link":"https:\/\/nordicmart.andreevmaster.com\/fi\/tuote\/3-x-4-m-solsejl-solbeskyttelse-til-havens-balkon-og-terrasse-pes-polyester-93-uv-blokering-vandafvisende-rogfarvet-gra-2\/","title":{"rendered":"3 x 4 m solsejl, solbeskyttelse til havens balkon og terrasse, PES-polyester, 93 % UV-blokering, vandafvisende, r\u00f8gfarvet gr\u00e5"},"content":{"rendered":"<p>Aurinkosuoja on yksi vanhimmista aurinkosuojausmuodoista maailmassa. Niit\u00e4 k\u00e4ytet\u00e4\u00e4n edelleen paljon, ja niiden suosio kasvaa. Voit leiriyty\u00e4 parvekkeelle, puutarhaan tai ulos sen alle. <\/p>\n<p>Parvekkeella, puutarhassa tai terassilla oleva aurinkosuoja suojaa sinua voimakkaalta auringonvalolta, tuulenpuuskilta ja sateelta ja toimii luotettavana suojana.<\/p>\n<p>Laadukkaat aurinkopurjeemme s\u00e4ilytt\u00e4v\u00e4t kest\u00e4vyytens\u00e4 ja v\u00e4rien kirkkauden monien vuosien ajan ja tarjoavat sinulle erinomaisen sisustuksen ja ilmastonsuojan!<\/p>\n<p>SONGMICS Sun Sail on valmistettu korkealaatuisesta aurinkosuojakankaasta, jossa on vahvat saumat. Se on varustettu kest\u00e4v\u00e4ll\u00e4 ruostumattomasta ter\u00e4ksest\u00e4 valmistetulla D-renkaalla ja k\u00f6ydell\u00e4 jokaisessa kulmassa, joten sit\u00e4 voidaan k\u00e4ytt\u00e4\u00e4 terassilla, puutarhassa, uima-altaalla, pihalla, hiekkalaatikolla, ajotiell\u00e4 tai muilla ulkoalueilla. T\u00e4m\u00e4 aurinkopurje suojaa 93 % auringon s\u00e4teilylt\u00e4 ja haitallisilta UV-s\u00e4teilt\u00e4, mik\u00e4 tekee puutarhastasi yksityisemm\u00e4n ja turvallisemman. Se on niin siisti!<\/p>\n<p>Ihanteellinen suoja auringolta puutarhassa Aurinkoseilill\u00e4 on se etu, ett\u00e4 toisin kuin markiisit, ne voidaan asentaa joustavammin ja ne voidaan nopeasti ottaa pois ja asentaa uudelleen. Verrattuna aurinkovarjoon markiisin peitt\u00e4m\u00e4 alue on moninkertainen ilman \u00e4rsytt\u00e4v\u00e4\u00e4 jalustaa. Aurinkopurjeillamme saat t\u00e4ydellisen suojan auringon s\u00e4teilt\u00e4 puutarhassasi. Olipa kyseess\u00e4 terassi, parveke, uima-allas, autokatos tai leikkivien lasten suojaaminen \u2013 markiisimme voidaan asentaa joustavasti. V\u00e4ri- ja valonkest\u00e4v\u00e4 T\u00dcV Rheinlandin ISO 105-B02-standardin mukainen, v\u00e4ri- ja valonkest\u00e4v\u00e4, pysyv\u00e4sti v\u00e4rivakaa ja haalistumaton. Helppo kiinnitt\u00e4\u00e4 Aurinkoseilamme kiinnitet\u00e4\u00e4n pylv\u00e4isiin, tolppiin tai puihin mukana toimitettujen kiinnitysk\u00f6ysien avulla. K\u00f6ydet on valmistettu PE-muovista. Varmista, ett\u00e4 k\u00f6ydet ovat tiukasti kiinni. Jokaisen seilan mukana toimitetaan 4 k\u00f6ytt\u00e4, kolmion muotoisen kankaan mukana 3 k\u00f6ytt\u00e4. Lis\u00e4\u00e4 turvallisuutta korkealaatuisen valmistuksen ansiosta Valitsemamme materiaali on korkealaatuista, rep\u00e4isylujuista polyesteri\u00e4. Purje on vahvistettu reunojen ymp\u00e4ri saumoissa erityisell\u00e4 korkealaatuisella nauhalla, joka on my\u00f6s ommeltu sis\u00e4\u00e4n lis\u00e4\u00e4m\u00e4\u00e4n vakautta. Kulmat on my\u00f6s vahvistettu useita kertoja. Tuotetiedot: Materiaali: PES (polyesterikangas) Materiaalin paino: 160 g\/m\u00b2 Mitat: 3 x 4 m Toimitus sis\u00e4lt\u00e4\u00e4: 1 x aurinkosuoja 4 x kiinnitysk\u00f6ysi Pitk\u00e4n k\u00e4ytt\u00f6i\u00e4n takaamiseksi aurinkosuoja on kiinnitett\u00e4v\u00e4 20 asteen kulmaan, jotta siihen ei muodostu vesitaskuja sateella. Irrota huonoissa s\u00e4\u00e4olosuhteissa ja kovassa s\u00e4\u00e4ss\u00e4, kuten myrskyss\u00e4, ukkosmyrskyss\u00e4, raekuurossa, kovassa tuulessa ja talvikuukausina. &#8211; \u00c4l\u00e4 pese aurinkosuojaa vedell\u00e4. &#8211; Varmista, ett\u00e4 kiinnit\u00e4t yl\u00e4- ja alaosan oikein asennuksen aikana.<\/p>\n","protected":false},"excerpt":{"rendered":"<p>Aurinkosuoja on yksi vanhimmista aurinkosuojausmuodoista maailmassa. Niit\u00e4 k\u00e4ytet\u00e4\u00e4n edelleen paljon, ja niiden suosio kasvaa. Voit leiriyty\u00e4 parvekkeelle, puutarhaan tai ulos sen alle. Parvekkeella, puutarhassa tai terassilla oleva aurinkosuoja suojaa sinua voimakkaalta auringonvalolta, tuulenpuuskilta ja sateelta ja toimii luotettavana suojana. Laadukkaat aurinkopurjeemme s\u00e4ilytt\u00e4v\u00e4t kest\u00e4vyytens\u00e4 ja v\u00e4rien kirkkauden monien vuosien ajan ja tarjoavat sinulle erinomaisen sisustuksen ja [&hellip;]<\/p>\n","protected":false},"featured_media":0,"comment_status":"open","ping_status":"closed","template":"","meta":[],"product_brand":[],"product_cat":[32],"product_tag":[],"class_list":{"0":"post-31242","1":"product","2":"type-product","3":"status-publish","5":"product_cat-uncategorized-fi","7":"first","8":"instock","9":"shipping-taxable","10":"product-type-simple"},"_links":{"self":[{"href":"https:\/\/nordicmart.andreevmaster.com\/fi\/wp-json\/wp\/v2\/product\/31242","targetHints":{"allow":["GET"]}}],"collection":[{"href":"https:\/\/nordicmart.andreevmaster.com\/fi\/wp-json\/wp\/v2\/product"}],"about":[{"href":"https:\/\/nordicmart.andreevmaster.com\/fi\/wp-json\/wp\/v2\/types\/product"}],"replies":[{"embeddable":true,"href":"https:\/\/nordicmart.andreevmaster.com\/fi\/wp-json\/wp\/v2\/comments?post=31242"}],"wp:attachment":[{"href":"https:\/\/nordicmart.andreevmaster.com\/fi\/wp-json\/wp\/v2\/media?parent=31242"}],"wp:term":[{"taxonomy":"product_brand","embeddable":true,"href":"https:\/\/nordicmart.andreevmaster.com\/fi\/wp-json\/wp\/v2\/product_brand?post=31242"},{"taxonomy":"product_cat","embeddable":true,"href":"https:\/\/nordicmart.andreevmaster.com\/fi\/wp-json\/wp\/v2\/product_cat?post=31242"},{"taxonomy":"product_tag","embeddable":true,"href":"https:\/\/nordicmart.andreevmaster.com\/fi\/wp-json\/wp\/v2\/product_tag?post=31242"}],"curies":[{"name":"wp","href":"https:\/\/api.w.org\/{rel}","templated":true}]}}