{"id":31241,"date":"2026-02-27T00:12:49","date_gmt":"2026-02-27T00:12:49","guid":{"rendered":"https:\/\/nordicmart.andreevmaster.com\/product\/songmics-aurinkosuoja-3-x-4-m-hiekka\/"},"modified":"2026-02-27T09:35:45","modified_gmt":"2026-02-27T09:35:45","slug":"songmics-aurinkosuoja-3-x-4-m-hiekka","status":"publish","type":"product","link":"https:\/\/nordicmart.andreevmaster.com\/fi\/tuote\/songmics-aurinkosuoja-3-x-4-m-hiekka\/","title":{"rendered":"SONGMICS aurinkosuoja 3 x 4 m hiekka"},"content":{"rendered":"<p>Aurinkosuojan kiinnitt\u00e4minen Asennukseen ei tarvita ty\u00f6kaluja! Aseta aurinkosuoja levitettyn\u00e4 paikkaan, jossa tarvitset aurinkosuojaa. Etsi sitten 4 kiinnityskohtaa, joihin haluat kiinnitt\u00e4\u00e4 mukana toimitetut k\u00f6ydet. Ne ovat 2 m pitki\u00e4, joten etsi puita, paaluja tai muita vakaita esineit\u00e4 t\u00e4ll\u00e4 s\u00e4teell\u00e4. Kiinnit\u00e4 k\u00f6ydet kiinnityskohtiin sek\u00e4 aurinkosuojan tukeviin silmukoihin ja ruostumattomasta ter\u00e4ksest\u00e4 valmistettuihin renkaisiin, jotta kangas voidaan kirist\u00e4\u00e4 tiukalle ja v\u00e4hint\u00e4\u00e4n 25 asteen kulmaan. N\u00e4in sadevesi valuu pois t\u00e4ydellisesti. Mihin paikkoihin t\u00e4m\u00e4 aurinkosuoja sopii? Onko k\u00e4ytett\u00e4viss\u00e4 4 kiinnityskohtaa ja riitt\u00e4v\u00e4sti tilaa 3 x 4 m:n kokoiselle suojalle? Sitten t\u00e4m\u00e4 on t\u00e4ydellinen paikka uudelle aurinkosuojallesi, olipa se sitten leirint\u00e4alueella, puutarhassasi tai uima-altaasi yll\u00e4. Tuotetiedot: &#8211; V\u00e4ri: hiekka &#8211; Materiaali: polyesteri (160 g\/m\u00b2) &#8211; Koko: 3 x 4 m &#8211; Paino: 2,3 kg Toimitus sis\u00e4lt\u00e4\u00e4: &#8211; 1 x aurinkopurje laukulla &#8211; 4 x kiinnitysk\u00f6ysi SONGICS-ohjeet:- Kallista kangasta 25 astetta, jotta sadevesi valuu pois sujuvasti. &#8211; S\u00e4ilyt\u00e4 aurinkopurje suojaisessa paikassa myrskyn aikana tai talvella. &#8211; Puhdista purje miedolla puhdistusaineella tai vedell\u00e4. \u00c4l\u00e4 miss\u00e4\u00e4n tapauksessa k\u00e4yt\u00e4 kovaa harjaa tai kemiallisia nesteit\u00e4. &#8211; Varo ripustamasta purjetta v\u00e4\u00e4rin p\u00e4in.<\/p>\n","protected":false},"excerpt":{"rendered":"<p>SONGMICS 3 x 4 m PES-aurinkopurje puutarhaan, s\u00e4\u00e4nkest\u00e4v\u00e4, aurinkosuoja, polyesteri, antrasiitti GSH34GYV1<\/p>\n","protected":false},"featured_media":40422,"comment_status":"open","ping_status":"closed","template":"","meta":[],"product_brand":[],"product_cat":[32],"product_tag":[],"class_list":{"0":"post-31241","1":"product","2":"type-product","3":"status-publish","4":"has-post-thumbnail","6":"product_cat-uncategorized-fi","8":"first","9":"instock","10":"shipping-taxable","11":"purchasable","12":"product-type-simple"},"_links":{"self":[{"href":"https:\/\/nordicmart.andreevmaster.com\/fi\/wp-json\/wp\/v2\/product\/31241","targetHints":{"allow":["GET"]}}],"collection":[{"href":"https:\/\/nordicmart.andreevmaster.com\/fi\/wp-json\/wp\/v2\/product"}],"about":[{"href":"https:\/\/nordicmart.andreevmaster.com\/fi\/wp-json\/wp\/v2\/types\/product"}],"replies":[{"embeddable":true,"href":"https:\/\/nordicmart.andreevmaster.com\/fi\/wp-json\/wp\/v2\/comments?post=31241"}],"wp:featuredmedia":[{"embeddable":true,"href":"https:\/\/nordicmart.andreevmaster.com\/fi\/wp-json\/wp\/v2\/media\/40422"}],"wp:attachment":[{"href":"https:\/\/nordicmart.andreevmaster.com\/fi\/wp-json\/wp\/v2\/media?parent=31241"}],"wp:term":[{"taxonomy":"product_brand","embeddable":true,"href":"https:\/\/nordicmart.andreevmaster.com\/fi\/wp-json\/wp\/v2\/product_brand?post=31241"},{"taxonomy":"product_cat","embeddable":true,"href":"https:\/\/nordicmart.andreevmaster.com\/fi\/wp-json\/wp\/v2\/product_cat?post=31241"},{"taxonomy":"product_tag","embeddable":true,"href":"https:\/\/nordicmart.andreevmaster.com\/fi\/wp-json\/wp\/v2\/product_tag?post=31241"}],"curies":[{"name":"wp","href":"https:\/\/api.w.org\/{rel}","templated":true}]}}