{"id":31234,"date":"2026-02-27T00:12:48","date_gmt":"2026-02-27T00:12:48","guid":{"rendered":"https:\/\/nordicmart.andreevmaster.com\/product\/songmics-aurinkopurje-3-x-4-m-savuharmaa-vesipatsas\/"},"modified":"2026-02-27T09:35:44","modified_gmt":"2026-02-27T09:35:44","slug":"songmics-aurinkopurje-3-x-4-m-savuharmaa-vesipatsas","status":"publish","type":"product","link":"https:\/\/nordicmart.andreevmaster.com\/fi\/tuote\/songmics-aurinkopurje-3-x-4-m-savuharmaa-vesipatsas\/","title":{"rendered":"SONGMICS aurinkopurje 3 x 4 m, savuharmaa, vesipatsas"},"content":{"rendered":"<p>SONGMICS aurinkopurje 3 x 4 m, vedenpit\u00e4v\u00e4, vesipatsas 665 mm, aurinkosuoja rep\u00e4isylujaa polyesteri\u00e4, UV-suoja 93 %, terassi, puutarha, parveke, suorakulmainen, 2 m k\u00f6ydet<br \/>\nV\u00e4ri: hiekankeltainen<br \/>\nMateriaali: 160 g\/m\u00b2 polyesterikangas PU-pinnoitteella, ruostumattomasta ter\u00e4ksest\u00e4 valmistettu rengas<br \/>\nKoko: 3 x 4 m (P x L)<br \/>\nPaino: 1,9 kg<\/p>\n","protected":false},"excerpt":{"rendered":"<p>SONGMICS aurinkopurje 3 x 4 m, vedenpit\u00e4v\u00e4, vesipatsas 665 mm, aurinkosuoja rep\u00e4isylujaa polyesteri\u00e4, UV-suoja 93 %, terassi, puutarha, parveke, suorakulmainen, 2 m k\u00f6ydet<\/p>\n","protected":false},"featured_media":40417,"comment_status":"open","ping_status":"closed","template":"","meta":[],"product_brand":[],"product_cat":[32],"product_tag":[],"class_list":{"0":"post-31234","1":"product","2":"type-product","3":"status-publish","4":"has-post-thumbnail","6":"product_cat-uncategorized-fi","8":"first","9":"instock","10":"shipping-taxable","11":"purchasable","12":"product-type-simple"},"_links":{"self":[{"href":"https:\/\/nordicmart.andreevmaster.com\/fi\/wp-json\/wp\/v2\/product\/31234","targetHints":{"allow":["GET"]}}],"collection":[{"href":"https:\/\/nordicmart.andreevmaster.com\/fi\/wp-json\/wp\/v2\/product"}],"about":[{"href":"https:\/\/nordicmart.andreevmaster.com\/fi\/wp-json\/wp\/v2\/types\/product"}],"replies":[{"embeddable":true,"href":"https:\/\/nordicmart.andreevmaster.com\/fi\/wp-json\/wp\/v2\/comments?post=31234"}],"wp:featuredmedia":[{"embeddable":true,"href":"https:\/\/nordicmart.andreevmaster.com\/fi\/wp-json\/wp\/v2\/media\/40417"}],"wp:attachment":[{"href":"https:\/\/nordicmart.andreevmaster.com\/fi\/wp-json\/wp\/v2\/media?parent=31234"}],"wp:term":[{"taxonomy":"product_brand","embeddable":true,"href":"https:\/\/nordicmart.andreevmaster.com\/fi\/wp-json\/wp\/v2\/product_brand?post=31234"},{"taxonomy":"product_cat","embeddable":true,"href":"https:\/\/nordicmart.andreevmaster.com\/fi\/wp-json\/wp\/v2\/product_cat?post=31234"},{"taxonomy":"product_tag","embeddable":true,"href":"https:\/\/nordicmart.andreevmaster.com\/fi\/wp-json\/wp\/v2\/product_tag?post=31234"}],"curies":[{"name":"wp","href":"https:\/\/api.w.org\/{rel}","templated":true}]}}