{"id":31230,"date":"2026-02-27T00:12:47","date_gmt":"2026-02-27T00:12:47","guid":{"rendered":"https:\/\/nordicmart.andreevmaster.com\/product\/songmics-aurinkopurje-2-x-3-m-suorakulmainen-hiekankeltainen\/"},"modified":"2026-02-27T09:35:43","modified_gmt":"2026-02-27T09:35:43","slug":"songmics-aurinkopurje-2-x-3-m-suorakulmainen-hiekankeltainen","status":"publish","type":"product","link":"https:\/\/nordicmart.andreevmaster.com\/fi\/tuote\/songmics-aurinkopurje-2-x-3-m-suorakulmainen-hiekankeltainen\/","title":{"rendered":"SONGMICS aurinkopurje 2 x 3 m suorakulmainen hiekankeltainen"},"content":{"rendered":"<p>SONGMICS aurinkopurje 2 x 3 m, vedenpit\u00e4v\u00e4 v\u00e4hint\u00e4\u00e4n 1000 mm vesipatsaalla, 93 % UV-suoja, aurinkosuoja rep\u00e4isylujaa polyesteri\u00e4, s\u00e4\u00e4nkest\u00e4v\u00e4, puutarha, parveke, terassi, retkeily, savuharmaa GSH23BK<br \/>\nV\u00e4ri: hiekankeltainen<br \/>\nMateriaali: 160 g\/m\u00b2 polyesterikangas PU-pinnoitteella, ruostumattomasta ter\u00e4ksest\u00e4 valmistettu rengas<br \/>\nKoko: 2 x 3 m (P x L)<br \/>\nPaino: 1 kg<\/p>\n","protected":false},"excerpt":{"rendered":"<p>SONGMICS aurinkopurje 2 x 3 m, vedenpit\u00e4v\u00e4 v\u00e4hint\u00e4\u00e4n 1000 mm vesipatsaalla, 93 % UV-suoja, aurinkosuoja rep\u00e4isylujaa polyesteri\u00e4, s\u00e4\u00e4nkest\u00e4v\u00e4, puutarha, parveke, terassi, retkeily, savuharmaa GSH23BK<\/p>\n","protected":false},"featured_media":40413,"comment_status":"open","ping_status":"closed","template":"","meta":[],"product_brand":[],"product_cat":[32],"product_tag":[],"class_list":{"0":"post-31230","1":"product","2":"type-product","3":"status-publish","4":"has-post-thumbnail","6":"product_cat-uncategorized-fi","8":"first","9":"instock","10":"shipping-taxable","11":"purchasable","12":"product-type-simple"},"_links":{"self":[{"href":"https:\/\/nordicmart.andreevmaster.com\/fi\/wp-json\/wp\/v2\/product\/31230","targetHints":{"allow":["GET"]}}],"collection":[{"href":"https:\/\/nordicmart.andreevmaster.com\/fi\/wp-json\/wp\/v2\/product"}],"about":[{"href":"https:\/\/nordicmart.andreevmaster.com\/fi\/wp-json\/wp\/v2\/types\/product"}],"replies":[{"embeddable":true,"href":"https:\/\/nordicmart.andreevmaster.com\/fi\/wp-json\/wp\/v2\/comments?post=31230"}],"wp:featuredmedia":[{"embeddable":true,"href":"https:\/\/nordicmart.andreevmaster.com\/fi\/wp-json\/wp\/v2\/media\/40413"}],"wp:attachment":[{"href":"https:\/\/nordicmart.andreevmaster.com\/fi\/wp-json\/wp\/v2\/media?parent=31230"}],"wp:term":[{"taxonomy":"product_brand","embeddable":true,"href":"https:\/\/nordicmart.andreevmaster.com\/fi\/wp-json\/wp\/v2\/product_brand?post=31230"},{"taxonomy":"product_cat","embeddable":true,"href":"https:\/\/nordicmart.andreevmaster.com\/fi\/wp-json\/wp\/v2\/product_cat?post=31230"},{"taxonomy":"product_tag","embeddable":true,"href":"https:\/\/nordicmart.andreevmaster.com\/fi\/wp-json\/wp\/v2\/product_tag?post=31230"}],"curies":[{"name":"wp","href":"https:\/\/api.w.org\/{rel}","templated":true}]}}