{"id":31228,"date":"2026-02-27T00:12:46","date_gmt":"2026-02-27T00:12:46","guid":{"rendered":"https:\/\/nordicmart.andreevmaster.com\/product\/songmics-3-4-vuodenajan-makuupussi\/"},"modified":"2026-02-27T09:35:43","modified_gmt":"2026-02-27T09:35:43","slug":"songmics-3-4-vuodenajan-makuupussi","status":"publish","type":"product","link":"https:\/\/nordicmart.andreevmaster.com\/fi\/tuote\/songmics-3-4-vuodenajan-makuupussi\/","title":{"rendered":"SONGMICS 3-4 vuodenajan makuupussi"},"content":{"rendered":"<p>Nauti maksimaalisesta mukavuudesta 84 cm leve\u00e4 makuupussimme tarjoaa enemm\u00e4n tilaa kuin muut. 300 g\/m\u00b2:n t\u00e4yte keinotekoista silkkivanuista ei paakkuunnu eik\u00e4 muutu muodoltaan, joten t\u00e4m\u00e4 pussi on mukava ja k\u00e4yt\u00e4nn\u00f6llinen konepest\u00e4v\u00e4. Lis\u00e4ksi mukana toimitetaan s\u00e4ilytyspussi, joten voit pakata makuupussin helposti mukaan ja vied\u00e4 sen mukanasi minne tahansa. Miten haluat nukkua? T\u00e4ysin peitettyn\u00e4? T\u00e4m\u00e4n makuupussin kaksoisvetoketju voidaan sulkea kokonaan. Voit my\u00f6s laittaa integroidun hupun p\u00e4\u00e4h\u00e4n ja kiinnitt\u00e4\u00e4 tarranauhan, jotta pussi peitt\u00e4\u00e4 kehosi tiiviisti. Haluatko hieman ilmaa jalkoihisi? Ei h\u00e4t\u00e4\u00e4! Avaa vain alempi vetoketju, jotta ne j\u00e4\u00e4htyv\u00e4t. Tuotetiedot: &#8211; V\u00e4ri: sinivihre\u00e4-turkoosi &#8211; Materiaali: polyesteri, tekosilkki, mikrokuituvuori &#8211; Koko avattuna: 220 x 84 cm &#8211; Koko pakattuna: 28 x 44 cm (\u00d8 x H) &#8211; Paino: 1,95 kg &#8211; Mukavuusl\u00e4mp\u00f6tila: 5-15 \u00b0C &#8211; \u00c4\u00e4rimm\u00e4inen l\u00e4mp\u00f6tilankest\u00e4vyys: -15 \u00b0C Toimitus sis\u00e4lt\u00e4\u00e4: &#8211; 1 x makuupussi &#8211; 1 x s\u00e4ilytyspussi SONGMICS Huomautukset:- On suositeltavaa tilata makuupussi, jonka \u00e4\u00e4rimm\u00e4inen l\u00e4mp\u00f6tilankest\u00e4vyys on alhaisempi kuin matkakohteesi ennustettu l\u00e4mp\u00f6tila. &#8211; On suositeltavaa k\u00e4ytt\u00e4\u00e4 makuupussia yhdess\u00e4 teltan ja retkipeiton kanssa eik\u00e4 asettaa sit\u00e4 suoraan kylm\u00e4lle maalle. &#8211; Optimaalisen l\u00e4mm\u00f6nvarastoinnin varmistamiseksi makuupussia ei tule pest\u00e4 liian usein.<\/p>\n","protected":false},"excerpt":{"rendered":"<p>SONGMICS makuupussi kompressiopussilla, leve\u00e4 peitemakuupussi, mukavuusl\u00e4mp\u00f6tila 5\u201315 \u00b0C, 3\u20134 vuodenaikaa, helppo kuljettaa, retkeily, vaellus, 220 x 84 cm, sinivihre\u00e4-turkoosi GSB30BU<\/p>\n","protected":false},"featured_media":40411,"comment_status":"open","ping_status":"closed","template":"","meta":[],"product_brand":[],"product_cat":[32],"product_tag":[],"class_list":{"0":"post-31228","1":"product","2":"type-product","3":"status-publish","4":"has-post-thumbnail","6":"product_cat-uncategorized-fi","8":"first","9":"instock","10":"shipping-taxable","11":"purchasable","12":"product-type-simple"},"_links":{"self":[{"href":"https:\/\/nordicmart.andreevmaster.com\/fi\/wp-json\/wp\/v2\/product\/31228","targetHints":{"allow":["GET"]}}],"collection":[{"href":"https:\/\/nordicmart.andreevmaster.com\/fi\/wp-json\/wp\/v2\/product"}],"about":[{"href":"https:\/\/nordicmart.andreevmaster.com\/fi\/wp-json\/wp\/v2\/types\/product"}],"replies":[{"embeddable":true,"href":"https:\/\/nordicmart.andreevmaster.com\/fi\/wp-json\/wp\/v2\/comments?post=31228"}],"wp:featuredmedia":[{"embeddable":true,"href":"https:\/\/nordicmart.andreevmaster.com\/fi\/wp-json\/wp\/v2\/media\/40411"}],"wp:attachment":[{"href":"https:\/\/nordicmart.andreevmaster.com\/fi\/wp-json\/wp\/v2\/media?parent=31228"}],"wp:term":[{"taxonomy":"product_brand","embeddable":true,"href":"https:\/\/nordicmart.andreevmaster.com\/fi\/wp-json\/wp\/v2\/product_brand?post=31228"},{"taxonomy":"product_cat","embeddable":true,"href":"https:\/\/nordicmart.andreevmaster.com\/fi\/wp-json\/wp\/v2\/product_cat?post=31228"},{"taxonomy":"product_tag","embeddable":true,"href":"https:\/\/nordicmart.andreevmaster.com\/fi\/wp-json\/wp\/v2\/product_tag?post=31228"}],"curies":[{"name":"wp","href":"https:\/\/api.w.org\/{rel}","templated":true}]}}