{"id":31227,"date":"2026-02-27T00:12:46","date_gmt":"2026-02-27T00:12:46","guid":{"rendered":"https:\/\/nordicmart.andreevmaster.com\/product\/songmics-makuupussi-220-x-75-cm-sininen\/"},"modified":"2026-02-27T09:35:43","modified_gmt":"2026-02-27T09:35:43","slug":"songmics-makuupussi-220-x-75-cm-sininen","status":"publish","type":"product","link":"https:\/\/nordicmart.andreevmaster.com\/fi\/tuote\/songmics-makuupussi-220-x-75-cm-sininen\/","title":{"rendered":"SONGMICS makuupussi 220 x 75 cm sininen"},"content":{"rendered":"<p>Hanki ulkoiluv\u00e4lineesi SONGMICS:lt\u00e4! Pitk\u00e4n ja raskaan p\u00e4iv\u00e4n j\u00e4lkeen ulkona kylm\u00e4n\u00e4 y\u00f6n\u00e4 tarvitset ennen kaikkea mukavan s\u00e4ngyn, jossa voit ladata akkujasi ja valmistautua seuraavaan haasteeseen. Onneksi olet tullut oikeaan paikkaan! Makuupussissamme on useita k\u00e4ytt\u00e4j\u00e4yst\u00e4v\u00e4llisi\u00e4 ominaisuuksia, jotka takaavat l\u00e4mm\u00f6n ja mukavuuden, kun olet liikkeell\u00e4 kylm\u00e4ss\u00e4 er\u00e4maassa. SONGMICSin p\u00e4\u00e4asiallinen tavoite on asiakkaidemme tyytyv\u00e4isyys. Asiakaspalvelumme on aina valmiina auttamaan sinua. \u00c4l\u00e4 odota en\u00e4\u00e4, vaan hanki uusi makuupussi. Aika seuraavalle luontoseikkailulle! Tuotetiedot: &#8211; V\u00e4ri: sininen &#8211; Materiaali: nailon, t\u00e4yte tekosilkist\u00e4, polyester-pongee &#8211; Koko avattuna: 220 x 75 cm &#8211; Koko pakattuna: 15 x 25 cm (\u00d8 x H) &#8211; Paino: 0,95 kg &#8211; Mukavuusl\u00e4mp\u00f6tila: 6\u201315 \u00b0C &#8211; Kest\u00e4vyys \u00e4\u00e4rimm\u00e4isiss\u00e4 l\u00e4mp\u00f6tiloissa: -7 \u00b0C Toimitus sis\u00e4lt\u00e4\u00e4: &#8211; 1 x makuupussi &#8211; 1 x s\u00e4ilytyspussi SONGMICS-ohjeet: &#8211; On suositeltavaa tilata makuupussi, jonka kest\u00e4vyys \u00e4\u00e4rimm\u00e4isiss\u00e4 l\u00e4mp\u00f6tiloissa on alhaisempi kuin matkakohteesi ennustettu l\u00e4mp\u00f6tila. Jos ennustettu l\u00e4mp\u00f6tila matkakohteessa on esimerkiksi 0 \u00b0C, sinun tulisi valita makuupussi, jota voidaan k\u00e4ytt\u00e4\u00e4 my\u00f6s -3 \u00b0C tai -5 \u00b0C l\u00e4mp\u00f6tiloissa.- On suositeltavaa k\u00e4ytt\u00e4\u00e4 makuupussia yhdess\u00e4 teltan ja retkipeiton kanssa eik\u00e4 asettaa sit\u00e4 suoraan kylm\u00e4lle maalle. &#8211; Optimaalisen l\u00e4mm\u00f6nvarastoinnin varmistamiseksi makuupussia ei tule pest\u00e4 liian usein.<\/p>\n","protected":false},"excerpt":{"rendered":"<p>SONGMICS retkeilymakuupussi peitemakuupussi t\u00e4yte synteettisist\u00e4 kuiduista ulkok\u00e4ytt\u00f6\u00f6n aikuisille, mukana pakkauspussi 220 x 84 cm GSB02GB<\/p>\n","protected":false},"featured_media":40410,"comment_status":"open","ping_status":"closed","template":"","meta":[],"product_brand":[],"product_cat":[32],"product_tag":[],"class_list":{"0":"post-31227","1":"product","2":"type-product","3":"status-publish","4":"has-post-thumbnail","6":"product_cat-uncategorized-fi","8":"first","9":"instock","10":"shipping-taxable","11":"purchasable","12":"product-type-simple"},"_links":{"self":[{"href":"https:\/\/nordicmart.andreevmaster.com\/fi\/wp-json\/wp\/v2\/product\/31227","targetHints":{"allow":["GET"]}}],"collection":[{"href":"https:\/\/nordicmart.andreevmaster.com\/fi\/wp-json\/wp\/v2\/product"}],"about":[{"href":"https:\/\/nordicmart.andreevmaster.com\/fi\/wp-json\/wp\/v2\/types\/product"}],"replies":[{"embeddable":true,"href":"https:\/\/nordicmart.andreevmaster.com\/fi\/wp-json\/wp\/v2\/comments?post=31227"}],"wp:featuredmedia":[{"embeddable":true,"href":"https:\/\/nordicmart.andreevmaster.com\/fi\/wp-json\/wp\/v2\/media\/40410"}],"wp:attachment":[{"href":"https:\/\/nordicmart.andreevmaster.com\/fi\/wp-json\/wp\/v2\/media?parent=31227"}],"wp:term":[{"taxonomy":"product_brand","embeddable":true,"href":"https:\/\/nordicmart.andreevmaster.com\/fi\/wp-json\/wp\/v2\/product_brand?post=31227"},{"taxonomy":"product_cat","embeddable":true,"href":"https:\/\/nordicmart.andreevmaster.com\/fi\/wp-json\/wp\/v2\/product_cat?post=31227"},{"taxonomy":"product_tag","embeddable":true,"href":"https:\/\/nordicmart.andreevmaster.com\/fi\/wp-json\/wp\/v2\/product_tag?post=31227"}],"curies":[{"name":"wp","href":"https:\/\/api.w.org\/{rel}","templated":true}]}}