{"id":31226,"date":"2026-02-27T00:12:46","date_gmt":"2026-02-27T00:12:46","guid":{"rendered":"https:\/\/nordicmart.andreevmaster.com\/product\/songmics-makuupussi-220-x-84-cm-musta-harmaa\/"},"modified":"2026-02-27T09:35:43","modified_gmt":"2026-02-27T09:35:43","slug":"songmics-makuupussi-220-x-84-cm-musta-harmaa","status":"publish","type":"product","link":"https:\/\/nordicmart.andreevmaster.com\/fi\/tuote\/songmics-makuupussi-220-x-84-cm-musta-harmaa\/","title":{"rendered":"SONGMICS makuupussi 220 x 84 cm musta-harmaa"},"content":{"rendered":"<p>Tuotetiedot: &#8211; V\u00e4ri: musta ja harmaa &#8211; Materiaali: 230T polyesterikangas, jossa on vedenpit\u00e4v\u00e4 pinnoite (ulkopuoli), 190T pongee-polyesteri (sis\u00e4puoli) &#8211; T\u00e4yte: 300 g\/m\u00b2 ontelokuitua &#8211; Tuotteen mitat: 220 x 84 cm &#8211; Paino: 1,8 kg Toimitus sis\u00e4lt\u00e4\u00e4: &#8211; 1 x makuupussi &#8211; 1 x Oxford-kankaasta valmistettu pakkauspussi Huomautukset: &#8211; Puhdistusta varten suosittelemme pyyhkim\u00e4\u00e4n makuupussin vain kostealla liinalla.- Makuupussi ei sovellu k\u00e4ytett\u00e4v\u00e4ksi ilman lis\u00e4suojaa kovassa pakkasessa, k\u00e4yt\u00e4 makuupussia yhdess\u00e4 muiden retkeilyvarusteiden kanssa. &#8211; K\u00e4yt\u00f6n aikana suojaa makuupussi kosteudelta ja l\u00e4mm\u00f6nl\u00e4hteilt\u00e4.<\/p>\n","protected":false},"excerpt":{"rendered":"<p>SONGMICS retkeilymakuupussi peitemakuupussi t\u00e4yte synteettisist\u00e4 kuiduista ulkok\u00e4ytt\u00f6\u00f6n aikuisille, mukana pakkauspussi 220 x 84 cm GSB02GB<\/p>\n","protected":false},"featured_media":40409,"comment_status":"open","ping_status":"closed","template":"","meta":[],"product_brand":[],"product_cat":[32],"product_tag":[],"class_list":{"0":"post-31226","1":"product","2":"type-product","3":"status-publish","4":"has-post-thumbnail","6":"product_cat-uncategorized-fi","8":"first","9":"instock","10":"shipping-taxable","11":"purchasable","12":"product-type-simple"},"_links":{"self":[{"href":"https:\/\/nordicmart.andreevmaster.com\/fi\/wp-json\/wp\/v2\/product\/31226","targetHints":{"allow":["GET"]}}],"collection":[{"href":"https:\/\/nordicmart.andreevmaster.com\/fi\/wp-json\/wp\/v2\/product"}],"about":[{"href":"https:\/\/nordicmart.andreevmaster.com\/fi\/wp-json\/wp\/v2\/types\/product"}],"replies":[{"embeddable":true,"href":"https:\/\/nordicmart.andreevmaster.com\/fi\/wp-json\/wp\/v2\/comments?post=31226"}],"wp:featuredmedia":[{"embeddable":true,"href":"https:\/\/nordicmart.andreevmaster.com\/fi\/wp-json\/wp\/v2\/media\/40409"}],"wp:attachment":[{"href":"https:\/\/nordicmart.andreevmaster.com\/fi\/wp-json\/wp\/v2\/media?parent=31226"}],"wp:term":[{"taxonomy":"product_brand","embeddable":true,"href":"https:\/\/nordicmart.andreevmaster.com\/fi\/wp-json\/wp\/v2\/product_brand?post=31226"},{"taxonomy":"product_cat","embeddable":true,"href":"https:\/\/nordicmart.andreevmaster.com\/fi\/wp-json\/wp\/v2\/product_cat?post=31226"},{"taxonomy":"product_tag","embeddable":true,"href":"https:\/\/nordicmart.andreevmaster.com\/fi\/wp-json\/wp\/v2\/product_tag?post=31226"}],"curies":[{"name":"wp","href":"https:\/\/api.w.org\/{rel}","templated":true}]}}