{"id":31221,"date":"2026-02-27T00:12:45","date_gmt":"2026-02-27T00:12:45","guid":{"rendered":"https:\/\/nordicmart.andreevmaster.com\/product\/songmics-seinakiinnike-sivutelttoihin-sopii-vain-songmics-sivutelttoihin-joissa-on-teraspylvas\/"},"modified":"2026-02-27T09:35:42","modified_gmt":"2026-02-27T09:35:42","slug":"songmics-seinakiinnike-sivutelttoihin-sopii-vain-songmics-sivutelttoihin-joissa-on-teraspylvas","status":"publish","type":"product","link":"https:\/\/nordicmart.andreevmaster.com\/fi\/tuote\/songmics-seinakiinnike-sivutelttoihin-sopii-vain-songmics-sivutelttoihin-joissa-on-teraspylvas\/","title":{"rendered":"SONGMICS-sein\u00e4kiinnike sivutelttoihin, sopii vain SONGMICS-sivutelttoihin, joissa on ter\u00e4spylv\u00e4s"},"content":{"rendered":"<p>Sein\u00e4kiinnike sivutelttoihin, sein\u00e4kiinnike, ulosvedett\u00e4v\u00e4 kiinnike, sopii vain SONGMICS-sivutelttoihin, joissa on ter\u00e4spylv\u00e4s, harmaa<br \/>\nTuotetiedot:<\/p>\n<p>&#8211; V\u00e4ri: harmaa<br \/>\n&#8211; Materiaali: PP-muovi<br \/>\n&#8211; Tuotteen mitat: 8 x 9 x 11,5 cm (S x L x K)<br \/>\n&#8211; Paino: 0,1 kg<\/p>\n<p>Toimitus sis\u00e4lt\u00e4\u00e4:<\/p>\n<p>&#8211; 1 x sein\u00e4teline<br \/>\n&#8211; 1 x lis\u00e4varustepaketti<\/p>\n<p>SONGMICS-ohjeet:<\/p>\n<p>&#8211; T\u00e4m\u00e4 sein\u00e4teline sopii vain SONGMICS-sivutelttoihin, joissa on ter\u00e4spylv\u00e4\u00e4t.<\/p>\n","protected":false},"excerpt":{"rendered":"<p>Sein\u00e4kiinnike sivutelttoihin, sein\u00e4kiinnike, ulosvedett\u00e4v\u00e4 kiinnike, sopii vain SONGMICS-sivutelttoihin, joissa on ter\u00e4spylv\u00e4s, harmaa<\/p>\n","protected":false},"featured_media":40404,"comment_status":"open","ping_status":"closed","template":"","meta":[],"product_brand":[],"product_cat":[32],"product_tag":[],"class_list":{"0":"post-31221","1":"product","2":"type-product","3":"status-publish","4":"has-post-thumbnail","6":"product_cat-uncategorized-fi","8":"first","9":"instock","10":"shipping-taxable","11":"purchasable","12":"product-type-simple"},"_links":{"self":[{"href":"https:\/\/nordicmart.andreevmaster.com\/fi\/wp-json\/wp\/v2\/product\/31221","targetHints":{"allow":["GET"]}}],"collection":[{"href":"https:\/\/nordicmart.andreevmaster.com\/fi\/wp-json\/wp\/v2\/product"}],"about":[{"href":"https:\/\/nordicmart.andreevmaster.com\/fi\/wp-json\/wp\/v2\/types\/product"}],"replies":[{"embeddable":true,"href":"https:\/\/nordicmart.andreevmaster.com\/fi\/wp-json\/wp\/v2\/comments?post=31221"}],"wp:featuredmedia":[{"embeddable":true,"href":"https:\/\/nordicmart.andreevmaster.com\/fi\/wp-json\/wp\/v2\/media\/40404"}],"wp:attachment":[{"href":"https:\/\/nordicmart.andreevmaster.com\/fi\/wp-json\/wp\/v2\/media?parent=31221"}],"wp:term":[{"taxonomy":"product_brand","embeddable":true,"href":"https:\/\/nordicmart.andreevmaster.com\/fi\/wp-json\/wp\/v2\/product_brand?post=31221"},{"taxonomy":"product_cat","embeddable":true,"href":"https:\/\/nordicmart.andreevmaster.com\/fi\/wp-json\/wp\/v2\/product_cat?post=31221"},{"taxonomy":"product_tag","embeddable":true,"href":"https:\/\/nordicmart.andreevmaster.com\/fi\/wp-json\/wp\/v2\/product_tag?post=31221"}],"curies":[{"name":"wp","href":"https:\/\/api.w.org\/{rel}","templated":true}]}}