{"id":31219,"date":"2026-02-27T00:12:44","date_gmt":"2026-02-27T00:12:44","guid":{"rendered":"https:\/\/nordicmart.andreevmaster.com\/product\/songmics-lattiajalusta-sivutelttojen-pylvaille-sopii-teraspylvailla-varustettuihin-sivutelttoihin\/"},"modified":"2026-02-27T09:35:42","modified_gmt":"2026-02-27T09:35:42","slug":"songmics-lattiajalusta-sivutelttojen-pylvaille-sopii-teraspylvailla-varustettuihin-sivutelttoihin","status":"publish","type":"product","link":"https:\/\/nordicmart.andreevmaster.com\/fi\/tuote\/songmics-lattiajalusta-sivutelttojen-pylvaille-sopii-teraspylvailla-varustettuihin-sivutelttoihin\/","title":{"rendered":"SONGMICS-lattiajalusta sivutelttojen pylv\u00e4ille,  sopii ter\u00e4spylv\u00e4ill\u00e4 varustettuihin sivutelttoihin"},"content":{"rendered":"<p>Pohjakiinnike sivumarkiisin pylv\u00e4ille, metallilevy muovikannella, pohjalevy, sopii ter\u00e4spylv\u00e4ill\u00e4 varustetuille sivumarkiiseille, harmaa<br \/>\nTuotetiedot:<\/p>\n<p>&#8211; V\u00e4ri: harmaa<br \/>\n&#8211; Materiaali: jauhemaalattu metalli, muovi<br \/>\n&#8211; Pohjalevyn koko: 9,6 x 9,6 x 1,3 cm (S x L x K)<br \/>\n&#8211; Kannen koko: 11,5 x 11,5 x 1,5 cm (S x L x K)<br \/>\n&#8211; Kokonaispaino: 0,4 kg<\/p>\n<p>Toimitus sis\u00e4lt\u00e4\u00e4:<\/p>\n<p>&#8211; 1 x pohjakiinnike sivuteltan pylv\u00e4\u00e4lle<br \/>\n&#8211; 1 x lis\u00e4varustepaketti<\/p>\n<p>SONGMICS-ohjeet:<\/p>\n<p>&#8211; T\u00e4m\u00e4 maakiinnike sopii vain SONGMICS-sivutelttojen ter\u00e4spylv\u00e4ille.<br \/>\n&#8211; Lattiajalusta kannella sis\u00e4ltyy SONGMICS-sivuteltan toimitukseen.<\/p>\n","protected":false},"excerpt":{"rendered":"<p>Pohjakiinnike sivumarkiisin pylv\u00e4ille, metallilevy muovikannella, pohjalevy, sopii ter\u00e4spylv\u00e4ill\u00e4 varustetuille sivumarkiiseille, harmaa<\/p>\n","protected":false},"featured_media":40402,"comment_status":"open","ping_status":"closed","template":"","meta":[],"product_brand":[],"product_cat":[32],"product_tag":[],"class_list":{"0":"post-31219","1":"product","2":"type-product","3":"status-publish","4":"has-post-thumbnail","6":"product_cat-uncategorized-fi","8":"first","9":"instock","10":"shipping-taxable","11":"purchasable","12":"product-type-simple"},"_links":{"self":[{"href":"https:\/\/nordicmart.andreevmaster.com\/fi\/wp-json\/wp\/v2\/product\/31219","targetHints":{"allow":["GET"]}}],"collection":[{"href":"https:\/\/nordicmart.andreevmaster.com\/fi\/wp-json\/wp\/v2\/product"}],"about":[{"href":"https:\/\/nordicmart.andreevmaster.com\/fi\/wp-json\/wp\/v2\/types\/product"}],"replies":[{"embeddable":true,"href":"https:\/\/nordicmart.andreevmaster.com\/fi\/wp-json\/wp\/v2\/comments?post=31219"}],"wp:featuredmedia":[{"embeddable":true,"href":"https:\/\/nordicmart.andreevmaster.com\/fi\/wp-json\/wp\/v2\/media\/40402"}],"wp:attachment":[{"href":"https:\/\/nordicmart.andreevmaster.com\/fi\/wp-json\/wp\/v2\/media?parent=31219"}],"wp:term":[{"taxonomy":"product_brand","embeddable":true,"href":"https:\/\/nordicmart.andreevmaster.com\/fi\/wp-json\/wp\/v2\/product_brand?post=31219"},{"taxonomy":"product_cat","embeddable":true,"href":"https:\/\/nordicmart.andreevmaster.com\/fi\/wp-json\/wp\/v2\/product_cat?post=31219"},{"taxonomy":"product_tag","embeddable":true,"href":"https:\/\/nordicmart.andreevmaster.com\/fi\/wp-json\/wp\/v2\/product_tag?post=31219"}],"curies":[{"name":"wp","href":"https:\/\/api.w.org\/{rel}","templated":true}]}}