{"id":31217,"date":"2026-02-27T00:12:44","date_gmt":"2026-02-27T00:12:44","guid":{"rendered":"https:\/\/nordicmart.andreevmaster.com\/product\/songmics-jalusta-markiisikotelolle-sopii-vain-songmics-yksipuoliseen-markiisiin-jossa-on-terasjalusta\/"},"modified":"2026-02-27T09:35:42","modified_gmt":"2026-02-27T09:35:42","slug":"songmics-jalusta-markiisikotelolle-sopii-vain-songmics-yksipuoliseen-markiisiin-jossa-on-terasjalusta","status":"publish","type":"product","link":"https:\/\/nordicmart.andreevmaster.com\/fi\/tuote\/songmics-jalusta-markiisikotelolle-sopii-vain-songmics-yksipuoliseen-markiisiin-jossa-on-terasjalusta\/","title":{"rendered":"SONGMICS-jalusta markiisikotelolle, sopii vain SONGMICS-yksipuoliseen markiisiin, jossa on ter\u00e4sjalusta."},"content":{"rendered":"<p>Telineen pylv\u00e4s markiisikotelolle, tukitanko, sopii vain SONGMICS-yksipuoliseen markiisiin, jossa on ter\u00e4spylv\u00e4s, harmaa<br \/>\nTuotetiedot:<\/p>\n<p>&#8211; V\u00e4ri: harmaa<br \/>\n&#8211; Materiaali: jauhemaalattu metalli<br \/>\n&#8211; Koko: 11,5 x 11,5 x 152 cm (S x L x K)<br \/>\n&#8211; Paino: 1,3 kg<\/p>\n<p>Toimitus sis\u00e4lt\u00e4\u00e4:<\/p>\n<p>&#8211; 1 x pylv\u00e4s sivuteltalle<br \/>\n&#8211; 1 x lis\u00e4varustepaketti<\/p>\n<p>SONGMICS-ohjeet:<\/p>\n<p>&#8211; T\u00e4m\u00e4 pylv\u00e4s sopii vain SONGMICS-yksitt\u00e4isille sivutelttoille, joissa on ter\u00e4spylv\u00e4s.<\/p>\n","protected":false},"excerpt":{"rendered":"<p>Telineen pylv\u00e4s markiisikotelolle, tukitanko, sopii vain SONGMICS-yksipuoliseen markiisiin, jossa on ter\u00e4spylv\u00e4s, harmaa<\/p>\n","protected":false},"featured_media":40400,"comment_status":"open","ping_status":"closed","template":"","meta":[],"product_brand":[],"product_cat":[32],"product_tag":[],"class_list":{"0":"post-31217","1":"product","2":"type-product","3":"status-publish","4":"has-post-thumbnail","6":"product_cat-uncategorized-fi","8":"first","9":"instock","10":"shipping-taxable","11":"purchasable","12":"product-type-simple"},"_links":{"self":[{"href":"https:\/\/nordicmart.andreevmaster.com\/fi\/wp-json\/wp\/v2\/product\/31217","targetHints":{"allow":["GET"]}}],"collection":[{"href":"https:\/\/nordicmart.andreevmaster.com\/fi\/wp-json\/wp\/v2\/product"}],"about":[{"href":"https:\/\/nordicmart.andreevmaster.com\/fi\/wp-json\/wp\/v2\/types\/product"}],"replies":[{"embeddable":true,"href":"https:\/\/nordicmart.andreevmaster.com\/fi\/wp-json\/wp\/v2\/comments?post=31217"}],"wp:featuredmedia":[{"embeddable":true,"href":"https:\/\/nordicmart.andreevmaster.com\/fi\/wp-json\/wp\/v2\/media\/40400"}],"wp:attachment":[{"href":"https:\/\/nordicmart.andreevmaster.com\/fi\/wp-json\/wp\/v2\/media?parent=31217"}],"wp:term":[{"taxonomy":"product_brand","embeddable":true,"href":"https:\/\/nordicmart.andreevmaster.com\/fi\/wp-json\/wp\/v2\/product_brand?post=31217"},{"taxonomy":"product_cat","embeddable":true,"href":"https:\/\/nordicmart.andreevmaster.com\/fi\/wp-json\/wp\/v2\/product_cat?post=31217"},{"taxonomy":"product_tag","embeddable":true,"href":"https:\/\/nordicmart.andreevmaster.com\/fi\/wp-json\/wp\/v2\/product_tag?post=31217"}],"curies":[{"name":"wp","href":"https:\/\/api.w.org\/{rel}","templated":true}]}}