{"id":31216,"date":"2026-02-27T00:12:44","date_gmt":"2026-02-27T00:12:44","guid":{"rendered":"https:\/\/nordicmart.andreevmaster.com\/product\/songmics-maakiinnike-sivutelttojen-jalustoille-sopii-vain-songmics-sivutelttoihin-joissa-on-terasjalusta\/"},"modified":"2026-02-27T09:35:41","modified_gmt":"2026-02-27T09:35:41","slug":"songmics-maakiinnike-sivutelttojen-jalustoille-sopii-vain-songmics-sivutelttoihin-joissa-on-terasjalusta","status":"publish","type":"product","link":"https:\/\/nordicmart.andreevmaster.com\/fi\/tuote\/songmics-maakiinnike-sivutelttojen-jalustoille-sopii-vain-songmics-sivutelttoihin-joissa-on-terasjalusta\/","title":{"rendered":"SONGMICS maakiinnike sivutelttojen jalustoille, sopii vain SONGMICS-sivutelttoihin, joissa on ter\u00e4sjalusta"},"content":{"rendered":"<p>Maakiinnike, maakiinnike sivutelttojen pylv\u00e4ille, maakiinnike, sopii ter\u00e4spylv\u00e4ill\u00e4 varustetuille sivutelttoille, harmaa<br \/>\nTuotetiedot:<\/p>\n<p>&#8211; V\u00e4ri: harmaa<br \/>\n&#8211; Materiaali: jauhemaalattu metalli<br \/>\n&#8211; Koko: 9 x 9 x 46 cm (S x L x K)<br \/>\n&#8211; Paino: 1,3 kg<\/p>\n<p>Toimitus sis\u00e4lt\u00e4\u00e4:<\/p>\n<p>&#8211; 1 x maakiinnike<br \/>\n&#8211; 1 x lis\u00e4varustepaketti<\/p>\n<p>SONGMICS-ohjeet:<\/p>\n<p>&#8211; T\u00e4m\u00e4 maakiila sopii vain SONGMICS-sivutelttoihin, joissa on ter\u00e4spylv\u00e4\u00e4t.<br \/>\n&#8211; Jos molemmat sivut on kiinnitett\u00e4v\u00e4 nurmikolle, tarvitaan kaksi maakiilaa.<\/p>\n","protected":false},"excerpt":{"rendered":"<p>Maakiinnike, maakiinnike sivutelttojen pylv\u00e4ille, maakiinnike, sopii ter\u00e4spylv\u00e4ill\u00e4 varustetuille sivutelttoille, harmaa<\/p>\n","protected":false},"featured_media":40399,"comment_status":"open","ping_status":"closed","template":"","meta":[],"product_brand":[],"product_cat":[32],"product_tag":[],"class_list":{"0":"post-31216","1":"product","2":"type-product","3":"status-publish","4":"has-post-thumbnail","6":"product_cat-uncategorized-fi","8":"first","9":"instock","10":"shipping-taxable","11":"purchasable","12":"product-type-simple"},"_links":{"self":[{"href":"https:\/\/nordicmart.andreevmaster.com\/fi\/wp-json\/wp\/v2\/product\/31216","targetHints":{"allow":["GET"]}}],"collection":[{"href":"https:\/\/nordicmart.andreevmaster.com\/fi\/wp-json\/wp\/v2\/product"}],"about":[{"href":"https:\/\/nordicmart.andreevmaster.com\/fi\/wp-json\/wp\/v2\/types\/product"}],"replies":[{"embeddable":true,"href":"https:\/\/nordicmart.andreevmaster.com\/fi\/wp-json\/wp\/v2\/comments?post=31216"}],"wp:featuredmedia":[{"embeddable":true,"href":"https:\/\/nordicmart.andreevmaster.com\/fi\/wp-json\/wp\/v2\/media\/40399"}],"wp:attachment":[{"href":"https:\/\/nordicmart.andreevmaster.com\/fi\/wp-json\/wp\/v2\/media?parent=31216"}],"wp:term":[{"taxonomy":"product_brand","embeddable":true,"href":"https:\/\/nordicmart.andreevmaster.com\/fi\/wp-json\/wp\/v2\/product_brand?post=31216"},{"taxonomy":"product_cat","embeddable":true,"href":"https:\/\/nordicmart.andreevmaster.com\/fi\/wp-json\/wp\/v2\/product_cat?post=31216"},{"taxonomy":"product_tag","embeddable":true,"href":"https:\/\/nordicmart.andreevmaster.com\/fi\/wp-json\/wp\/v2\/product_tag?post=31216"}],"curies":[{"name":"wp","href":"https:\/\/api.w.org\/{rel}","templated":true}]}}