{"id":31203,"date":"2026-02-27T00:12:41","date_gmt":"2026-02-27T00:12:41","guid":{"rendered":"https:\/\/nordicmart.andreevmaster.com\/product\/songmics-puristusteline-parvekemarkiisi-korkeussaadettava\/"},"modified":"2026-02-27T09:35:40","modified_gmt":"2026-02-27T09:35:40","slug":"songmics-puristusteline-parvekemarkiisi-korkeussaadettava","status":"publish","type":"product","link":"https:\/\/nordicmart.andreevmaster.com\/fi\/tuote\/songmics-puristusteline-parvekemarkiisi-korkeussaadettava\/","title":{"rendered":"SONGMICS puristusteline, parvekemarkiisi, korkeuss\u00e4\u00e4dett\u00e4v\u00e4"},"content":{"rendered":"<p>Kiinnitett\u00e4v\u00e4 markiisi, parvekemarkiisi, korkeuss\u00e4\u00e4dett\u00e4v\u00e4, k\u00e4sikammella, aurinkosuoja, parvekkeelle, terassille, puutarhaan, 400 x 120 cm, antrasiitti<br \/>\nTuotetiedot:<br \/>\n&#8211; V\u00e4ri: antrasiitti<br \/>\n&#8211; Materiaali: jauhemaalattu ter\u00e4s, alumiiniseos, PA-pinnoitettu polyesteri (180 g\/m\u00b2)<br \/>\n&#8211; Koko: 200 x 120 cm (P x L)<br \/>\n&#8211; Korkeus: 220\u2013300 cm<br \/>\n&#8211; Kampipituus: 120 cm<br \/>\n&#8211; Paino: 8,3 kg<\/p>\n<p>Toimitus sis\u00e4lt\u00e4\u00e4:<br \/>\n1 x kiinnitett\u00e4v\u00e4 markiisi kampi<br \/>\n1 x k\u00e4ytt\u00f6ohje<\/p>\n<p>Huomautukset:<br \/>\n&#8211; \u00c4l\u00e4 k\u00e4yt\u00e4 markiisia voimakkaassa tuulessa, sateessa tai lumisateessa. Sulje markiisi v\u00e4litt\u00f6m\u00e4sti, jos s\u00e4\u00e4 muuttuu, muuten se voi vaurioitua.<br \/>\n&#8211; Tarkista etuk\u00e4teen, ett\u00e4 koko sopii.<\/p>\n","protected":false},"excerpt":{"rendered":"<p>Kiinnitett\u00e4v\u00e4 markiisi, parvekemarkiisi, korkeuss\u00e4\u00e4dett\u00e4v\u00e4, k\u00e4sikammella, aurinkosuoja, parvekkeelle, terassille, puutarhaan, 400 x 120 cm, antrasiitti<\/p>\n","protected":false},"featured_media":40387,"comment_status":"open","ping_status":"closed","template":"","meta":[],"product_brand":[],"product_cat":[32],"product_tag":[],"class_list":{"0":"post-31203","1":"product","2":"type-product","3":"status-publish","4":"has-post-thumbnail","6":"product_cat-uncategorized-fi","8":"first","9":"instock","10":"shipping-taxable","11":"purchasable","12":"product-type-simple"},"_links":{"self":[{"href":"https:\/\/nordicmart.andreevmaster.com\/fi\/wp-json\/wp\/v2\/product\/31203","targetHints":{"allow":["GET"]}}],"collection":[{"href":"https:\/\/nordicmart.andreevmaster.com\/fi\/wp-json\/wp\/v2\/product"}],"about":[{"href":"https:\/\/nordicmart.andreevmaster.com\/fi\/wp-json\/wp\/v2\/types\/product"}],"replies":[{"embeddable":true,"href":"https:\/\/nordicmart.andreevmaster.com\/fi\/wp-json\/wp\/v2\/comments?post=31203"}],"wp:featuredmedia":[{"embeddable":true,"href":"https:\/\/nordicmart.andreevmaster.com\/fi\/wp-json\/wp\/v2\/media\/40387"}],"wp:attachment":[{"href":"https:\/\/nordicmart.andreevmaster.com\/fi\/wp-json\/wp\/v2\/media?parent=31203"}],"wp:term":[{"taxonomy":"product_brand","embeddable":true,"href":"https:\/\/nordicmart.andreevmaster.com\/fi\/wp-json\/wp\/v2\/product_brand?post=31203"},{"taxonomy":"product_cat","embeddable":true,"href":"https:\/\/nordicmart.andreevmaster.com\/fi\/wp-json\/wp\/v2\/product_cat?post=31203"},{"taxonomy":"product_tag","embeddable":true,"href":"https:\/\/nordicmart.andreevmaster.com\/fi\/wp-json\/wp\/v2\/product_tag?post=31203"}],"curies":[{"name":"wp","href":"https:\/\/api.w.org\/{rel}","templated":true}]}}