{"id":31195,"date":"2026-02-27T00:12:39","date_gmt":"2026-02-27T00:12:39","guid":{"rendered":"https:\/\/nordicmart.andreevmaster.com\/product\/songmics-pystysuora-markiisi-ulosvedettava-pystysuora-markiisi-terassille\/"},"modified":"2026-02-27T09:35:38","modified_gmt":"2026-02-27T09:35:38","slug":"songmics-pystysuora-markiisi-ulosvedettava-pystysuora-markiisi-terassille","status":"publish","type":"product","link":"https:\/\/nordicmart.andreevmaster.com\/fi\/tuote\/songmics-pystysuora-markiisi-ulosvedettava-pystysuora-markiisi-terassille\/","title":{"rendered":"SONGMICS pystysuora markiisi, ulosvedett\u00e4v\u00e4, pystysuora markiisi terassille"},"content":{"rendered":"<p>Pieni markiisi terassille ja parvekkeelleSein\u00e4\u00e4n tai kattoon asennettuna pystysuora markiisi on ihanteellinen parvekkeelle ja terassille. Se tarjoaa eritt\u00e4in hyv\u00e4n suojan auringolta ja tuulelta ja voidaan k\u00e4ytt\u00e4\u00e4 my\u00f6s n\u00e4k\u00f6suojana.Helppo ja joustava k\u00e4ytt\u00f6Pystysuora markiisi voidaan asentaa paitsi sein\u00e4\u00e4n ja kattoon, my\u00f6s sen pituutta voidaan s\u00e4\u00e4t\u00e4\u00e4 portaattomasti ja se voidaan lukita mihin tahansa kohtaan. T\u00e4m\u00e4n ansiosta markiisi voidaan suunnata auringon kulun mukaan ja tuottaa enemm\u00e4n tai v\u00e4hemm\u00e4n varjoa ja viilennyst\u00e4. Helppo asennus sein\u00e4lle ja kattoon Mukana toimitettavat monikieliset ohjeet tekev\u00e4t asennuksesta eritt\u00e4in helppoa. Kotelomarkiisi voidaan asentaa sek\u00e4 kattoon ett\u00e4 sein\u00e4lle, mink\u00e4 ansiosta se on joustava k\u00e4ytt\u00e4\u00e4 my\u00f6s ahtaissa tiloissa. Markiisi on ulosvedett\u00e4viss\u00e4 noin 2,40 metriin asti, mik\u00e4 tekee siit\u00e4 ihanteellisen my\u00f6s korkeammille parvekkeille ja terasseille. Vedenpit\u00e4v\u00e4 ja l\u00e4pin\u00e4kym\u00e4t\u00f6n Markiisin kangas on valmistettu 280 g\/m\u00b2 polyesterist\u00e4 ja siin\u00e4 on PU-pinnoite, joka tekee siit\u00e4 vedenpit\u00e4v\u00e4n. Markiisi on kuitenkin aina kuivattava hyvin, jotta v\u00e4ltyt\u00e4\u00e4n tahroilta ja homeelta. Tuotetiedot: &#8211; Materiaali: alumiini &#8211; Markiisin kangas: 280 g\/m\u00b2 polyesteri\u00e4, PU-pinnoitettu Toimitus sis\u00e4lt\u00e4\u00e4: &#8211; 1 x pystymarkiisi &#8211; 1 x ohjeet (DE, EN, FR, ES, IT)<\/p>\n","protected":false},"excerpt":{"rendered":"<p>Pystysuora markiisi, ulosvedett\u00e4v\u00e4, terassille ja parvekkeelle, markiisikotelolla, aurinkosuoja, n\u00e4k\u00f6suoja, beige<\/p>\n","protected":false},"featured_media":40379,"comment_status":"open","ping_status":"closed","template":"","meta":[],"product_brand":[],"product_cat":[32],"product_tag":[],"class_list":{"0":"post-31195","1":"product","2":"type-product","3":"status-publish","4":"has-post-thumbnail","6":"product_cat-uncategorized-fi","8":"first","9":"instock","10":"shipping-taxable","11":"purchasable","12":"product-type-simple"},"_links":{"self":[{"href":"https:\/\/nordicmart.andreevmaster.com\/fi\/wp-json\/wp\/v2\/product\/31195","targetHints":{"allow":["GET"]}}],"collection":[{"href":"https:\/\/nordicmart.andreevmaster.com\/fi\/wp-json\/wp\/v2\/product"}],"about":[{"href":"https:\/\/nordicmart.andreevmaster.com\/fi\/wp-json\/wp\/v2\/types\/product"}],"replies":[{"embeddable":true,"href":"https:\/\/nordicmart.andreevmaster.com\/fi\/wp-json\/wp\/v2\/comments?post=31195"}],"wp:featuredmedia":[{"embeddable":true,"href":"https:\/\/nordicmart.andreevmaster.com\/fi\/wp-json\/wp\/v2\/media\/40379"}],"wp:attachment":[{"href":"https:\/\/nordicmart.andreevmaster.com\/fi\/wp-json\/wp\/v2\/media?parent=31195"}],"wp:term":[{"taxonomy":"product_brand","embeddable":true,"href":"https:\/\/nordicmart.andreevmaster.com\/fi\/wp-json\/wp\/v2\/product_brand?post=31195"},{"taxonomy":"product_cat","embeddable":true,"href":"https:\/\/nordicmart.andreevmaster.com\/fi\/wp-json\/wp\/v2\/product_cat?post=31195"},{"taxonomy":"product_tag","embeddable":true,"href":"https:\/\/nordicmart.andreevmaster.com\/fi\/wp-json\/wp\/v2\/product_tag?post=31195"}],"curies":[{"name":"wp","href":"https:\/\/api.w.org\/{rel}","templated":true}]}}