{"id":31193,"date":"2026-02-27T00:12:39","date_gmt":"2026-02-27T00:12:39","guid":{"rendered":"https:\/\/nordicmart.andreevmaster.com\/product\/songmics-sivuteltta-teraskotelolla-ruostumaton-ulosvedettava\/"},"modified":"2026-02-27T09:35:38","modified_gmt":"2026-02-27T09:35:38","slug":"songmics-sivuteltta-teraskotelolla-ruostumaton-ulosvedettava","status":"publish","type":"product","link":"https:\/\/nordicmart.andreevmaster.com\/fi\/tuote\/songmics-sivuteltta-teraskotelolla-ruostumaton-ulosvedettava\/","title":{"rendered":"SONGMICS sivuteltta ter\u00e4skotelolla, ruostumaton, ulosvedett\u00e4v\u00e4"},"content":{"rendered":"<p>Sivuteltta ter\u00e4skotelolla, ruostumaton, ulosvedett\u00e4v\u00e4, n\u00e4k\u00f6suoja, aurinkosuoja, parvekkeelle, terassille, puutarhaan, vaaleanharmaa<br \/>\nTuotetiedot:<br \/>\n&#8211; V\u00e4ri: vaaleanharmaa<br \/>\n&#8211; Materiaali: jauhemaalattu ter\u00e4s, polyesteri (220 g\/m\u00b2), PU-pinnoite<br \/>\n&#8211; Mitat: 300,1 x 140,1 cm (L x K)<br \/>\n&#8211; Paino: 6,4 kg<\/p>\n<p>Toimitus sis\u00e4lt\u00e4\u00e4<br \/>\n&#8211; 1 x sivuteltta<br \/>\n&#8211; 1 x maakiinnike<br \/>\n&#8211; 1 x suojakansi<br \/>\n&#8211; 1 x lis\u00e4varustepaketti<br \/>\n&#8211; 1 x k\u00e4ytt\u00f6ohje<\/p>\n<p>Huomautukset:<br \/>\n&#8211; Sivuteltta on suunniteltu k\u00e4ytett\u00e4v\u00e4ksi vain aurinkoisina tai hieman tuulisina p\u00e4ivin\u00e4. Sulje teltta v\u00e4litt\u00f6m\u00e4sti voimakkaassa tuulessa tai myrskyss\u00e4 vahingoittumisen v\u00e4ltt\u00e4miseksi.<br \/>\n&#8211; Puhdista terassimarkiisi kostealla liinalla.<br \/>\n&#8211; Tarkista etuk\u00e4teen, ett\u00e4 koko sopii.<\/p>\n","protected":false},"excerpt":{"rendered":"<p>Sivuteltta ter\u00e4skotelolla, ruostumaton, ulosvedett\u00e4v\u00e4, n\u00e4k\u00f6suoja, aurinkosuoja, parvekkeelle, terassille, puutarhaan, vaaleanharmaa<\/p>\n","protected":false},"featured_media":40377,"comment_status":"open","ping_status":"closed","template":"","meta":[],"product_brand":[],"product_cat":[32],"product_tag":[],"class_list":{"0":"post-31193","1":"product","2":"type-product","3":"status-publish","4":"has-post-thumbnail","6":"product_cat-uncategorized-fi","8":"first","9":"instock","10":"shipping-taxable","11":"purchasable","12":"product-type-simple"},"_links":{"self":[{"href":"https:\/\/nordicmart.andreevmaster.com\/fi\/wp-json\/wp\/v2\/product\/31193","targetHints":{"allow":["GET"]}}],"collection":[{"href":"https:\/\/nordicmart.andreevmaster.com\/fi\/wp-json\/wp\/v2\/product"}],"about":[{"href":"https:\/\/nordicmart.andreevmaster.com\/fi\/wp-json\/wp\/v2\/types\/product"}],"replies":[{"embeddable":true,"href":"https:\/\/nordicmart.andreevmaster.com\/fi\/wp-json\/wp\/v2\/comments?post=31193"}],"wp:featuredmedia":[{"embeddable":true,"href":"https:\/\/nordicmart.andreevmaster.com\/fi\/wp-json\/wp\/v2\/media\/40377"}],"wp:attachment":[{"href":"https:\/\/nordicmart.andreevmaster.com\/fi\/wp-json\/wp\/v2\/media?parent=31193"}],"wp:term":[{"taxonomy":"product_brand","embeddable":true,"href":"https:\/\/nordicmart.andreevmaster.com\/fi\/wp-json\/wp\/v2\/product_brand?post=31193"},{"taxonomy":"product_cat","embeddable":true,"href":"https:\/\/nordicmart.andreevmaster.com\/fi\/wp-json\/wp\/v2\/product_cat?post=31193"},{"taxonomy":"product_tag","embeddable":true,"href":"https:\/\/nordicmart.andreevmaster.com\/fi\/wp-json\/wp\/v2\/product_tag?post=31193"}],"curies":[{"name":"wp","href":"https:\/\/api.w.org\/{rel}","templated":true}]}}