{"id":31190,"date":"2026-02-27T00:12:38","date_gmt":"2026-02-27T00:12:38","guid":{"rendered":"https:\/\/nordicmart.andreevmaster.com\/product\/songmics-jalustapylvas-markiisikotelolle-sopii-vain-songmics-alumiinisille-yksittaisille-sivumarkiiseille\/"},"modified":"2026-02-27T09:35:38","modified_gmt":"2026-02-27T09:35:38","slug":"songmics-jalustapylvas-markiisikotelolle-sopii-vain-songmics-alumiinisille-yksittaisille-sivumarkiiseille","status":"publish","type":"product","link":"https:\/\/nordicmart.andreevmaster.com\/fi\/tuote\/songmics-jalustapylvas-markiisikotelolle-sopii-vain-songmics-alumiinisille-yksittaisille-sivumarkiiseille\/","title":{"rendered":"SONGMICS-jalustapylv\u00e4s markiisikotelolle, sopii vain SONGMICS-alumiinisille yksitt\u00e4isille sivumarkiiseille"},"content":{"rendered":"<p>Sivuteltta olisi eritt\u00e4in k\u00e4tev\u00e4 puutarhassasi, mutta et l\u00f6yd\u00e4 sopivaa sein\u00e4\u00e4, johon aurinkosuoja voitaisiin asentaa? Ei h\u00e4t\u00e4\u00e4, t\u00e4m\u00e4 jalustapylv\u00e4s auttaa sinut pulasta. Yhdist\u00e4 se vain SONGMICS-sivuteltan telttakoteloon, ja sinulla on heti oma rentoutumisalue! Tuotetiedot: &#8211; V\u00e4ri: harmaa &#8211; Materiaali: jauhemaalattu rauta &#8211; Koko: 11,5 x 11,5 x 152 cm (P x L x K) &#8211; Paino: 3,9 kg Toimitus sis\u00e4lt\u00e4\u00e4: &#8211; 1 x pylv\u00e4s sivuteltalle &#8211; 1 x s\u00e4ilytysastia ruuveille<\/p>\n","protected":false},"excerpt":{"rendered":"<p>Telineen jalka markiisikotelolle, tukitanko, markiisin sein\u00e4kiinnityst\u00e4 ei tarvita, sopii vain SONGMICS-alumiinisille yksitt\u00e4isille sivumarkiiseille, harmaa<\/p>\n","protected":false},"featured_media":40374,"comment_status":"open","ping_status":"closed","template":"","meta":[],"product_brand":[],"product_cat":[32],"product_tag":[],"class_list":{"0":"post-31190","1":"product","2":"type-product","3":"status-publish","4":"has-post-thumbnail","6":"product_cat-uncategorized-fi","8":"first","9":"instock","10":"shipping-taxable","11":"purchasable","12":"product-type-simple"},"_links":{"self":[{"href":"https:\/\/nordicmart.andreevmaster.com\/fi\/wp-json\/wp\/v2\/product\/31190","targetHints":{"allow":["GET"]}}],"collection":[{"href":"https:\/\/nordicmart.andreevmaster.com\/fi\/wp-json\/wp\/v2\/product"}],"about":[{"href":"https:\/\/nordicmart.andreevmaster.com\/fi\/wp-json\/wp\/v2\/types\/product"}],"replies":[{"embeddable":true,"href":"https:\/\/nordicmart.andreevmaster.com\/fi\/wp-json\/wp\/v2\/comments?post=31190"}],"wp:featuredmedia":[{"embeddable":true,"href":"https:\/\/nordicmart.andreevmaster.com\/fi\/wp-json\/wp\/v2\/media\/40374"}],"wp:attachment":[{"href":"https:\/\/nordicmart.andreevmaster.com\/fi\/wp-json\/wp\/v2\/media?parent=31190"}],"wp:term":[{"taxonomy":"product_brand","embeddable":true,"href":"https:\/\/nordicmart.andreevmaster.com\/fi\/wp-json\/wp\/v2\/product_brand?post=31190"},{"taxonomy":"product_cat","embeddable":true,"href":"https:\/\/nordicmart.andreevmaster.com\/fi\/wp-json\/wp\/v2\/product_cat?post=31190"},{"taxonomy":"product_tag","embeddable":true,"href":"https:\/\/nordicmart.andreevmaster.com\/fi\/wp-json\/wp\/v2\/product_tag?post=31190"}],"curies":[{"name":"wp","href":"https:\/\/api.w.org\/{rel}","templated":true}]}}