{"id":31188,"date":"2026-02-27T00:12:38","date_gmt":"2026-02-27T00:12:38","guid":{"rendered":"https:\/\/nordicmart.andreevmaster.com\/product\/songmics-sivuteltta-18-m-korkea\/"},"modified":"2026-02-27T09:35:37","modified_gmt":"2026-02-27T09:35:37","slug":"songmics-sivuteltta-18-m-korkea","status":"publish","type":"product","link":"https:\/\/nordicmart.andreevmaster.com\/fi\/tuote\/songmics-sivuteltta-18-m-korkea\/","title":{"rendered":"SONGMICS sivuteltta 1,8 m korkea"},"content":{"rendered":"<p>T\u00e4m\u00e4 SONGMICS-sivumarkiisi on t\u00e4ydellinen kumppani, jos haluat suojautua auringon s\u00e4teilt\u00e4 ja naapureiden uteliailta katseilta. Monipuoliset k\u00e4ytt\u00f6mahdollisuudet Voit k\u00e4ytt\u00e4\u00e4 t\u00e4t\u00e4 monipuolista tuotetta sek\u00e4 sis\u00e4tiloissa, kuten avokonttoreissa, vastaanotoissa, pukuhuoneissa tai valokuvastudioissa, ett\u00e4 ulkotiloissa, kuten terassilla, puutarhassa, uima-altaan vieress\u00e4 tai leirint\u00e4alueella.Mukana toimitetaan kiinnike ja suojakansi Toimitukseen sis\u00e4ltyy kiinnike sivupylv\u00e4\u00e4n kiinnitt\u00e4mist\u00e4 varten. Turvallisuuden vuoksi peit\u00e4 kiinnike mukana toimitetulla suojakannella, kun et k\u00e4yt\u00e4 markiisia. T\u00e4ll\u00f6in kiinnike on l\u00e4hes n\u00e4kym\u00e4t\u00f6n.Premium-markiisikotelo metallistaJauhemaalattu metallinen markiisikotelo on ruoste- ja korroosionkest\u00e4v\u00e4. Kotelo suojaa markiisin kangasta my\u00f6s t\u00e4ysin UV-s\u00e4teilylt\u00e4, sateelta ja p\u00f6lylt\u00e4, mik\u00e4 pident\u00e4\u00e4 sen k\u00e4ytt\u00f6ik\u00e4\u00e4. Tuotetiedot: &#8211; V\u00e4ri: antrasiitti &#8211; Materiaali: jauhemaalattu metalli (markiisikotelo\/sivupylv\u00e4\u00e4t), rauta (kankaan rulla), 220 g\/m\u00b2 PVC-pinnoitettu polyesteri (markiisin kangas) &#8211; Koko: 180 x 450 cm (K x L) &#8211; Paino: 8,7 kg Toimitus sis\u00e4lt\u00e4\u00e4:- 1 x sivumarkiisi &#8211; 1 x lis\u00e4varustepaketti &#8211; 1 x ohjeet SONGMICS Huomautukset: &#8211; T\u00e4m\u00e4 tuote on suunniteltu k\u00e4ytett\u00e4v\u00e4ksi vain aurinkoisina tai hieman tuulisina p\u00e4ivin\u00e4. Sulje markiisi v\u00e4litt\u00f6m\u00e4sti voimakkaassa tuulessa tai myrskyss\u00e4 vahingoittumisen v\u00e4ltt\u00e4miseksi. &#8211; Puhdista t\u00e4m\u00e4 tuote vain vedell\u00e4, kostealla liinalla tai neutraalilla puhdistusaineella.<\/p>\n","protected":false},"excerpt":{"rendered":"<p>SONGMICS sivumarkiisi, 180 x 450 cm (K x L), n\u00e4k\u00f6suoja, aurinkosuoja, sivurulla, parvekkeelle, terassille, puutarhaan, savuharmaa GSA589G01<\/p>\n","protected":false},"featured_media":40372,"comment_status":"open","ping_status":"closed","template":"","meta":[],"product_brand":[],"product_cat":[32],"product_tag":[],"class_list":{"0":"post-31188","1":"product","2":"type-product","3":"status-publish","4":"has-post-thumbnail","6":"product_cat-uncategorized-fi","8":"first","9":"instock","10":"shipping-taxable","11":"purchasable","12":"product-type-simple"},"_links":{"self":[{"href":"https:\/\/nordicmart.andreevmaster.com\/fi\/wp-json\/wp\/v2\/product\/31188","targetHints":{"allow":["GET"]}}],"collection":[{"href":"https:\/\/nordicmart.andreevmaster.com\/fi\/wp-json\/wp\/v2\/product"}],"about":[{"href":"https:\/\/nordicmart.andreevmaster.com\/fi\/wp-json\/wp\/v2\/types\/product"}],"replies":[{"embeddable":true,"href":"https:\/\/nordicmart.andreevmaster.com\/fi\/wp-json\/wp\/v2\/comments?post=31188"}],"wp:featuredmedia":[{"embeddable":true,"href":"https:\/\/nordicmart.andreevmaster.com\/fi\/wp-json\/wp\/v2\/media\/40372"}],"wp:attachment":[{"href":"https:\/\/nordicmart.andreevmaster.com\/fi\/wp-json\/wp\/v2\/media?parent=31188"}],"wp:term":[{"taxonomy":"product_brand","embeddable":true,"href":"https:\/\/nordicmart.andreevmaster.com\/fi\/wp-json\/wp\/v2\/product_brand?post=31188"},{"taxonomy":"product_cat","embeddable":true,"href":"https:\/\/nordicmart.andreevmaster.com\/fi\/wp-json\/wp\/v2\/product_cat?post=31188"},{"taxonomy":"product_tag","embeddable":true,"href":"https:\/\/nordicmart.andreevmaster.com\/fi\/wp-json\/wp\/v2\/product_tag?post=31188"}],"curies":[{"name":"wp","href":"https:\/\/api.w.org\/{rel}","templated":true}]}}