{"id":31185,"date":"2026-02-27T00:12:37","date_gmt":"2026-02-27T00:12:37","guid":{"rendered":"https:\/\/nordicmart.andreevmaster.com\/product\/songmics-sivuteltta-ulosvedettava-160-x-350-cm-parvekkeelle\/"},"modified":"2026-02-27T09:35:37","modified_gmt":"2026-02-27T09:35:37","slug":"songmics-sivuteltta-ulosvedettava-160-x-350-cm-parvekkeelle","status":"publish","type":"product","link":"https:\/\/nordicmart.andreevmaster.com\/fi\/tuote\/songmics-sivuteltta-ulosvedettava-160-x-350-cm-parvekkeelle\/","title":{"rendered":"SONGMICS sivuteltta, ulosvedett\u00e4v\u00e4, 160 x 350 cm, parvekkeelle"},"content":{"rendered":"<p>SONGMICS sivuteltta, ulosvedett\u00e4v\u00e4, 160 x 350 cm, n\u00e4k\u00f6suoja, aurinkosuoja, l\u00e4pin\u00e4kym\u00e4t\u00f6n, sivurulla, parvekkeelle, terassille, puutarhaan, vaaleanharmaa GSA565G03<br \/>\nV\u00e4ri: vaaleanharmaa<br \/>\nMateriaali: jauhemaalattu ter\u00e4s, polyesteri (220 g\/m\u00b2), PU-pinnoite<br \/>\nMitat: 160 x 350 cm (K x P)<br \/>\nPaino: 9 kg<\/p>\n","protected":false},"excerpt":{"rendered":"<p>SONGMICS sivuteltta, ulosvedett\u00e4v\u00e4, 160 x 350 cm, n\u00e4k\u00f6suoja, aurinkosuoja, l\u00e4pin\u00e4kym\u00e4t\u00f6n, sivurulla, parvekkeelle, terassille, puutarhaan, vaaleanharmaa GSA565G03<\/p>\n","protected":false},"featured_media":40369,"comment_status":"open","ping_status":"closed","template":"","meta":[],"product_brand":[],"product_cat":[32],"product_tag":[],"class_list":{"0":"post-31185","1":"product","2":"type-product","3":"status-publish","4":"has-post-thumbnail","6":"product_cat-uncategorized-fi","8":"first","9":"instock","10":"shipping-taxable","11":"purchasable","12":"product-type-simple"},"_links":{"self":[{"href":"https:\/\/nordicmart.andreevmaster.com\/fi\/wp-json\/wp\/v2\/product\/31185","targetHints":{"allow":["GET"]}}],"collection":[{"href":"https:\/\/nordicmart.andreevmaster.com\/fi\/wp-json\/wp\/v2\/product"}],"about":[{"href":"https:\/\/nordicmart.andreevmaster.com\/fi\/wp-json\/wp\/v2\/types\/product"}],"replies":[{"embeddable":true,"href":"https:\/\/nordicmart.andreevmaster.com\/fi\/wp-json\/wp\/v2\/comments?post=31185"}],"wp:featuredmedia":[{"embeddable":true,"href":"https:\/\/nordicmart.andreevmaster.com\/fi\/wp-json\/wp\/v2\/media\/40369"}],"wp:attachment":[{"href":"https:\/\/nordicmart.andreevmaster.com\/fi\/wp-json\/wp\/v2\/media?parent=31185"}],"wp:term":[{"taxonomy":"product_brand","embeddable":true,"href":"https:\/\/nordicmart.andreevmaster.com\/fi\/wp-json\/wp\/v2\/product_brand?post=31185"},{"taxonomy":"product_cat","embeddable":true,"href":"https:\/\/nordicmart.andreevmaster.com\/fi\/wp-json\/wp\/v2\/product_cat?post=31185"},{"taxonomy":"product_tag","embeddable":true,"href":"https:\/\/nordicmart.andreevmaster.com\/fi\/wp-json\/wp\/v2\/product_tag?post=31185"}],"curies":[{"name":"wp","href":"https:\/\/api.w.org\/{rel}","templated":true}]}}