{"id":31182,"date":"2026-02-27T00:12:36","date_gmt":"2026-02-27T00:12:36","guid":{"rendered":"https:\/\/nordicmart.andreevmaster.com\/product\/songmics-lattiakiinnike-sivuteltan-pylvaille-sopii-sivuteltalle-jossa-on-teraspylvaat\/"},"modified":"2026-02-27T09:35:36","modified_gmt":"2026-02-27T09:35:36","slug":"songmics-lattiakiinnike-sivuteltan-pylvaille-sopii-sivuteltalle-jossa-on-teraspylvaat","status":"publish","type":"product","link":"https:\/\/nordicmart.andreevmaster.com\/fi\/tuote\/songmics-lattiakiinnike-sivuteltan-pylvaille-sopii-sivuteltalle-jossa-on-teraspylvaat\/","title":{"rendered":"SONGMICS lattiakiinnike sivuteltan pylv\u00e4ille, sopii sivuteltalle, jossa on ter\u00e4spylv\u00e4\u00e4t"},"content":{"rendered":"<p>V\u00e4ri: harmaa<br \/>\nMateriaali: jauhemaalattu metalli, muovi<br \/>\nPohjalevyn koko: 9,6 x 9,6 x 1,3 cm (S x L x K)<br \/>\nKannen koko: 11,5 x 11,5 x 1,5 cm (S x L x K)<br \/>\nKokonaispaino: 0,4 kg<\/p>\n","protected":false},"excerpt":{"rendered":"<p>V\u00e4ri: harmaa Materiaali: jauhemaalattu metalli, muovi Pohjalevyn koko: 9,6 x 9,6 x 1,3 cm (S x L x K) Kannen koko: 11,5 x 11,5 x 1,5 cm (S x L x K) Kokonaispaino: 0,4 kg<\/p>\n","protected":false},"featured_media":40366,"comment_status":"open","ping_status":"closed","template":"","meta":[],"product_brand":[],"product_cat":[32],"product_tag":[],"class_list":{"0":"post-31182","1":"product","2":"type-product","3":"status-publish","4":"has-post-thumbnail","6":"product_cat-uncategorized-fi","8":"first","9":"instock","10":"shipping-taxable","11":"purchasable","12":"product-type-simple"},"_links":{"self":[{"href":"https:\/\/nordicmart.andreevmaster.com\/fi\/wp-json\/wp\/v2\/product\/31182","targetHints":{"allow":["GET"]}}],"collection":[{"href":"https:\/\/nordicmart.andreevmaster.com\/fi\/wp-json\/wp\/v2\/product"}],"about":[{"href":"https:\/\/nordicmart.andreevmaster.com\/fi\/wp-json\/wp\/v2\/types\/product"}],"replies":[{"embeddable":true,"href":"https:\/\/nordicmart.andreevmaster.com\/fi\/wp-json\/wp\/v2\/comments?post=31182"}],"wp:featuredmedia":[{"embeddable":true,"href":"https:\/\/nordicmart.andreevmaster.com\/fi\/wp-json\/wp\/v2\/media\/40366"}],"wp:attachment":[{"href":"https:\/\/nordicmart.andreevmaster.com\/fi\/wp-json\/wp\/v2\/media?parent=31182"}],"wp:term":[{"taxonomy":"product_brand","embeddable":true,"href":"https:\/\/nordicmart.andreevmaster.com\/fi\/wp-json\/wp\/v2\/product_brand?post=31182"},{"taxonomy":"product_cat","embeddable":true,"href":"https:\/\/nordicmart.andreevmaster.com\/fi\/wp-json\/wp\/v2\/product_cat?post=31182"},{"taxonomy":"product_tag","embeddable":true,"href":"https:\/\/nordicmart.andreevmaster.com\/fi\/wp-json\/wp\/v2\/product_tag?post=31182"}],"curies":[{"name":"wp","href":"https:\/\/api.w.org\/{rel}","templated":true}]}}