{"id":31181,"date":"2026-02-27T00:12:36","date_gmt":"2026-02-27T00:12:36","guid":{"rendered":"https:\/\/nordicmart.andreevmaster.com\/product\/songmics-sivuteltta-ulosvedettava-200-x-400-cm-nakosuoja\/"},"modified":"2026-02-27T09:35:36","modified_gmt":"2026-02-27T09:35:36","slug":"songmics-sivuteltta-ulosvedettava-200-x-400-cm-nakosuoja","status":"publish","type":"product","link":"https:\/\/nordicmart.andreevmaster.com\/fi\/tuote\/songmics-sivuteltta-ulosvedettava-200-x-400-cm-nakosuoja\/","title":{"rendered":"SONGMICS sivuteltta, ulosvedett\u00e4v\u00e4, 200 x 400 cm, n\u00e4k\u00f6suoja"},"content":{"rendered":"<p>SONGMICS-maakiinnike sivuteltan pylv\u00e4ille, metallilevy muovikannella, ulosvedett\u00e4v\u00e4 kiinnitys, pohjalevy, sopii vain SONGMICS-sivutelttoihin, joissa on ter\u00e4spylv\u00e4s<br \/>\nV\u00e4ri: vaaleanharmaa<br \/>\nMateriaali: jauhemaalattu ter\u00e4s, polyesteri (220 g\/m\u00b2), PU-pinnoite<br \/>\nMitat: 200 x 400 cm (K x P)<br \/>\nPaino: 10,8 kg<\/p>\n","protected":false},"excerpt":{"rendered":"<p>SONGMICS-maakiinnike sivuteltan pylv\u00e4ille, metallilevy muovikannella, ulosvedett\u00e4v\u00e4 kiinnitys, pohjalevy, sopii vain SONGMICS-sivutelttoihin, joissa on ter\u00e4spylv\u00e4s<\/p>\n","protected":false},"featured_media":40365,"comment_status":"open","ping_status":"closed","template":"","meta":[],"product_brand":[],"product_cat":[32],"product_tag":[],"class_list":{"0":"post-31181","1":"product","2":"type-product","3":"status-publish","4":"has-post-thumbnail","6":"product_cat-uncategorized-fi","8":"first","9":"instock","10":"shipping-taxable","11":"purchasable","12":"product-type-simple"},"_links":{"self":[{"href":"https:\/\/nordicmart.andreevmaster.com\/fi\/wp-json\/wp\/v2\/product\/31181","targetHints":{"allow":["GET"]}}],"collection":[{"href":"https:\/\/nordicmart.andreevmaster.com\/fi\/wp-json\/wp\/v2\/product"}],"about":[{"href":"https:\/\/nordicmart.andreevmaster.com\/fi\/wp-json\/wp\/v2\/types\/product"}],"replies":[{"embeddable":true,"href":"https:\/\/nordicmart.andreevmaster.com\/fi\/wp-json\/wp\/v2\/comments?post=31181"}],"wp:featuredmedia":[{"embeddable":true,"href":"https:\/\/nordicmart.andreevmaster.com\/fi\/wp-json\/wp\/v2\/media\/40365"}],"wp:attachment":[{"href":"https:\/\/nordicmart.andreevmaster.com\/fi\/wp-json\/wp\/v2\/media?parent=31181"}],"wp:term":[{"taxonomy":"product_brand","embeddable":true,"href":"https:\/\/nordicmart.andreevmaster.com\/fi\/wp-json\/wp\/v2\/product_brand?post=31181"},{"taxonomy":"product_cat","embeddable":true,"href":"https:\/\/nordicmart.andreevmaster.com\/fi\/wp-json\/wp\/v2\/product_cat?post=31181"},{"taxonomy":"product_tag","embeddable":true,"href":"https:\/\/nordicmart.andreevmaster.com\/fi\/wp-json\/wp\/v2\/product_tag?post=31181"}],"curies":[{"name":"wp","href":"https:\/\/api.w.org\/{rel}","templated":true}]}}