{"id":31179,"date":"2026-02-27T00:12:36","date_gmt":"2026-02-27T00:12:36","guid":{"rendered":"https:\/\/nordicmart.andreevmaster.com\/product\/songmics-maakiinnike-sivutelttojen-tukipylvaille-sopii-vain-songmics-sivutelttoihin-joissa-on-teraksiset-tukipylvaat\/"},"modified":"2026-02-27T09:35:36","modified_gmt":"2026-02-27T09:35:36","slug":"songmics-maakiinnike-sivutelttojen-tukipylvaille-sopii-vain-songmics-sivutelttoihin-joissa-on-teraksiset-tukipylvaat","status":"publish","type":"product","link":"https:\/\/nordicmart.andreevmaster.com\/fi\/tuote\/songmics-maakiinnike-sivutelttojen-tukipylvaille-sopii-vain-songmics-sivutelttoihin-joissa-on-teraksiset-tukipylvaat\/","title":{"rendered":"SONGMICS maakiinnike sivutelttojen tukipylv\u00e4ille, sopii vain SONGMICS-sivutelttoihin, joissa on ter\u00e4ksiset tukipylv\u00e4\u00e4t"},"content":{"rendered":"<p>SONGMICS maakiinnike, maakiinnike sivutelttojen tukipylv\u00e4ille, maakiinnike, sopii sivutelttoihin, joissa on ter\u00e4spylv\u00e4\u00e4t, harmaa GSA501Y01<br \/>\nV\u00e4ri: harmaa<br \/>\nMateriaali: jauhemaalattu metalli<br \/>\nKoko: 9 x 9 x 46 cm (S x L x K)<br \/>\nPaino: 1,3 kg<\/p>\n","protected":false},"excerpt":{"rendered":"<p>SONGMICS maakiinnike, maakiinnike sivutelttojen tukipylv\u00e4ille, maakiinnike, sopii sivutelttoihin, joissa on ter\u00e4spylv\u00e4\u00e4t, harmaa GSA501Y01<\/p>\n","protected":false},"featured_media":40363,"comment_status":"open","ping_status":"closed","template":"","meta":[],"product_brand":[],"product_cat":[32],"product_tag":[],"class_list":{"0":"post-31179","1":"product","2":"type-product","3":"status-publish","4":"has-post-thumbnail","6":"product_cat-uncategorized-fi","8":"first","9":"instock","10":"shipping-taxable","11":"purchasable","12":"product-type-simple"},"_links":{"self":[{"href":"https:\/\/nordicmart.andreevmaster.com\/fi\/wp-json\/wp\/v2\/product\/31179","targetHints":{"allow":["GET"]}}],"collection":[{"href":"https:\/\/nordicmart.andreevmaster.com\/fi\/wp-json\/wp\/v2\/product"}],"about":[{"href":"https:\/\/nordicmart.andreevmaster.com\/fi\/wp-json\/wp\/v2\/types\/product"}],"replies":[{"embeddable":true,"href":"https:\/\/nordicmart.andreevmaster.com\/fi\/wp-json\/wp\/v2\/comments?post=31179"}],"wp:featuredmedia":[{"embeddable":true,"href":"https:\/\/nordicmart.andreevmaster.com\/fi\/wp-json\/wp\/v2\/media\/40363"}],"wp:attachment":[{"href":"https:\/\/nordicmart.andreevmaster.com\/fi\/wp-json\/wp\/v2\/media?parent=31179"}],"wp:term":[{"taxonomy":"product_brand","embeddable":true,"href":"https:\/\/nordicmart.andreevmaster.com\/fi\/wp-json\/wp\/v2\/product_brand?post=31179"},{"taxonomy":"product_cat","embeddable":true,"href":"https:\/\/nordicmart.andreevmaster.com\/fi\/wp-json\/wp\/v2\/product_cat?post=31179"},{"taxonomy":"product_tag","embeddable":true,"href":"https:\/\/nordicmart.andreevmaster.com\/fi\/wp-json\/wp\/v2\/product_tag?post=31179"}],"curies":[{"name":"wp","href":"https:\/\/api.w.org\/{rel}","templated":true}]}}