{"id":31175,"date":"2026-02-27T00:12:35","date_gmt":"2026-02-27T00:12:35","guid":{"rendered":"https:\/\/nordicmart.andreevmaster.com\/product\/songmics-kaksipuolinen-markiisi-6-m-beige\/"},"modified":"2026-02-27T09:35:35","modified_gmt":"2026-02-27T09:35:35","slug":"songmics-kaksipuolinen-markiisi-6-m-beige","status":"publish","type":"product","link":"https:\/\/nordicmart.andreevmaster.com\/fi\/tuote\/songmics-kaksipuolinen-markiisi-6-m-beige\/","title":{"rendered":"SONGMICS kaksipuolinen markiisi 6 m beige"},"content":{"rendered":"<p>Kaksipuolisen markiisin joustava k\u00e4ytt\u00f6 Asenna kaksipuolinen markiisi suoraksi tai kulmaan. N\u00e4in voit k\u00e4ytt\u00e4\u00e4 markiisia my\u00f6s tontin kulmissa tai uima-altaallasi ja luoda itsellesi yksityisyytt\u00e4. Ved\u00e4 markiisi ulos molemmilta puolilta, kumpikin puoli on 3 metri\u00e4 pitk\u00e4, tai k\u00e4yt\u00e4 tarvittaessa vain toista puolta varjostimena tai tuulensuojana. Kaksipuolisen sivumarkiisin voi asentaa my\u00f6s sis\u00e4tiloihin, kuten toimistoon, vastaanotolle, ateljeehen tai myyntitilaan.  Helppo k\u00e4sitell\u00e4 Sivurullakaihtimet ovat helppok\u00e4ytt\u00f6isi\u00e4 ja kiinnittyv\u00e4t turvallisesti ja tukevasti sivupylv\u00e4isiin yhdell\u00e4 liikkeell\u00e4. Automaattinen takaisinrullausominaisuus helpottaa sivurullakaihtimen sis\u00e4\u00e4nvet\u00e4mist\u00e4, kun sit\u00e4 ei k\u00e4ytet\u00e4. Markiisikotelossa sivumarkiisi on suojattu lialta ja p\u00f6lylt\u00e4. Kelaa markiisi vain kuivana, jotta v\u00e4lt\u00e4t homeen ja homeen muodostumisen.  Helppo asennus Kuvallisten ohjeiden ansiosta voit asentaa sivumarkiisin helposti ja nopeasti. Kaikki kiinnitystarvikkeet sis\u00e4ltyv\u00e4t toimitukseen, joten voit aloittaa asennuksen heti toimituksen j\u00e4lkeen. Tuotetiedot: &#8211; V\u00e4ri: beige, savuharmaa &#8211; Markiisikotelo: alumiini  &#8211; Markiisin kangas: polyesteri (280 g\/m\u00b2) + vedenpit\u00e4v\u00e4 PU-pinnoite Toimitus sis\u00e4lt\u00e4\u00e4: &#8211; 1 x kaksipuolinen markiisi &#8211; 1 x ohjeet (DE, EN, FR, IT, ES)  SONGMICS-ohjeet: &#8211; K\u00e4yt\u00e4 kaksipuolista markiisia vain, kun tuuli on heikko. Voimakkaassa tuulessa, rankkasateessa ja lumisateessa sulje markiisi v\u00e4litt\u00f6m\u00e4sti, jotta se ei vahingoitu.  <\/p>\n","protected":false},"excerpt":{"rendered":"<p>SONGMICS 180 x 600 cm (K x P), kaksipuolinen ulosvedett\u00e4v\u00e4 markiisi, n\u00e4k\u00f6suoja, aurinkosuoja, T\u00dcV S\u00dcD GS -sertifioitu, paksunnettu polyesteri 280 g\/m\u00b2, beige GSA360E<\/p>\n","protected":false},"featured_media":40359,"comment_status":"open","ping_status":"closed","template":"","meta":[],"product_brand":[],"product_cat":[32],"product_tag":[],"class_list":{"0":"post-31175","1":"product","2":"type-product","3":"status-publish","4":"has-post-thumbnail","6":"product_cat-uncategorized-fi","8":"first","9":"instock","10":"shipping-taxable","11":"purchasable","12":"product-type-simple"},"_links":{"self":[{"href":"https:\/\/nordicmart.andreevmaster.com\/fi\/wp-json\/wp\/v2\/product\/31175","targetHints":{"allow":["GET"]}}],"collection":[{"href":"https:\/\/nordicmart.andreevmaster.com\/fi\/wp-json\/wp\/v2\/product"}],"about":[{"href":"https:\/\/nordicmart.andreevmaster.com\/fi\/wp-json\/wp\/v2\/types\/product"}],"replies":[{"embeddable":true,"href":"https:\/\/nordicmart.andreevmaster.com\/fi\/wp-json\/wp\/v2\/comments?post=31175"}],"wp:featuredmedia":[{"embeddable":true,"href":"https:\/\/nordicmart.andreevmaster.com\/fi\/wp-json\/wp\/v2\/media\/40359"}],"wp:attachment":[{"href":"https:\/\/nordicmart.andreevmaster.com\/fi\/wp-json\/wp\/v2\/media?parent=31175"}],"wp:term":[{"taxonomy":"product_brand","embeddable":true,"href":"https:\/\/nordicmart.andreevmaster.com\/fi\/wp-json\/wp\/v2\/product_brand?post=31175"},{"taxonomy":"product_cat","embeddable":true,"href":"https:\/\/nordicmart.andreevmaster.com\/fi\/wp-json\/wp\/v2\/product_cat?post=31175"},{"taxonomy":"product_tag","embeddable":true,"href":"https:\/\/nordicmart.andreevmaster.com\/fi\/wp-json\/wp\/v2\/product_tag?post=31175"}],"curies":[{"name":"wp","href":"https:\/\/api.w.org\/{rel}","templated":true}]}}